{"id":388833,"date":"2025-07-03T09:02:16","date_gmt":"2025-07-03T07:02:16","guid":{"rendered":"https:\/\/woedonline.nl\/shop\/unkategorisiert\/strapback-wotto-grau\/"},"modified":"2025-12-08T16:05:20","modified_gmt":"2025-12-08T15:05:20","slug":"strapback-wotto-grau","status":"publish","type":"product","link":"https:\/\/woedonline.nl\/de\/shop\/alle-kappen\/strapback-de\/strapback-wotto-grau\/","title":{"rendered":"Snapback | WOTTO - Grau"},"content":{"rendered":"<p data-start=\"0\" data-end=\"92\"><strong data-start=\"0\" data-end=\"29\">Woed Snapback Cap - WOTTO<\/strong><br data-start=\"29\" data-end=\"32\" \/>Einzigartiges Design | Kunstvolle Details | Bequeme Passform<\/p>\n<p data-start=\"94\" data-end=\"501\">Entdecken Sie die <strong data-start=\"104\" data-end=\"131\">Woed Snapback Cap WOTTO<\/strong>, ein echter Blickfang in unserer Kollektion. Diese graue Snapback aus hochwertigem <strong data-start=\"226\" data-end=\"240\">Acrylgewebe<\/strong> kombiniert Stil mit Kreativit\u00e4t. Das <strong data-start=\"283\" data-end=\"325\">3D-gepr\u00e4gte Woed-Logo auf der Vorderseite<\/strong> ist im unverkennbaren Stil des amerikanischen K\u00fcnstlers <strong data-start=\"394\" data-end=\"419\">Wotto (Craig Watkins<\/strong> ) gestaltet, der f\u00fcr seine unverwechselbaren und verspielten Illustrationen voller Charakter und Geschichten bekannt ist.<\/p>\n<p data-start=\"503\" data-end=\"864\">Die <strong data-start=\"506\" data-end=\"583\">Oberseite der Klappe ist mit einer hellbraunen Schicht aus echtem Kork versehen<\/strong>, die f\u00fcr ein nat\u00fcrliches und einzigartiges Aussehen sorgt. Aber die eigentliche \u00dcberraschung befindet sich am unteren Rand: dort finden Sie ein exklusives <strong data-start=\"713\" data-end=\"730\">Wotto-Kunstwerk<\/strong>, das speziell f\u00fcr diese Kappe entworfen wurde. Eine subtile Anspielung auf seinen beliebten Doodle-Stil voller kreativer Figuren und versteckter Geschichten.<\/p>\n<p data-start=\"866\" data-end=\"1000\">Die M\u00fctze verf\u00fcgt \u00fcber einen <strong data-start=\"912\" data-end=\"951\">verstellbaren Stoffriemen<\/strong> auf der R\u00fcckseite, so dass sie perfekt f\u00fcr jede Kopfgr\u00f6\u00dfe passt.<\/p>\n<p data-start=\"1002\" data-end=\"1332\"><strong data-start=\"1002\" data-end=\"1017\">\u00dcber Wotto:<\/strong><br data-start=\"1017\" data-end=\"1020\" \/>Wotto - alias Craig Watkins - ist ein in Los Angeles ans\u00e4ssiger freiberuflicher Illustrator (urspr\u00fcnglich aus Gro\u00dfbritannien) mit einer beeindruckenden internationalen Karriere. Seine Arbeiten zeichnen sich durch fr\u00f6hliche Charaktere, detaillierte Linien und einen einzigartigen Stil aus, der weltweit auf Kleidung, Accessoires und Merchandise-Artikeln beliebt ist.<\/p>\n<p data-start=\"1334\" data-end=\"1377\"><strong data-start=\"1334\" data-end=\"1375\">Warum sollten Sie die Woed WOTTO Kappe w\u00e4hlen?<\/strong><\/p>\n<ul data-start=\"1378\" data-end=\"1684\">\n<li data-start=\"1378\" data-end=\"1435\">\n<p data-start=\"1380\" data-end=\"1435\">Originaldesign in Zusammenarbeit mit dem K\u00fcnstler Wotto<\/p>\n<\/li>\n<li data-start=\"1436\" data-end=\"1494\">\n<p data-start=\"1438\" data-end=\"1494\">Bequemer Sitz dank verstellbarem Stoffband<\/p>\n<\/li>\n<li data-start=\"1495\" data-end=\"1530\">\n<p data-start=\"1497\" data-end=\"1530\">Hergestellt aus strapazierf\u00e4higem Acrylgewebe<\/p>\n<\/li>\n<li data-start=\"1531\" data-end=\"1580\">\n<p data-start=\"1533\" data-end=\"1580\">Graue Farbe, die leicht zu kombinieren ist<\/p>\n<\/li>\n<li data-start=\"1581\" data-end=\"1623\">\n<p data-start=\"1583\" data-end=\"1623\">Einzigartiges unteres Cover mit exklusivem Artwork<\/p>\n<\/li>\n<li data-start=\"1624\" data-end=\"1684\">\n<p data-start=\"1626\" data-end=\"1684\">Hellbraune Korkklappe f\u00fcr ein nat\u00fcrliches Aussehen<\/p>\n<\/li>\n<\/ul>\n<p data-start=\"1686\" data-end=\"1921\"><strong data-start=\"1686\" data-end=\"1729\">Suchen Sie eine einzigartige Kappe mit einer Geschichte?<\/strong><br data-start=\"1729\" data-end=\"1732\" \/>De <strong data-start=\"1735\" data-end=\"1758\">Woed WOTTO Snapback<\/strong> ist perfekt f\u00fcr Liebhaber von Streetwear, Kunst und einzigartigen Kollaborationen. Kombinieren Sie Kreativit\u00e4t mit Komfort und lassen Sie Ihren Stil f\u00fcr sich sprechen mit dieser kunstvollen M\u00fctze.<\/p>\n","protected":false},"excerpt":{"rendered":"<p><i class=\"ri-checkbox-circle-fill\" data-text-color=\"primary\"><\/i>Erwachsene Gr\u00f6\u00dfe 56-62cm<\/p>\n<p><i class=\"ri-checkbox-circle-fill\" data-text-color=\"primary\"><\/i> Hergestellt aus echtem Kork<\/p>\n<p><i class=\"ri-checkbox-circle-fill\" data-text-color=\"primary\"><\/i> Hochwertige Materialien<\/p>\n","protected":false},"featured_media":388855,"comment_status":"open","ping_status":"closed","template":"","meta":[],"product_brand":[],"product_cat":[715,1099],"product_tag":[],"class_list":{"0":"post-388833","1":"product","2":"type-product","3":"status-publish","4":"has-post-thumbnail","6":"product_cat-alle-kappen","7":"product_cat-strapback-de","8":"product_shipping_class-paket","10":"first","11":"instock","12":"taxable","13":"shipping-taxable","14":"purchasable","15":"product-type-simple"},"yoast_head":"<!-- This site is optimized with the Yoast SEO plugin v27.3 - https:\/\/yoast.com\/product\/yoast-seo-wordpress\/ -->\n<title>Snapback | WOTTO - Grau - Woed<\/title>\n<meta name=\"description\" content=\"Entdecken Sie die Woed Snapback-M\u00fctze WOTTO, ein echter Blickfang in unserer Kollektion. Diese graue Snapback-M\u00fctze aus hochwertigem Acrylgewebe kombiniert Stil mit Kreativit\u00e4t.\" \/>\n<meta name=\"robots\" content=\"index, follow, max-snippet:-1, max-image-preview:large, max-video-preview:-1\" \/>\n<link rel=\"canonical\" href=\"https:\/\/woedonline.nl\/de\/shop\/alle-kappen\/strapback-de\/strapback-wotto-grau\/\" \/>\n<meta property=\"og:locale\" content=\"de_DE\" \/>\n<meta property=\"og:type\" content=\"article\" \/>\n<meta property=\"og:title\" content=\"Snapback | WOTTO - Grau - Woed\" \/>\n<meta property=\"og:description\" content=\"Entdecken Sie die Woed Snapback-M\u00fctze WOTTO, ein echter Blickfang in unserer Kollektion. Diese graue Snapback-M\u00fctze aus hochwertigem Acrylgewebe kombiniert Stil mit Kreativit\u00e4t.\" \/>\n<meta property=\"og:url\" content=\"https:\/\/woedonline.nl\/de\/shop\/alle-kappen\/strapback-de\/strapback-wotto-grau\/\" \/>\n<meta property=\"og:site_name\" content=\"Woed\" \/>\n<meta property=\"article:publisher\" content=\"https:\/\/www.facebook.com\/Woedshop\/\" \/>\n<meta property=\"article:modified_time\" content=\"2025-12-08T15:05:20+00:00\" \/>\n<meta property=\"og:image\" content=\"https:\/\/woedonline.nl\/wp-content\/uploads\/2025\/07\/Strapback-Wotto-Grey.jpg\" \/>\n\t<meta property=\"og:image:width\" content=\"600\" \/>\n\t<meta property=\"og:image:height\" content=\"600\" \/>\n\t<meta property=\"og:image:type\" content=\"image\/jpeg\" \/>\n<meta name=\"twitter:card\" content=\"summary_large_image\" \/>\n<meta name=\"twitter:label1\" content=\"Gesch\u00e4tzte Lesezeit\" \/>\n\t<meta name=\"twitter:data1\" content=\"2\u00a0Minuten\" \/>\n<script type=\"application\/ld+json\" class=\"yoast-schema-graph\">{\"@context\":\"https:\\\/\\\/schema.org\",\"@graph\":[{\"@type\":\"WebPage\",\"@id\":\"https:\\\/\\\/woedonline.nl\\\/de\\\/shop\\\/alle-kappen\\\/strapback-de\\\/strapback-wotto-grau\\\/\",\"url\":\"https:\\\/\\\/woedonline.nl\\\/de\\\/shop\\\/alle-kappen\\\/strapback-de\\\/strapback-wotto-grau\\\/\",\"name\":\"Snapback | WOTTO - Grau - Woed\",\"isPartOf\":{\"@id\":\"https:\\\/\\\/woedonline.nl\\\/de\\\/#website\"},\"primaryImageOfPage\":{\"@id\":\"https:\\\/\\\/woedonline.nl\\\/de\\\/shop\\\/alle-kappen\\\/strapback-de\\\/strapback-wotto-grau\\\/#primaryimage\"},\"image\":{\"@id\":\"https:\\\/\\\/woedonline.nl\\\/de\\\/shop\\\/alle-kappen\\\/strapback-de\\\/strapback-wotto-grau\\\/#primaryimage\"},\"thumbnailUrl\":\"https:\\\/\\\/woedonline.nl\\\/wp-content\\\/uploads\\\/2025\\\/07\\\/Strapback-Wotto-Grey.jpg\",\"datePublished\":\"2025-07-03T07:02:16+00:00\",\"dateModified\":\"2025-12-08T15:05:20+00:00\",\"description\":\"Entdecken Sie die Woed Snapback-M\u00fctze WOTTO, ein echter Blickfang in unserer Kollektion. Diese graue Snapback-M\u00fctze aus hochwertigem Acrylgewebe kombiniert Stil mit Kreativit\u00e4t.\",\"breadcrumb\":{\"@id\":\"https:\\\/\\\/woedonline.nl\\\/de\\\/shop\\\/alle-kappen\\\/strapback-de\\\/strapback-wotto-grau\\\/#breadcrumb\"},\"inLanguage\":\"de\",\"potentialAction\":[{\"@type\":\"ReadAction\",\"target\":[\"https:\\\/\\\/woedonline.nl\\\/de\\\/shop\\\/alle-kappen\\\/strapback-de\\\/strapback-wotto-grau\\\/\"]}]},{\"@type\":\"ImageObject\",\"inLanguage\":\"de\",\"@id\":\"https:\\\/\\\/woedonline.nl\\\/de\\\/shop\\\/alle-kappen\\\/strapback-de\\\/strapback-wotto-grau\\\/#primaryimage\",\"url\":\"https:\\\/\\\/woedonline.nl\\\/wp-content\\\/uploads\\\/2025\\\/07\\\/Strapback-Wotto-Grey.jpg\",\"contentUrl\":\"https:\\\/\\\/woedonline.nl\\\/wp-content\\\/uploads\\\/2025\\\/07\\\/Strapback-Wotto-Grey.jpg\",\"width\":600,\"height\":600,\"caption\":\"Umh\u00e4ngekappe Wotto Grau\"},{\"@type\":\"BreadcrumbList\",\"@id\":\"https:\\\/\\\/woedonline.nl\\\/de\\\/shop\\\/alle-kappen\\\/strapback-de\\\/strapback-wotto-grau\\\/#breadcrumb\",\"itemListElement\":[{\"@type\":\"ListItem\",\"position\":1,\"name\":\"Startseite\",\"item\":\"https:\\\/\\\/woedonline.nl\\\/de\\\/\"},{\"@type\":\"ListItem\",\"position\":2,\"name\":\"Shop\",\"item\":\"https:\\\/\\\/woedonline.nl\\\/de\\\/shop\\\/\"},{\"@type\":\"ListItem\",\"position\":3,\"name\":\"Snapback | WOTTO - Grau\"}]},{\"@type\":\"WebSite\",\"@id\":\"https:\\\/\\\/woedonline.nl\\\/de\\\/#website\",\"url\":\"https:\\\/\\\/woedonline.nl\\\/de\\\/\",\"name\":\"Woed\",\"description\":\"Geen boomknuffels, wel een houten feestje voor jou\",\"publisher\":{\"@id\":\"https:\\\/\\\/woedonline.nl\\\/de\\\/#organization\"},\"alternateName\":\"W\",\"potentialAction\":[{\"@type\":\"SearchAction\",\"target\":{\"@type\":\"EntryPoint\",\"urlTemplate\":\"https:\\\/\\\/woedonline.nl\\\/de\\\/?s={search_term_string}\"},\"query-input\":{\"@type\":\"PropertyValueSpecification\",\"valueRequired\":true,\"valueName\":\"search_term_string\"}}],\"inLanguage\":\"de\"},{\"@type\":\"Organization\",\"@id\":\"https:\\\/\\\/woedonline.nl\\\/de\\\/#organization\",\"name\":\"Woed\",\"alternateName\":\"W\",\"url\":\"https:\\\/\\\/woedonline.nl\\\/de\\\/\",\"logo\":{\"@type\":\"ImageObject\",\"inLanguage\":\"de\",\"@id\":\"https:\\\/\\\/woedonline.nl\\\/de\\\/#\\\/schema\\\/logo\\\/image\\\/\",\"url\":\"https:\\\/\\\/woedonline.nl\\\/wp-content\\\/uploads\\\/2016\\\/05\\\/Wood-logo-name-png.png\",\"contentUrl\":\"https:\\\/\\\/woedonline.nl\\\/wp-content\\\/uploads\\\/2016\\\/05\\\/Wood-logo-name-png.png\",\"width\":250,\"height\":89,\"caption\":\"Woed\"},\"image\":{\"@id\":\"https:\\\/\\\/woedonline.nl\\\/de\\\/#\\\/schema\\\/logo\\\/image\\\/\"},\"sameAs\":[\"https:\\\/\\\/www.facebook.com\\\/Woedshop\\\/\",\"https:\\\/\\\/www.instagram.com\\\/woed.eu\"]}]}<\/script>\n<!-- \/ Yoast SEO plugin. -->","yoast_head_json":{"title":"Snapback | WOTTO - Grau - Woed","description":"Entdecken Sie die Woed Snapback-M\u00fctze WOTTO, ein echter Blickfang in unserer Kollektion. Diese graue Snapback-M\u00fctze aus hochwertigem Acrylgewebe kombiniert Stil mit Kreativit\u00e4t.","robots":{"index":"index","follow":"follow","max-snippet":"max-snippet:-1","max-image-preview":"max-image-preview:large","max-video-preview":"max-video-preview:-1"},"canonical":"https:\/\/woedonline.nl\/de\/shop\/alle-kappen\/strapback-de\/strapback-wotto-grau\/","og_locale":"de_DE","og_type":"article","og_title":"Snapback | WOTTO - Grau - Woed","og_description":"Entdecken Sie die Woed Snapback-M\u00fctze WOTTO, ein echter Blickfang in unserer Kollektion. Diese graue Snapback-M\u00fctze aus hochwertigem Acrylgewebe kombiniert Stil mit Kreativit\u00e4t.","og_url":"https:\/\/woedonline.nl\/de\/shop\/alle-kappen\/strapback-de\/strapback-wotto-grau\/","og_site_name":"Woed","article_publisher":"https:\/\/www.facebook.com\/Woedshop\/","article_modified_time":"2025-12-08T15:05:20+00:00","og_image":[{"width":600,"height":600,"url":"https:\/\/woedonline.nl\/wp-content\/uploads\/2025\/07\/Strapback-Wotto-Grey.jpg","type":"image\/jpeg"}],"twitter_card":"summary_large_image","twitter_misc":{"Gesch\u00e4tzte Lesezeit":"2\u00a0Minuten"},"schema":{"@context":"https:\/\/schema.org","@graph":[{"@type":"WebPage","@id":"https:\/\/woedonline.nl\/de\/shop\/alle-kappen\/strapback-de\/strapback-wotto-grau\/","url":"https:\/\/woedonline.nl\/de\/shop\/alle-kappen\/strapback-de\/strapback-wotto-grau\/","name":"Snapback | WOTTO - Grau - Woed","isPartOf":{"@id":"https:\/\/woedonline.nl\/de\/#website"},"primaryImageOfPage":{"@id":"https:\/\/woedonline.nl\/de\/shop\/alle-kappen\/strapback-de\/strapback-wotto-grau\/#primaryimage"},"image":{"@id":"https:\/\/woedonline.nl\/de\/shop\/alle-kappen\/strapback-de\/strapback-wotto-grau\/#primaryimage"},"thumbnailUrl":"https:\/\/woedonline.nl\/wp-content\/uploads\/2025\/07\/Strapback-Wotto-Grey.jpg","datePublished":"2025-07-03T07:02:16+00:00","dateModified":"2025-12-08T15:05:20+00:00","description":"Entdecken Sie die Woed Snapback-M\u00fctze WOTTO, ein echter Blickfang in unserer Kollektion. Diese graue Snapback-M\u00fctze aus hochwertigem Acrylgewebe kombiniert Stil mit Kreativit\u00e4t.","breadcrumb":{"@id":"https:\/\/woedonline.nl\/de\/shop\/alle-kappen\/strapback-de\/strapback-wotto-grau\/#breadcrumb"},"inLanguage":"de","potentialAction":[{"@type":"ReadAction","target":["https:\/\/woedonline.nl\/de\/shop\/alle-kappen\/strapback-de\/strapback-wotto-grau\/"]}]},{"@type":"ImageObject","inLanguage":"de","@id":"https:\/\/woedonline.nl\/de\/shop\/alle-kappen\/strapback-de\/strapback-wotto-grau\/#primaryimage","url":"https:\/\/woedonline.nl\/wp-content\/uploads\/2025\/07\/Strapback-Wotto-Grey.jpg","contentUrl":"https:\/\/woedonline.nl\/wp-content\/uploads\/2025\/07\/Strapback-Wotto-Grey.jpg","width":600,"height":600,"caption":"Umh\u00e4ngekappe Wotto Grau"},{"@type":"BreadcrumbList","@id":"https:\/\/woedonline.nl\/de\/shop\/alle-kappen\/strapback-de\/strapback-wotto-grau\/#breadcrumb","itemListElement":[{"@type":"ListItem","position":1,"name":"Startseite","item":"https:\/\/woedonline.nl\/de\/"},{"@type":"ListItem","position":2,"name":"Shop","item":"https:\/\/woedonline.nl\/de\/shop\/"},{"@type":"ListItem","position":3,"name":"Snapback | WOTTO - Grau"}]},{"@type":"WebSite","@id":"https:\/\/woedonline.nl\/de\/#website","url":"https:\/\/woedonline.nl\/de\/","name":"Woed","description":"Geen boomknuffels, wel een houten feestje voor jou","publisher":{"@id":"https:\/\/woedonline.nl\/de\/#organization"},"alternateName":"W","potentialAction":[{"@type":"SearchAction","target":{"@type":"EntryPoint","urlTemplate":"https:\/\/woedonline.nl\/de\/?s={search_term_string}"},"query-input":{"@type":"PropertyValueSpecification","valueRequired":true,"valueName":"search_term_string"}}],"inLanguage":"de"},{"@type":"Organization","@id":"https:\/\/woedonline.nl\/de\/#organization","name":"Woed","alternateName":"W","url":"https:\/\/woedonline.nl\/de\/","logo":{"@type":"ImageObject","inLanguage":"de","@id":"https:\/\/woedonline.nl\/de\/#\/schema\/logo\/image\/","url":"https:\/\/woedonline.nl\/wp-content\/uploads\/2016\/05\/Wood-logo-name-png.png","contentUrl":"https:\/\/woedonline.nl\/wp-content\/uploads\/2016\/05\/Wood-logo-name-png.png","width":250,"height":89,"caption":"Woed"},"image":{"@id":"https:\/\/woedonline.nl\/de\/#\/schema\/logo\/image\/"},"sameAs":["https:\/\/www.facebook.com\/Woedshop\/","https:\/\/www.instagram.com\/woed.eu"]}]}},"_links":{"self":[{"href":"https:\/\/woedonline.nl\/de\/wp-json\/wp\/v2\/product\/388833","targetHints":{"allow":["GET"]}}],"collection":[{"href":"https:\/\/woedonline.nl\/de\/wp-json\/wp\/v2\/product"}],"about":[{"href":"https:\/\/woedonline.nl\/de\/wp-json\/wp\/v2\/types\/product"}],"replies":[{"embeddable":true,"href":"https:\/\/woedonline.nl\/de\/wp-json\/wp\/v2\/comments?post=388833"}],"wp:featuredmedia":[{"embeddable":true,"href":"https:\/\/woedonline.nl\/de\/wp-json\/wp\/v2\/media\/388855"}],"wp:attachment":[{"href":"https:\/\/woedonline.nl\/de\/wp-json\/wp\/v2\/media?parent=388833"}],"wp:term":[{"taxonomy":"product_brand","embeddable":true,"href":"https:\/\/woedonline.nl\/de\/wp-json\/wp\/v2\/product_brand?post=388833"},{"taxonomy":"product_cat","embeddable":true,"href":"https:\/\/woedonline.nl\/de\/wp-json\/wp\/v2\/product_cat?post=388833"},{"taxonomy":"product_tag","embeddable":true,"href":"https:\/\/woedonline.nl\/de\/wp-json\/wp\/v2\/product_tag?post=388833"}],"curies":[{"name":"wp","href":"https:\/\/api.w.org\/{rel}","templated":true}]}}