{"id":387598,"date":"2025-04-02T11:15:40","date_gmt":"2025-04-02T09:15:40","guid":{"rendered":"https:\/\/woedonline.nl\/shop\/unkategorisiert\/aviator-sonnenbrille-raven\/"},"modified":"2025-11-05T14:57:32","modified_gmt":"2025-11-05T13:57:32","slug":"aviator-sonnenbrille-raven","status":"publish","type":"product","link":"https:\/\/woedonline.nl\/de\/shop\/sonnenbrille-aus-holz\/flieger\/aviator-sonnenbrille-raven\/","title":{"rendered":"Aviator Sonnenbrille | Raven"},"content":{"rendered":"<p class=\"\" data-start=\"0\" data-end=\"346\">Die <strong data-start=\"3\" data-end=\"25\">Woed Aviator Raven<\/strong> ist eine coole und zeitlose Sonnenbrille im klassischen Aviator-Look. Der mattschwarze Kunststoffrahmen strahlt Stil und Klasse aus, w\u00e4hrend die schwarzen Holzbeine f\u00fcr einen einzigartigen, nat\u00fcrlichen Touch sorgen. Die dunklen Gl\u00e4ser mit <strong data-start=\"251\" data-end=\"272\">UV400-Schutz<\/strong> bieten optimalen Schutz vor sch\u00e4dlichen Strahlen und hellem Sonnenlicht.<\/p>\n<p class=\"\" data-start=\"348\" data-end=\"538\">Diese leichte Sonnenbrille ist bequem und perfekt f\u00fcr den Alltag. Ob Sie Auto fahren, wandern oder einen sonnigen Tag genie\u00dfen, die <strong data-start=\"488\" data-end=\"510\">Woed Aviator Raven<\/strong> vervollst\u00e4ndigt jeden Look. <\/p>\n<p class=\"\" data-start=\"540\" data-end=\"628\">Inklusive <strong data-start=\"550\" data-end=\"578\">Poliertuch und Aufbewahrungsbeutel<\/strong>, damit Ihre Brille immer sauber und gesch\u00fctzt bleibt.<\/p>\n","protected":false},"excerpt":{"rendered":"<p><i class=\"ri-checkbox-circle-fill\" data-text-color=\"primary\"><\/i>Leicht und bequem<\/p>\n<p><i class=\"ri-checkbox-circle-fill\" data-text-color=\"primary\"><\/i> Inklusive Aufbewahrungsbeutel und Reinigungstuch<\/p>\n<p><i class=\"ri-checkbox-circle-fill\" data-text-color=\"primary\"><\/i> Hochwertige Materialien<\/p>\n<p><i class=\"ri-checkbox-circle-fill\" data-text-color=\"primary\"><\/i> Ausgezeichneter Schutz durch UV-400-Gl\u00e4ser<\/p>\n","protected":false},"featured_media":387600,"comment_status":"open","ping_status":"closed","template":"","meta":[],"product_brand":[],"product_cat":[638,817],"product_tag":[],"class_list":{"0":"post-387598","1":"product","2":"type-product","3":"status-publish","4":"has-post-thumbnail","6":"product_cat-flieger","7":"product_cat-sonnenbrille-aus-holz","8":"product_shipping_class-armbander-uhr-sonnenbrille-de","10":"first","11":"instock","12":"taxable","13":"shipping-taxable","14":"purchasable","15":"product-type-simple"},"yoast_head":"<!-- This site is optimized with the Yoast SEO plugin v27.4 - https:\/\/yoast.com\/product\/yoast-seo-wordpress\/ -->\n<title>Aviator Sonnenbrille | Raven - Woed<\/title>\n<meta name=\"description\" content=\"Die Woed Aviator Raven ist eine coole und zeitlose Sonnenbrille im klassischen Aviator-Look.\" \/>\n<meta name=\"robots\" content=\"index, follow, max-snippet:-1, max-image-preview:large, max-video-preview:-1\" \/>\n<link rel=\"canonical\" href=\"https:\/\/woedonline.nl\/de\/shop\/sonnenbrille-aus-holz\/flieger\/aviator-sonnenbrille-raven\/\" \/>\n<meta property=\"og:locale\" content=\"de_DE\" \/>\n<meta property=\"og:type\" content=\"article\" \/>\n<meta property=\"og:title\" content=\"Aviator Sonnenbrille | Raven - Woed\" \/>\n<meta property=\"og:description\" content=\"Die Woed Aviator Raven ist eine coole und zeitlose Sonnenbrille im klassischen Aviator-Look.\" \/>\n<meta property=\"og:url\" content=\"https:\/\/woedonline.nl\/de\/shop\/sonnenbrille-aus-holz\/flieger\/aviator-sonnenbrille-raven\/\" \/>\n<meta property=\"og:site_name\" content=\"Woed\" \/>\n<meta property=\"article:publisher\" content=\"https:\/\/www.facebook.com\/Woedshop\/\" \/>\n<meta property=\"article:modified_time\" content=\"2025-11-05T13:57:32+00:00\" \/>\n<meta property=\"og:image\" content=\"https:\/\/woedonline.nl\/wp-content\/uploads\/2025\/04\/Woed-houten-zonnebril-Raven-1.jpg\" \/>\n\t<meta property=\"og:image:width\" content=\"600\" \/>\n\t<meta property=\"og:image:height\" content=\"600\" \/>\n\t<meta property=\"og:image:type\" content=\"image\/jpeg\" \/>\n<meta name=\"twitter:card\" content=\"summary_large_image\" \/>\n<script type=\"application\/ld+json\" class=\"yoast-schema-graph\">{\"@context\":\"https:\\\/\\\/schema.org\",\"@graph\":[{\"@type\":\"WebPage\",\"@id\":\"https:\\\/\\\/woedonline.nl\\\/de\\\/shop\\\/sonnenbrille-aus-holz\\\/flieger\\\/aviator-sonnenbrille-raven\\\/\",\"url\":\"https:\\\/\\\/woedonline.nl\\\/de\\\/shop\\\/sonnenbrille-aus-holz\\\/flieger\\\/aviator-sonnenbrille-raven\\\/\",\"name\":\"Aviator Sonnenbrille | Raven - Woed\",\"isPartOf\":{\"@id\":\"https:\\\/\\\/woedonline.nl\\\/de\\\/#website\"},\"primaryImageOfPage\":{\"@id\":\"https:\\\/\\\/woedonline.nl\\\/de\\\/shop\\\/sonnenbrille-aus-holz\\\/flieger\\\/aviator-sonnenbrille-raven\\\/#primaryimage\"},\"image\":{\"@id\":\"https:\\\/\\\/woedonline.nl\\\/de\\\/shop\\\/sonnenbrille-aus-holz\\\/flieger\\\/aviator-sonnenbrille-raven\\\/#primaryimage\"},\"thumbnailUrl\":\"https:\\\/\\\/woedonline.nl\\\/wp-content\\\/uploads\\\/2025\\\/04\\\/Woed-houten-zonnebril-Raven-1.jpg\",\"datePublished\":\"2025-04-02T09:15:40+00:00\",\"dateModified\":\"2025-11-05T13:57:32+00:00\",\"description\":\"Die Woed Aviator Raven ist eine coole und zeitlose Sonnenbrille im klassischen Aviator-Look.\",\"breadcrumb\":{\"@id\":\"https:\\\/\\\/woedonline.nl\\\/de\\\/shop\\\/sonnenbrille-aus-holz\\\/flieger\\\/aviator-sonnenbrille-raven\\\/#breadcrumb\"},\"inLanguage\":\"de\",\"potentialAction\":[{\"@type\":\"ReadAction\",\"target\":[\"https:\\\/\\\/woedonline.nl\\\/de\\\/shop\\\/sonnenbrille-aus-holz\\\/flieger\\\/aviator-sonnenbrille-raven\\\/\"]}]},{\"@type\":\"ImageObject\",\"inLanguage\":\"de\",\"@id\":\"https:\\\/\\\/woedonline.nl\\\/de\\\/shop\\\/sonnenbrille-aus-holz\\\/flieger\\\/aviator-sonnenbrille-raven\\\/#primaryimage\",\"url\":\"https:\\\/\\\/woedonline.nl\\\/wp-content\\\/uploads\\\/2025\\\/04\\\/Woed-houten-zonnebril-Raven-1.jpg\",\"contentUrl\":\"https:\\\/\\\/woedonline.nl\\\/wp-content\\\/uploads\\\/2025\\\/04\\\/Woed-houten-zonnebril-Raven-1.jpg\",\"width\":600,\"height\":600,\"caption\":\"Woed Holzsonnenbrille Raven\"},{\"@type\":\"BreadcrumbList\",\"@id\":\"https:\\\/\\\/woedonline.nl\\\/de\\\/shop\\\/sonnenbrille-aus-holz\\\/flieger\\\/aviator-sonnenbrille-raven\\\/#breadcrumb\",\"itemListElement\":[{\"@type\":\"ListItem\",\"position\":1,\"name\":\"Startseite\",\"item\":\"https:\\\/\\\/woedonline.nl\\\/de\\\/\"},{\"@type\":\"ListItem\",\"position\":2,\"name\":\"Shop\",\"item\":\"https:\\\/\\\/woedonline.nl\\\/de\\\/shop\\\/\"},{\"@type\":\"ListItem\",\"position\":3,\"name\":\"Aviator Sonnenbrille | Raven\"}]},{\"@type\":\"WebSite\",\"@id\":\"https:\\\/\\\/woedonline.nl\\\/de\\\/#website\",\"url\":\"https:\\\/\\\/woedonline.nl\\\/de\\\/\",\"name\":\"Woed\",\"description\":\"Geen boomknuffels, wel een houten feestje voor jou\",\"publisher\":{\"@id\":\"https:\\\/\\\/woedonline.nl\\\/de\\\/#organization\"},\"alternateName\":\"W\",\"potentialAction\":[{\"@type\":\"SearchAction\",\"target\":{\"@type\":\"EntryPoint\",\"urlTemplate\":\"https:\\\/\\\/woedonline.nl\\\/de\\\/?s={search_term_string}\"},\"query-input\":{\"@type\":\"PropertyValueSpecification\",\"valueRequired\":true,\"valueName\":\"search_term_string\"}}],\"inLanguage\":\"de\"},{\"@type\":\"Organization\",\"@id\":\"https:\\\/\\\/woedonline.nl\\\/de\\\/#organization\",\"name\":\"Woed\",\"alternateName\":\"W\",\"url\":\"https:\\\/\\\/woedonline.nl\\\/de\\\/\",\"logo\":{\"@type\":\"ImageObject\",\"inLanguage\":\"de\",\"@id\":\"https:\\\/\\\/woedonline.nl\\\/de\\\/#\\\/schema\\\/logo\\\/image\\\/\",\"url\":\"https:\\\/\\\/woedonline.nl\\\/wp-content\\\/uploads\\\/2016\\\/05\\\/Wood-logo-name-png.png\",\"contentUrl\":\"https:\\\/\\\/woedonline.nl\\\/wp-content\\\/uploads\\\/2016\\\/05\\\/Wood-logo-name-png.png\",\"width\":250,\"height\":89,\"caption\":\"Woed\"},\"image\":{\"@id\":\"https:\\\/\\\/woedonline.nl\\\/de\\\/#\\\/schema\\\/logo\\\/image\\\/\"},\"sameAs\":[\"https:\\\/\\\/www.facebook.com\\\/Woedshop\\\/\",\"https:\\\/\\\/www.instagram.com\\\/woed.eu\"]}]}<\/script>\n<!-- \/ Yoast SEO plugin. -->","yoast_head_json":{"title":"Aviator Sonnenbrille | Raven - Woed","description":"Die Woed Aviator Raven ist eine coole und zeitlose Sonnenbrille im klassischen Aviator-Look.","robots":{"index":"index","follow":"follow","max-snippet":"max-snippet:-1","max-image-preview":"max-image-preview:large","max-video-preview":"max-video-preview:-1"},"canonical":"https:\/\/woedonline.nl\/de\/shop\/sonnenbrille-aus-holz\/flieger\/aviator-sonnenbrille-raven\/","og_locale":"de_DE","og_type":"article","og_title":"Aviator Sonnenbrille | Raven - Woed","og_description":"Die Woed Aviator Raven ist eine coole und zeitlose Sonnenbrille im klassischen Aviator-Look.","og_url":"https:\/\/woedonline.nl\/de\/shop\/sonnenbrille-aus-holz\/flieger\/aviator-sonnenbrille-raven\/","og_site_name":"Woed","article_publisher":"https:\/\/www.facebook.com\/Woedshop\/","article_modified_time":"2025-11-05T13:57:32+00:00","og_image":[{"width":600,"height":600,"url":"https:\/\/woedonline.nl\/wp-content\/uploads\/2025\/04\/Woed-houten-zonnebril-Raven-1.jpg","type":"image\/jpeg"}],"twitter_card":"summary_large_image","schema":{"@context":"https:\/\/schema.org","@graph":[{"@type":"WebPage","@id":"https:\/\/woedonline.nl\/de\/shop\/sonnenbrille-aus-holz\/flieger\/aviator-sonnenbrille-raven\/","url":"https:\/\/woedonline.nl\/de\/shop\/sonnenbrille-aus-holz\/flieger\/aviator-sonnenbrille-raven\/","name":"Aviator Sonnenbrille | Raven - Woed","isPartOf":{"@id":"https:\/\/woedonline.nl\/de\/#website"},"primaryImageOfPage":{"@id":"https:\/\/woedonline.nl\/de\/shop\/sonnenbrille-aus-holz\/flieger\/aviator-sonnenbrille-raven\/#primaryimage"},"image":{"@id":"https:\/\/woedonline.nl\/de\/shop\/sonnenbrille-aus-holz\/flieger\/aviator-sonnenbrille-raven\/#primaryimage"},"thumbnailUrl":"https:\/\/woedonline.nl\/wp-content\/uploads\/2025\/04\/Woed-houten-zonnebril-Raven-1.jpg","datePublished":"2025-04-02T09:15:40+00:00","dateModified":"2025-11-05T13:57:32+00:00","description":"Die Woed Aviator Raven ist eine coole und zeitlose Sonnenbrille im klassischen Aviator-Look.","breadcrumb":{"@id":"https:\/\/woedonline.nl\/de\/shop\/sonnenbrille-aus-holz\/flieger\/aviator-sonnenbrille-raven\/#breadcrumb"},"inLanguage":"de","potentialAction":[{"@type":"ReadAction","target":["https:\/\/woedonline.nl\/de\/shop\/sonnenbrille-aus-holz\/flieger\/aviator-sonnenbrille-raven\/"]}]},{"@type":"ImageObject","inLanguage":"de","@id":"https:\/\/woedonline.nl\/de\/shop\/sonnenbrille-aus-holz\/flieger\/aviator-sonnenbrille-raven\/#primaryimage","url":"https:\/\/woedonline.nl\/wp-content\/uploads\/2025\/04\/Woed-houten-zonnebril-Raven-1.jpg","contentUrl":"https:\/\/woedonline.nl\/wp-content\/uploads\/2025\/04\/Woed-houten-zonnebril-Raven-1.jpg","width":600,"height":600,"caption":"Woed Holzsonnenbrille Raven"},{"@type":"BreadcrumbList","@id":"https:\/\/woedonline.nl\/de\/shop\/sonnenbrille-aus-holz\/flieger\/aviator-sonnenbrille-raven\/#breadcrumb","itemListElement":[{"@type":"ListItem","position":1,"name":"Startseite","item":"https:\/\/woedonline.nl\/de\/"},{"@type":"ListItem","position":2,"name":"Shop","item":"https:\/\/woedonline.nl\/de\/shop\/"},{"@type":"ListItem","position":3,"name":"Aviator Sonnenbrille | Raven"}]},{"@type":"WebSite","@id":"https:\/\/woedonline.nl\/de\/#website","url":"https:\/\/woedonline.nl\/de\/","name":"Woed","description":"Geen boomknuffels, wel een houten feestje voor jou","publisher":{"@id":"https:\/\/woedonline.nl\/de\/#organization"},"alternateName":"W","potentialAction":[{"@type":"SearchAction","target":{"@type":"EntryPoint","urlTemplate":"https:\/\/woedonline.nl\/de\/?s={search_term_string}"},"query-input":{"@type":"PropertyValueSpecification","valueRequired":true,"valueName":"search_term_string"}}],"inLanguage":"de"},{"@type":"Organization","@id":"https:\/\/woedonline.nl\/de\/#organization","name":"Woed","alternateName":"W","url":"https:\/\/woedonline.nl\/de\/","logo":{"@type":"ImageObject","inLanguage":"de","@id":"https:\/\/woedonline.nl\/de\/#\/schema\/logo\/image\/","url":"https:\/\/woedonline.nl\/wp-content\/uploads\/2016\/05\/Wood-logo-name-png.png","contentUrl":"https:\/\/woedonline.nl\/wp-content\/uploads\/2016\/05\/Wood-logo-name-png.png","width":250,"height":89,"caption":"Woed"},"image":{"@id":"https:\/\/woedonline.nl\/de\/#\/schema\/logo\/image\/"},"sameAs":["https:\/\/www.facebook.com\/Woedshop\/","https:\/\/www.instagram.com\/woed.eu"]}]}},"_links":{"self":[{"href":"https:\/\/woedonline.nl\/de\/wp-json\/wp\/v2\/product\/387598","targetHints":{"allow":["GET"]}}],"collection":[{"href":"https:\/\/woedonline.nl\/de\/wp-json\/wp\/v2\/product"}],"about":[{"href":"https:\/\/woedonline.nl\/de\/wp-json\/wp\/v2\/types\/product"}],"replies":[{"embeddable":true,"href":"https:\/\/woedonline.nl\/de\/wp-json\/wp\/v2\/comments?post=387598"}],"wp:featuredmedia":[{"embeddable":true,"href":"https:\/\/woedonline.nl\/de\/wp-json\/wp\/v2\/media\/387600"}],"wp:attachment":[{"href":"https:\/\/woedonline.nl\/de\/wp-json\/wp\/v2\/media?parent=387598"}],"wp:term":[{"taxonomy":"product_brand","embeddable":true,"href":"https:\/\/woedonline.nl\/de\/wp-json\/wp\/v2\/product_brand?post=387598"},{"taxonomy":"product_cat","embeddable":true,"href":"https:\/\/woedonline.nl\/de\/wp-json\/wp\/v2\/product_cat?post=387598"},{"taxonomy":"product_tag","embeddable":true,"href":"https:\/\/woedonline.nl\/de\/wp-json\/wp\/v2\/product_tag?post=387598"}],"curies":[{"name":"wp","href":"https:\/\/api.w.org\/{rel}","templated":true}]}}