{"id":387593,"date":"2025-04-02T11:07:40","date_gmt":"2025-04-02T09:07:40","guid":{"rendered":"https:\/\/woedonline.nl\/shop\/unkategorisiert\/wayfarer-sonnenbrille-moss\/"},"modified":"2025-11-05T15:02:15","modified_gmt":"2025-11-05T14:02:15","slug":"wayfarer-sonnenbrille-moss","status":"publish","type":"product","link":"https:\/\/woedonline.nl\/de\/shop\/sonnenbrille-aus-holz\/wayfarer-de\/wayfarer-sonnenbrille-moss\/","title":{"rendered":"Wayfarer Sonnenbrille | Moss"},"content":{"rendered":"<p class=\"\" data-start=\"38\" data-end=\"363\">Die <strong data-start=\"41\" data-end=\"54\">Woed Moss<\/strong> Sonnenbrille kombiniert Stil und Komfort in einem zeitlosen Wayfarer-Design. Der mattgr\u00fcne Kunststoffrahmen sorgt f\u00fcr ein frisches, modernes Aussehen, w\u00e4hrend die dunkelbraunen Holzbeine f\u00fcr einen nat\u00fcrlichen und einzigartigen Touch sorgen. Die gr\u00fcnen Gl\u00e4ser mit <strong data-start=\"298\" data-end=\"319\">UV400-Schutz<\/strong> bieten optimalen Sonnenschutz.<\/p>\n<p class=\"\" data-start=\"365\" data-end=\"608\">Diese Sonnenbrille ist leicht und bequem, ideal f\u00fcr den t\u00e4glichen Gebrauch. Im Lieferumfang sind ein <g id=\"gid_0\">Poliertuch und ein Aufbewahrungsbeutel<\/g> enthalten, so dass Sie sie immer sauber und sicher tragen k\u00f6nnen. Gehen Sie stilvoll und gesch\u00fctzt in die Sonne mit der <strong data-start=\"594\" data-end=\"607\">Woed Moss<\/strong>!  <\/p>\n","protected":false},"excerpt":{"rendered":"<p><i class=\"ri-checkbox-circle-fill\" data-text-color=\"primary\"><\/i>Leicht und bequem<\/p>\n<p><i class=\"ri-checkbox-circle-fill\" data-text-color=\"primary\"><\/i> Inklusive Aufbewahrungsbeutel und Reinigungstuch<\/p>\n<p><i class=\"ri-checkbox-circle-fill\" data-text-color=\"primary\"><\/i> Hochwertige Materialien<\/p>\n<p><i class=\"ri-checkbox-circle-fill\" data-text-color=\"primary\"><\/i> Ausgezeichneter Schutz durch UV-400-Gl\u00e4ser<\/p>\n","protected":false},"featured_media":387594,"comment_status":"open","ping_status":"closed","template":"","meta":[],"product_brand":[],"product_cat":[817,583],"product_tag":[],"class_list":{"0":"post-387593","1":"product","2":"type-product","3":"status-publish","4":"has-post-thumbnail","6":"product_cat-sonnenbrille-aus-holz","7":"product_cat-wayfarer-de","8":"product_shipping_class-armbander-uhr-sonnenbrille-de","10":"first","11":"instock","12":"taxable","13":"shipping-taxable","14":"purchasable","15":"product-type-simple"},"yoast_head":"<!-- This site is optimized with the Yoast SEO plugin v27.3 - https:\/\/yoast.com\/product\/yoast-seo-wordpress\/ -->\n<title>Wayfarer Sonnenbrille | Moss - Woed<\/title>\n<meta name=\"description\" content=\"Bei WOED glauben wir an die Kraft der Einfachheit: 100% nat\u00fcrliche Materialien, mit Liebe und Freude hergestellt, speziell f\u00fcr Sie. Keine aufwendigen &quot;\u00dcber uns&quot;-Geschichten, denn wir wissen, dass Sie einfach nur tolle Holzprodukte kaufen m\u00f6chten. Was Sie sehen, ist was Sie bekommen. Wir sind nicht eins mit der Natur, sondern mit beiden Beinen auf dem Boden. Keine Baumumarmer, nur eine tiefe Liebe zum Holz. Mit unseren Produkten sind Sie der Chef auf der Tanzfl\u00e4che, ob auf einem Festival oder einfach zu Hause. Bestellen Sie jetzt und erleben Sie die Freude am Holz mit WOED!\" \/>\n<meta name=\"robots\" content=\"index, follow, max-snippet:-1, max-image-preview:large, max-video-preview:-1\" \/>\n<link rel=\"canonical\" href=\"https:\/\/woedonline.nl\/de\/shop\/sonnenbrille-aus-holz\/wayfarer-de\/wayfarer-sonnenbrille-moss\/\" \/>\n<meta property=\"og:locale\" content=\"de_DE\" \/>\n<meta property=\"og:type\" content=\"article\" \/>\n<meta property=\"og:title\" content=\"Wayfarer Sonnenbrille | Moss - Woed\" \/>\n<meta property=\"og:description\" content=\"Bei WOED glauben wir an die Kraft der Einfachheit: 100% nat\u00fcrliche Materialien, mit Liebe und Freude hergestellt, speziell f\u00fcr Sie. Keine aufwendigen &quot;\u00dcber uns&quot;-Geschichten, denn wir wissen, dass Sie einfach nur tolle Holzprodukte kaufen m\u00f6chten. Was Sie sehen, ist was Sie bekommen. Wir sind nicht eins mit der Natur, sondern mit beiden Beinen auf dem Boden. Keine Baumumarmer, nur eine tiefe Liebe zum Holz. Mit unseren Produkten sind Sie der Chef auf der Tanzfl\u00e4che, ob auf einem Festival oder einfach zu Hause. Bestellen Sie jetzt und erleben Sie die Freude am Holz mit WOED!\" \/>\n<meta property=\"og:url\" content=\"https:\/\/woedonline.nl\/de\/shop\/sonnenbrille-aus-holz\/wayfarer-de\/wayfarer-sonnenbrille-moss\/\" \/>\n<meta property=\"og:site_name\" content=\"Woed\" \/>\n<meta property=\"article:publisher\" content=\"https:\/\/www.facebook.com\/Woedshop\/\" \/>\n<meta property=\"article:modified_time\" content=\"2025-11-05T14:02:15+00:00\" \/>\n<meta property=\"og:image\" content=\"https:\/\/woedonline.nl\/wp-content\/uploads\/2025\/04\/Woed-houten-zonnebril-Moss-1.jpg\" \/>\n\t<meta property=\"og:image:width\" content=\"600\" \/>\n\t<meta property=\"og:image:height\" content=\"600\" \/>\n\t<meta property=\"og:image:type\" content=\"image\/jpeg\" \/>\n<meta name=\"twitter:card\" content=\"summary_large_image\" \/>\n<script type=\"application\/ld+json\" class=\"yoast-schema-graph\">{\"@context\":\"https:\\\/\\\/schema.org\",\"@graph\":[{\"@type\":\"WebPage\",\"@id\":\"https:\\\/\\\/woedonline.nl\\\/de\\\/shop\\\/sonnenbrille-aus-holz\\\/wayfarer-de\\\/wayfarer-sonnenbrille-moss\\\/\",\"url\":\"https:\\\/\\\/woedonline.nl\\\/de\\\/shop\\\/sonnenbrille-aus-holz\\\/wayfarer-de\\\/wayfarer-sonnenbrille-moss\\\/\",\"name\":\"Wayfarer Sonnenbrille | Moss - Woed\",\"isPartOf\":{\"@id\":\"https:\\\/\\\/woedonline.nl\\\/de\\\/#website\"},\"primaryImageOfPage\":{\"@id\":\"https:\\\/\\\/woedonline.nl\\\/de\\\/shop\\\/sonnenbrille-aus-holz\\\/wayfarer-de\\\/wayfarer-sonnenbrille-moss\\\/#primaryimage\"},\"image\":{\"@id\":\"https:\\\/\\\/woedonline.nl\\\/de\\\/shop\\\/sonnenbrille-aus-holz\\\/wayfarer-de\\\/wayfarer-sonnenbrille-moss\\\/#primaryimage\"},\"thumbnailUrl\":\"https:\\\/\\\/woedonline.nl\\\/wp-content\\\/uploads\\\/2025\\\/04\\\/Woed-houten-zonnebril-Moss-1.jpg\",\"datePublished\":\"2025-04-02T09:07:40+00:00\",\"dateModified\":\"2025-11-05T14:02:15+00:00\",\"description\":\"Bei WOED glauben wir an die Kraft der Einfachheit: 100% nat\u00fcrliche Materialien, mit Liebe und Freude hergestellt, speziell f\u00fcr Sie. Keine aufwendigen \\\"\u00dcber uns\\\"-Geschichten, denn wir wissen, dass Sie einfach nur tolle Holzprodukte kaufen m\u00f6chten. Was Sie sehen, ist was Sie bekommen. Wir sind nicht eins mit der Natur, sondern mit beiden Beinen auf dem Boden. Keine Baumumarmer, nur eine tiefe Liebe zum Holz. Mit unseren Produkten sind Sie der Chef auf der Tanzfl\u00e4che, ob auf einem Festival oder einfach zu Hause. Bestellen Sie jetzt und erleben Sie die Freude am Holz mit WOED!\",\"breadcrumb\":{\"@id\":\"https:\\\/\\\/woedonline.nl\\\/de\\\/shop\\\/sonnenbrille-aus-holz\\\/wayfarer-de\\\/wayfarer-sonnenbrille-moss\\\/#breadcrumb\"},\"inLanguage\":\"de\",\"potentialAction\":[{\"@type\":\"ReadAction\",\"target\":[\"https:\\\/\\\/woedonline.nl\\\/de\\\/shop\\\/sonnenbrille-aus-holz\\\/wayfarer-de\\\/wayfarer-sonnenbrille-moss\\\/\"]}]},{\"@type\":\"ImageObject\",\"inLanguage\":\"de\",\"@id\":\"https:\\\/\\\/woedonline.nl\\\/de\\\/shop\\\/sonnenbrille-aus-holz\\\/wayfarer-de\\\/wayfarer-sonnenbrille-moss\\\/#primaryimage\",\"url\":\"https:\\\/\\\/woedonline.nl\\\/wp-content\\\/uploads\\\/2025\\\/04\\\/Woed-houten-zonnebril-Moss-1.jpg\",\"contentUrl\":\"https:\\\/\\\/woedonline.nl\\\/wp-content\\\/uploads\\\/2025\\\/04\\\/Woed-houten-zonnebril-Moss-1.jpg\",\"width\":600,\"height\":600,\"caption\":\"Woed Holzsonnenbrille Moss\"},{\"@type\":\"BreadcrumbList\",\"@id\":\"https:\\\/\\\/woedonline.nl\\\/de\\\/shop\\\/sonnenbrille-aus-holz\\\/wayfarer-de\\\/wayfarer-sonnenbrille-moss\\\/#breadcrumb\",\"itemListElement\":[{\"@type\":\"ListItem\",\"position\":1,\"name\":\"Startseite\",\"item\":\"https:\\\/\\\/woedonline.nl\\\/de\\\/\"},{\"@type\":\"ListItem\",\"position\":2,\"name\":\"Shop\",\"item\":\"https:\\\/\\\/woedonline.nl\\\/de\\\/shop\\\/\"},{\"@type\":\"ListItem\",\"position\":3,\"name\":\"Wayfarer Sonnenbrille | Moss\"}]},{\"@type\":\"WebSite\",\"@id\":\"https:\\\/\\\/woedonline.nl\\\/de\\\/#website\",\"url\":\"https:\\\/\\\/woedonline.nl\\\/de\\\/\",\"name\":\"Woed\",\"description\":\"Geen boomknuffels, wel een houten feestje voor jou\",\"publisher\":{\"@id\":\"https:\\\/\\\/woedonline.nl\\\/de\\\/#organization\"},\"alternateName\":\"W\",\"potentialAction\":[{\"@type\":\"SearchAction\",\"target\":{\"@type\":\"EntryPoint\",\"urlTemplate\":\"https:\\\/\\\/woedonline.nl\\\/de\\\/?s={search_term_string}\"},\"query-input\":{\"@type\":\"PropertyValueSpecification\",\"valueRequired\":true,\"valueName\":\"search_term_string\"}}],\"inLanguage\":\"de\"},{\"@type\":\"Organization\",\"@id\":\"https:\\\/\\\/woedonline.nl\\\/de\\\/#organization\",\"name\":\"Woed\",\"alternateName\":\"W\",\"url\":\"https:\\\/\\\/woedonline.nl\\\/de\\\/\",\"logo\":{\"@type\":\"ImageObject\",\"inLanguage\":\"de\",\"@id\":\"https:\\\/\\\/woedonline.nl\\\/de\\\/#\\\/schema\\\/logo\\\/image\\\/\",\"url\":\"https:\\\/\\\/woedonline.nl\\\/wp-content\\\/uploads\\\/2016\\\/05\\\/Wood-logo-name-png.png\",\"contentUrl\":\"https:\\\/\\\/woedonline.nl\\\/wp-content\\\/uploads\\\/2016\\\/05\\\/Wood-logo-name-png.png\",\"width\":250,\"height\":89,\"caption\":\"Woed\"},\"image\":{\"@id\":\"https:\\\/\\\/woedonline.nl\\\/de\\\/#\\\/schema\\\/logo\\\/image\\\/\"},\"sameAs\":[\"https:\\\/\\\/www.facebook.com\\\/Woedshop\\\/\",\"https:\\\/\\\/www.instagram.com\\\/woed.eu\"]}]}<\/script>\n<!-- \/ Yoast SEO plugin. -->","yoast_head_json":{"title":"Wayfarer Sonnenbrille | Moss - Woed","description":"Bei WOED glauben wir an die Kraft der Einfachheit: 100% nat\u00fcrliche Materialien, mit Liebe und Freude hergestellt, speziell f\u00fcr Sie. Keine aufwendigen \"\u00dcber uns\"-Geschichten, denn wir wissen, dass Sie einfach nur tolle Holzprodukte kaufen m\u00f6chten. Was Sie sehen, ist was Sie bekommen. Wir sind nicht eins mit der Natur, sondern mit beiden Beinen auf dem Boden. Keine Baumumarmer, nur eine tiefe Liebe zum Holz. Mit unseren Produkten sind Sie der Chef auf der Tanzfl\u00e4che, ob auf einem Festival oder einfach zu Hause. Bestellen Sie jetzt und erleben Sie die Freude am Holz mit WOED!","robots":{"index":"index","follow":"follow","max-snippet":"max-snippet:-1","max-image-preview":"max-image-preview:large","max-video-preview":"max-video-preview:-1"},"canonical":"https:\/\/woedonline.nl\/de\/shop\/sonnenbrille-aus-holz\/wayfarer-de\/wayfarer-sonnenbrille-moss\/","og_locale":"de_DE","og_type":"article","og_title":"Wayfarer Sonnenbrille | Moss - Woed","og_description":"Bei WOED glauben wir an die Kraft der Einfachheit: 100% nat\u00fcrliche Materialien, mit Liebe und Freude hergestellt, speziell f\u00fcr Sie. Keine aufwendigen \"\u00dcber uns\"-Geschichten, denn wir wissen, dass Sie einfach nur tolle Holzprodukte kaufen m\u00f6chten. Was Sie sehen, ist was Sie bekommen. Wir sind nicht eins mit der Natur, sondern mit beiden Beinen auf dem Boden. Keine Baumumarmer, nur eine tiefe Liebe zum Holz. Mit unseren Produkten sind Sie der Chef auf der Tanzfl\u00e4che, ob auf einem Festival oder einfach zu Hause. Bestellen Sie jetzt und erleben Sie die Freude am Holz mit WOED!","og_url":"https:\/\/woedonline.nl\/de\/shop\/sonnenbrille-aus-holz\/wayfarer-de\/wayfarer-sonnenbrille-moss\/","og_site_name":"Woed","article_publisher":"https:\/\/www.facebook.com\/Woedshop\/","article_modified_time":"2025-11-05T14:02:15+00:00","og_image":[{"width":600,"height":600,"url":"https:\/\/woedonline.nl\/wp-content\/uploads\/2025\/04\/Woed-houten-zonnebril-Moss-1.jpg","type":"image\/jpeg"}],"twitter_card":"summary_large_image","schema":{"@context":"https:\/\/schema.org","@graph":[{"@type":"WebPage","@id":"https:\/\/woedonline.nl\/de\/shop\/sonnenbrille-aus-holz\/wayfarer-de\/wayfarer-sonnenbrille-moss\/","url":"https:\/\/woedonline.nl\/de\/shop\/sonnenbrille-aus-holz\/wayfarer-de\/wayfarer-sonnenbrille-moss\/","name":"Wayfarer Sonnenbrille | Moss - Woed","isPartOf":{"@id":"https:\/\/woedonline.nl\/de\/#website"},"primaryImageOfPage":{"@id":"https:\/\/woedonline.nl\/de\/shop\/sonnenbrille-aus-holz\/wayfarer-de\/wayfarer-sonnenbrille-moss\/#primaryimage"},"image":{"@id":"https:\/\/woedonline.nl\/de\/shop\/sonnenbrille-aus-holz\/wayfarer-de\/wayfarer-sonnenbrille-moss\/#primaryimage"},"thumbnailUrl":"https:\/\/woedonline.nl\/wp-content\/uploads\/2025\/04\/Woed-houten-zonnebril-Moss-1.jpg","datePublished":"2025-04-02T09:07:40+00:00","dateModified":"2025-11-05T14:02:15+00:00","description":"Bei WOED glauben wir an die Kraft der Einfachheit: 100% nat\u00fcrliche Materialien, mit Liebe und Freude hergestellt, speziell f\u00fcr Sie. Keine aufwendigen \"\u00dcber uns\"-Geschichten, denn wir wissen, dass Sie einfach nur tolle Holzprodukte kaufen m\u00f6chten. Was Sie sehen, ist was Sie bekommen. Wir sind nicht eins mit der Natur, sondern mit beiden Beinen auf dem Boden. Keine Baumumarmer, nur eine tiefe Liebe zum Holz. Mit unseren Produkten sind Sie der Chef auf der Tanzfl\u00e4che, ob auf einem Festival oder einfach zu Hause. Bestellen Sie jetzt und erleben Sie die Freude am Holz mit WOED!","breadcrumb":{"@id":"https:\/\/woedonline.nl\/de\/shop\/sonnenbrille-aus-holz\/wayfarer-de\/wayfarer-sonnenbrille-moss\/#breadcrumb"},"inLanguage":"de","potentialAction":[{"@type":"ReadAction","target":["https:\/\/woedonline.nl\/de\/shop\/sonnenbrille-aus-holz\/wayfarer-de\/wayfarer-sonnenbrille-moss\/"]}]},{"@type":"ImageObject","inLanguage":"de","@id":"https:\/\/woedonline.nl\/de\/shop\/sonnenbrille-aus-holz\/wayfarer-de\/wayfarer-sonnenbrille-moss\/#primaryimage","url":"https:\/\/woedonline.nl\/wp-content\/uploads\/2025\/04\/Woed-houten-zonnebril-Moss-1.jpg","contentUrl":"https:\/\/woedonline.nl\/wp-content\/uploads\/2025\/04\/Woed-houten-zonnebril-Moss-1.jpg","width":600,"height":600,"caption":"Woed Holzsonnenbrille Moss"},{"@type":"BreadcrumbList","@id":"https:\/\/woedonline.nl\/de\/shop\/sonnenbrille-aus-holz\/wayfarer-de\/wayfarer-sonnenbrille-moss\/#breadcrumb","itemListElement":[{"@type":"ListItem","position":1,"name":"Startseite","item":"https:\/\/woedonline.nl\/de\/"},{"@type":"ListItem","position":2,"name":"Shop","item":"https:\/\/woedonline.nl\/de\/shop\/"},{"@type":"ListItem","position":3,"name":"Wayfarer Sonnenbrille | Moss"}]},{"@type":"WebSite","@id":"https:\/\/woedonline.nl\/de\/#website","url":"https:\/\/woedonline.nl\/de\/","name":"Woed","description":"Geen boomknuffels, wel een houten feestje voor jou","publisher":{"@id":"https:\/\/woedonline.nl\/de\/#organization"},"alternateName":"W","potentialAction":[{"@type":"SearchAction","target":{"@type":"EntryPoint","urlTemplate":"https:\/\/woedonline.nl\/de\/?s={search_term_string}"},"query-input":{"@type":"PropertyValueSpecification","valueRequired":true,"valueName":"search_term_string"}}],"inLanguage":"de"},{"@type":"Organization","@id":"https:\/\/woedonline.nl\/de\/#organization","name":"Woed","alternateName":"W","url":"https:\/\/woedonline.nl\/de\/","logo":{"@type":"ImageObject","inLanguage":"de","@id":"https:\/\/woedonline.nl\/de\/#\/schema\/logo\/image\/","url":"https:\/\/woedonline.nl\/wp-content\/uploads\/2016\/05\/Wood-logo-name-png.png","contentUrl":"https:\/\/woedonline.nl\/wp-content\/uploads\/2016\/05\/Wood-logo-name-png.png","width":250,"height":89,"caption":"Woed"},"image":{"@id":"https:\/\/woedonline.nl\/de\/#\/schema\/logo\/image\/"},"sameAs":["https:\/\/www.facebook.com\/Woedshop\/","https:\/\/www.instagram.com\/woed.eu"]}]}},"_links":{"self":[{"href":"https:\/\/woedonline.nl\/de\/wp-json\/wp\/v2\/product\/387593","targetHints":{"allow":["GET"]}}],"collection":[{"href":"https:\/\/woedonline.nl\/de\/wp-json\/wp\/v2\/product"}],"about":[{"href":"https:\/\/woedonline.nl\/de\/wp-json\/wp\/v2\/types\/product"}],"replies":[{"embeddable":true,"href":"https:\/\/woedonline.nl\/de\/wp-json\/wp\/v2\/comments?post=387593"}],"wp:featuredmedia":[{"embeddable":true,"href":"https:\/\/woedonline.nl\/de\/wp-json\/wp\/v2\/media\/387594"}],"wp:attachment":[{"href":"https:\/\/woedonline.nl\/de\/wp-json\/wp\/v2\/media?parent=387593"}],"wp:term":[{"taxonomy":"product_brand","embeddable":true,"href":"https:\/\/woedonline.nl\/de\/wp-json\/wp\/v2\/product_brand?post=387593"},{"taxonomy":"product_cat","embeddable":true,"href":"https:\/\/woedonline.nl\/de\/wp-json\/wp\/v2\/product_cat?post=387593"},{"taxonomy":"product_tag","embeddable":true,"href":"https:\/\/woedonline.nl\/de\/wp-json\/wp\/v2\/product_tag?post=387593"}],"curies":[{"name":"wp","href":"https:\/\/api.w.org\/{rel}","templated":true}]}}