{"id":387581,"date":"2025-04-02T11:03:11","date_gmt":"2025-04-02T09:03:11","guid":{"rendered":"https:\/\/woedonline.nl\/shop\/unkategorisiert\/sonnenbrille-wayfarer-stone-oak\/"},"modified":"2026-03-10T09:59:35","modified_gmt":"2026-03-10T08:59:35","slug":"sonnenbrille-wayfarer-stone-oak","status":"publish","type":"product","link":"https:\/\/woedonline.nl\/de\/shop\/sonnenbrille-aus-holz\/wayfarer-de\/sonnenbrille-wayfarer-stone-oak\/","title":{"rendered":"Sonnenbrille Wayfarer | Stone Oak"},"content":{"rendered":"<p class=\"\" data-start=\"43\" data-end=\"281\">Die <strong data-start=\"46\" data-end=\"59\">Stone Oak<\/strong> Sonnenbrille von Woed vereint Stil und Komfort in einem zeitlosen Design. Der matte hellgraue Kunststoffrahmen sorgt f\u00fcr einen modernen Look, w\u00e4hrend die dunkelbraunen Holzbeine f\u00fcr einen nat\u00fcrlichen und luxuri\u00f6sen Touch sorgen.<\/p>\n<p class=\"\" data-start=\"283\" data-end=\"530\">Die braunen Gl\u00e4ser mit <strong data-start=\"304\" data-end=\"325\">UV400-Schutz<\/strong> bieten optimalen Sonnenschutz, so dass Ihre Augen jederzeit gut gesch\u00fctzt sind. Dank der Kombination aus leichten Materialien sitzt die Sonnenbrille bequem und passt perfekt zu jedem Outfit.<\/p>\n<p class=\"\" data-start=\"532\" data-end=\"706\">Jede <strong data-start=\"537\" data-end=\"550\">Stone Oak<\/strong> Sonnenbrille wird mit einem <strong data-start=\"584\" data-end=\"616\">Reinigungstuch und einem Aufbewahrungsbeutel<\/strong> geliefert, damit Sie sie immer sicher und sauber aufbewahren k\u00f6nnen. Ein unverzichtbares Accessoire f\u00fcr sonnige Tage!<\/p>\n","protected":false},"excerpt":{"rendered":"<p><i class=\"ri-checkbox-circle-fill\" data-text-color=\"primary\"><\/i>Leicht und bequem<\/p>\n<p><i class=\"ri-checkbox-circle-fill\" data-text-color=\"primary\"><\/i> Inklusive Aufbewahrungsbeutel und Reinigungstuch<\/p>\n<p><i class=\"ri-checkbox-circle-fill\" data-text-color=\"primary\"><\/i> Hochwertige Materialien<\/p>\n<p><i class=\"ri-checkbox-circle-fill\" data-text-color=\"primary\"><\/i> Ausgezeichneter Schutz durch UV-400-Gl\u00e4ser<\/p>\n","protected":false},"featured_media":387582,"comment_status":"open","ping_status":"closed","template":"","meta":[],"product_brand":[],"product_cat":[817,583],"product_tag":[],"class_list":{"0":"post-387581","1":"product","2":"type-product","3":"status-publish","4":"has-post-thumbnail","6":"product_cat-sonnenbrille-aus-holz","7":"product_cat-wayfarer-de","8":"product_shipping_class-armbander-uhr-sonnenbrille-de","10":"first","11":"outofstock","12":"taxable","13":"shipping-taxable","14":"purchasable","15":"product-type-simple"},"yoast_head":"<!-- This site is optimized with the Yoast SEO plugin v27.3 - https:\/\/yoast.com\/product\/yoast-seo-wordpress\/ -->\n<title>Sonnenbrille Wayfarer | Stone Oak - Woed<\/title>\n<meta name=\"description\" content=\"Die Stone Oak Sonnenbrille von Woed kombiniert Stil und Komfort in einem zeitlosen Design. Der matte hellgraue Kunststoffrahmen verleiht ihr einen modernen Look, w\u00e4hrend die dunkelbraunen Holzbeine f\u00fcr einen nat\u00fcrlichen und luxuri\u00f6sen Touch sorgen.\" \/>\n<meta name=\"robots\" content=\"index, follow, max-snippet:-1, max-image-preview:large, max-video-preview:-1\" \/>\n<link rel=\"canonical\" href=\"https:\/\/woedonline.nl\/de\/shop\/sonnenbrille-aus-holz\/wayfarer-de\/sonnenbrille-wayfarer-stone-oak\/\" \/>\n<meta property=\"og:locale\" content=\"de_DE\" \/>\n<meta property=\"og:type\" content=\"article\" \/>\n<meta property=\"og:title\" content=\"Sonnenbrille Wayfarer | Stone Oak - Woed\" \/>\n<meta property=\"og:description\" content=\"Die Stone Oak Sonnenbrille von Woed kombiniert Stil und Komfort in einem zeitlosen Design. Der matte hellgraue Kunststoffrahmen verleiht ihr einen modernen Look, w\u00e4hrend die dunkelbraunen Holzbeine f\u00fcr einen nat\u00fcrlichen und luxuri\u00f6sen Touch sorgen.\" \/>\n<meta property=\"og:url\" content=\"https:\/\/woedonline.nl\/de\/shop\/sonnenbrille-aus-holz\/wayfarer-de\/sonnenbrille-wayfarer-stone-oak\/\" \/>\n<meta property=\"og:site_name\" content=\"Woed\" \/>\n<meta property=\"article:publisher\" content=\"https:\/\/www.facebook.com\/Woedshop\/\" \/>\n<meta property=\"article:modified_time\" content=\"2026-03-10T08:59:35+00:00\" \/>\n<meta property=\"og:image\" content=\"https:\/\/woedonline.nl\/wp-content\/uploads\/2025\/04\/Woed-houten-zonnebril-Stone-Oak-1.jpg\" \/>\n\t<meta property=\"og:image:width\" content=\"600\" \/>\n\t<meta property=\"og:image:height\" content=\"600\" \/>\n\t<meta property=\"og:image:type\" content=\"image\/jpeg\" \/>\n<meta name=\"twitter:card\" content=\"summary_large_image\" \/>\n<meta name=\"twitter:label1\" content=\"Gesch\u00e4tzte Lesezeit\" \/>\n\t<meta name=\"twitter:data1\" content=\"1\u00a0Minute\" \/>\n<script type=\"application\/ld+json\" class=\"yoast-schema-graph\">{\"@context\":\"https:\\\/\\\/schema.org\",\"@graph\":[{\"@type\":\"WebPage\",\"@id\":\"https:\\\/\\\/woedonline.nl\\\/de\\\/shop\\\/sonnenbrille-aus-holz\\\/wayfarer-de\\\/sonnenbrille-wayfarer-stone-oak\\\/\",\"url\":\"https:\\\/\\\/woedonline.nl\\\/de\\\/shop\\\/sonnenbrille-aus-holz\\\/wayfarer-de\\\/sonnenbrille-wayfarer-stone-oak\\\/\",\"name\":\"Sonnenbrille Wayfarer | Stone Oak - Woed\",\"isPartOf\":{\"@id\":\"https:\\\/\\\/woedonline.nl\\\/de\\\/#website\"},\"primaryImageOfPage\":{\"@id\":\"https:\\\/\\\/woedonline.nl\\\/de\\\/shop\\\/sonnenbrille-aus-holz\\\/wayfarer-de\\\/sonnenbrille-wayfarer-stone-oak\\\/#primaryimage\"},\"image\":{\"@id\":\"https:\\\/\\\/woedonline.nl\\\/de\\\/shop\\\/sonnenbrille-aus-holz\\\/wayfarer-de\\\/sonnenbrille-wayfarer-stone-oak\\\/#primaryimage\"},\"thumbnailUrl\":\"https:\\\/\\\/woedonline.nl\\\/wp-content\\\/uploads\\\/2025\\\/04\\\/Woed-houten-zonnebril-Stone-Oak-1.jpg\",\"datePublished\":\"2025-04-02T09:03:11+00:00\",\"dateModified\":\"2026-03-10T08:59:35+00:00\",\"description\":\"Die Stone Oak Sonnenbrille von Woed kombiniert Stil und Komfort in einem zeitlosen Design. Der matte hellgraue Kunststoffrahmen verleiht ihr einen modernen Look, w\u00e4hrend die dunkelbraunen Holzbeine f\u00fcr einen nat\u00fcrlichen und luxuri\u00f6sen Touch sorgen.\",\"breadcrumb\":{\"@id\":\"https:\\\/\\\/woedonline.nl\\\/de\\\/shop\\\/sonnenbrille-aus-holz\\\/wayfarer-de\\\/sonnenbrille-wayfarer-stone-oak\\\/#breadcrumb\"},\"inLanguage\":\"de\",\"potentialAction\":[{\"@type\":\"ReadAction\",\"target\":[\"https:\\\/\\\/woedonline.nl\\\/de\\\/shop\\\/sonnenbrille-aus-holz\\\/wayfarer-de\\\/sonnenbrille-wayfarer-stone-oak\\\/\"]}]},{\"@type\":\"ImageObject\",\"inLanguage\":\"de\",\"@id\":\"https:\\\/\\\/woedonline.nl\\\/de\\\/shop\\\/sonnenbrille-aus-holz\\\/wayfarer-de\\\/sonnenbrille-wayfarer-stone-oak\\\/#primaryimage\",\"url\":\"https:\\\/\\\/woedonline.nl\\\/wp-content\\\/uploads\\\/2025\\\/04\\\/Woed-houten-zonnebril-Stone-Oak-1.jpg\",\"contentUrl\":\"https:\\\/\\\/woedonline.nl\\\/wp-content\\\/uploads\\\/2025\\\/04\\\/Woed-houten-zonnebril-Stone-Oak-1.jpg\",\"width\":600,\"height\":600},{\"@type\":\"BreadcrumbList\",\"@id\":\"https:\\\/\\\/woedonline.nl\\\/de\\\/shop\\\/sonnenbrille-aus-holz\\\/wayfarer-de\\\/sonnenbrille-wayfarer-stone-oak\\\/#breadcrumb\",\"itemListElement\":[{\"@type\":\"ListItem\",\"position\":1,\"name\":\"Startseite\",\"item\":\"https:\\\/\\\/woedonline.nl\\\/de\\\/\"},{\"@type\":\"ListItem\",\"position\":2,\"name\":\"Shop\",\"item\":\"https:\\\/\\\/woedonline.nl\\\/de\\\/shop\\\/\"},{\"@type\":\"ListItem\",\"position\":3,\"name\":\"Sonnenbrille Wayfarer | Stone Oak\"}]},{\"@type\":\"WebSite\",\"@id\":\"https:\\\/\\\/woedonline.nl\\\/de\\\/#website\",\"url\":\"https:\\\/\\\/woedonline.nl\\\/de\\\/\",\"name\":\"Woed\",\"description\":\"Geen boomknuffels, wel een houten feestje voor jou\",\"publisher\":{\"@id\":\"https:\\\/\\\/woedonline.nl\\\/de\\\/#organization\"},\"alternateName\":\"W\",\"potentialAction\":[{\"@type\":\"SearchAction\",\"target\":{\"@type\":\"EntryPoint\",\"urlTemplate\":\"https:\\\/\\\/woedonline.nl\\\/de\\\/?s={search_term_string}\"},\"query-input\":{\"@type\":\"PropertyValueSpecification\",\"valueRequired\":true,\"valueName\":\"search_term_string\"}}],\"inLanguage\":\"de\"},{\"@type\":\"Organization\",\"@id\":\"https:\\\/\\\/woedonline.nl\\\/de\\\/#organization\",\"name\":\"Woed\",\"alternateName\":\"W\",\"url\":\"https:\\\/\\\/woedonline.nl\\\/de\\\/\",\"logo\":{\"@type\":\"ImageObject\",\"inLanguage\":\"de\",\"@id\":\"https:\\\/\\\/woedonline.nl\\\/de\\\/#\\\/schema\\\/logo\\\/image\\\/\",\"url\":\"https:\\\/\\\/woedonline.nl\\\/wp-content\\\/uploads\\\/2016\\\/05\\\/Wood-logo-name-png.png\",\"contentUrl\":\"https:\\\/\\\/woedonline.nl\\\/wp-content\\\/uploads\\\/2016\\\/05\\\/Wood-logo-name-png.png\",\"width\":250,\"height\":89,\"caption\":\"Woed\"},\"image\":{\"@id\":\"https:\\\/\\\/woedonline.nl\\\/de\\\/#\\\/schema\\\/logo\\\/image\\\/\"},\"sameAs\":[\"https:\\\/\\\/www.facebook.com\\\/Woedshop\\\/\",\"https:\\\/\\\/www.instagram.com\\\/woed.eu\"]}]}<\/script>\n<!-- \/ Yoast SEO plugin. -->","yoast_head_json":{"title":"Sonnenbrille Wayfarer | Stone Oak - Woed","description":"Die Stone Oak Sonnenbrille von Woed kombiniert Stil und Komfort in einem zeitlosen Design. Der matte hellgraue Kunststoffrahmen verleiht ihr einen modernen Look, w\u00e4hrend die dunkelbraunen Holzbeine f\u00fcr einen nat\u00fcrlichen und luxuri\u00f6sen Touch sorgen.","robots":{"index":"index","follow":"follow","max-snippet":"max-snippet:-1","max-image-preview":"max-image-preview:large","max-video-preview":"max-video-preview:-1"},"canonical":"https:\/\/woedonline.nl\/de\/shop\/sonnenbrille-aus-holz\/wayfarer-de\/sonnenbrille-wayfarer-stone-oak\/","og_locale":"de_DE","og_type":"article","og_title":"Sonnenbrille Wayfarer | Stone Oak - Woed","og_description":"Die Stone Oak Sonnenbrille von Woed kombiniert Stil und Komfort in einem zeitlosen Design. Der matte hellgraue Kunststoffrahmen verleiht ihr einen modernen Look, w\u00e4hrend die dunkelbraunen Holzbeine f\u00fcr einen nat\u00fcrlichen und luxuri\u00f6sen Touch sorgen.","og_url":"https:\/\/woedonline.nl\/de\/shop\/sonnenbrille-aus-holz\/wayfarer-de\/sonnenbrille-wayfarer-stone-oak\/","og_site_name":"Woed","article_publisher":"https:\/\/www.facebook.com\/Woedshop\/","article_modified_time":"2026-03-10T08:59:35+00:00","og_image":[{"width":600,"height":600,"url":"https:\/\/woedonline.nl\/wp-content\/uploads\/2025\/04\/Woed-houten-zonnebril-Stone-Oak-1.jpg","type":"image\/jpeg"}],"twitter_card":"summary_large_image","twitter_misc":{"Gesch\u00e4tzte Lesezeit":"1\u00a0Minute"},"schema":{"@context":"https:\/\/schema.org","@graph":[{"@type":"WebPage","@id":"https:\/\/woedonline.nl\/de\/shop\/sonnenbrille-aus-holz\/wayfarer-de\/sonnenbrille-wayfarer-stone-oak\/","url":"https:\/\/woedonline.nl\/de\/shop\/sonnenbrille-aus-holz\/wayfarer-de\/sonnenbrille-wayfarer-stone-oak\/","name":"Sonnenbrille Wayfarer | Stone Oak - Woed","isPartOf":{"@id":"https:\/\/woedonline.nl\/de\/#website"},"primaryImageOfPage":{"@id":"https:\/\/woedonline.nl\/de\/shop\/sonnenbrille-aus-holz\/wayfarer-de\/sonnenbrille-wayfarer-stone-oak\/#primaryimage"},"image":{"@id":"https:\/\/woedonline.nl\/de\/shop\/sonnenbrille-aus-holz\/wayfarer-de\/sonnenbrille-wayfarer-stone-oak\/#primaryimage"},"thumbnailUrl":"https:\/\/woedonline.nl\/wp-content\/uploads\/2025\/04\/Woed-houten-zonnebril-Stone-Oak-1.jpg","datePublished":"2025-04-02T09:03:11+00:00","dateModified":"2026-03-10T08:59:35+00:00","description":"Die Stone Oak Sonnenbrille von Woed kombiniert Stil und Komfort in einem zeitlosen Design. Der matte hellgraue Kunststoffrahmen verleiht ihr einen modernen Look, w\u00e4hrend die dunkelbraunen Holzbeine f\u00fcr einen nat\u00fcrlichen und luxuri\u00f6sen Touch sorgen.","breadcrumb":{"@id":"https:\/\/woedonline.nl\/de\/shop\/sonnenbrille-aus-holz\/wayfarer-de\/sonnenbrille-wayfarer-stone-oak\/#breadcrumb"},"inLanguage":"de","potentialAction":[{"@type":"ReadAction","target":["https:\/\/woedonline.nl\/de\/shop\/sonnenbrille-aus-holz\/wayfarer-de\/sonnenbrille-wayfarer-stone-oak\/"]}]},{"@type":"ImageObject","inLanguage":"de","@id":"https:\/\/woedonline.nl\/de\/shop\/sonnenbrille-aus-holz\/wayfarer-de\/sonnenbrille-wayfarer-stone-oak\/#primaryimage","url":"https:\/\/woedonline.nl\/wp-content\/uploads\/2025\/04\/Woed-houten-zonnebril-Stone-Oak-1.jpg","contentUrl":"https:\/\/woedonline.nl\/wp-content\/uploads\/2025\/04\/Woed-houten-zonnebril-Stone-Oak-1.jpg","width":600,"height":600},{"@type":"BreadcrumbList","@id":"https:\/\/woedonline.nl\/de\/shop\/sonnenbrille-aus-holz\/wayfarer-de\/sonnenbrille-wayfarer-stone-oak\/#breadcrumb","itemListElement":[{"@type":"ListItem","position":1,"name":"Startseite","item":"https:\/\/woedonline.nl\/de\/"},{"@type":"ListItem","position":2,"name":"Shop","item":"https:\/\/woedonline.nl\/de\/shop\/"},{"@type":"ListItem","position":3,"name":"Sonnenbrille Wayfarer | Stone Oak"}]},{"@type":"WebSite","@id":"https:\/\/woedonline.nl\/de\/#website","url":"https:\/\/woedonline.nl\/de\/","name":"Woed","description":"Geen boomknuffels, wel een houten feestje voor jou","publisher":{"@id":"https:\/\/woedonline.nl\/de\/#organization"},"alternateName":"W","potentialAction":[{"@type":"SearchAction","target":{"@type":"EntryPoint","urlTemplate":"https:\/\/woedonline.nl\/de\/?s={search_term_string}"},"query-input":{"@type":"PropertyValueSpecification","valueRequired":true,"valueName":"search_term_string"}}],"inLanguage":"de"},{"@type":"Organization","@id":"https:\/\/woedonline.nl\/de\/#organization","name":"Woed","alternateName":"W","url":"https:\/\/woedonline.nl\/de\/","logo":{"@type":"ImageObject","inLanguage":"de","@id":"https:\/\/woedonline.nl\/de\/#\/schema\/logo\/image\/","url":"https:\/\/woedonline.nl\/wp-content\/uploads\/2016\/05\/Wood-logo-name-png.png","contentUrl":"https:\/\/woedonline.nl\/wp-content\/uploads\/2016\/05\/Wood-logo-name-png.png","width":250,"height":89,"caption":"Woed"},"image":{"@id":"https:\/\/woedonline.nl\/de\/#\/schema\/logo\/image\/"},"sameAs":["https:\/\/www.facebook.com\/Woedshop\/","https:\/\/www.instagram.com\/woed.eu"]}]}},"_links":{"self":[{"href":"https:\/\/woedonline.nl\/de\/wp-json\/wp\/v2\/product\/387581","targetHints":{"allow":["GET"]}}],"collection":[{"href":"https:\/\/woedonline.nl\/de\/wp-json\/wp\/v2\/product"}],"about":[{"href":"https:\/\/woedonline.nl\/de\/wp-json\/wp\/v2\/types\/product"}],"replies":[{"embeddable":true,"href":"https:\/\/woedonline.nl\/de\/wp-json\/wp\/v2\/comments?post=387581"}],"wp:featuredmedia":[{"embeddable":true,"href":"https:\/\/woedonline.nl\/de\/wp-json\/wp\/v2\/media\/387582"}],"wp:attachment":[{"href":"https:\/\/woedonline.nl\/de\/wp-json\/wp\/v2\/media?parent=387581"}],"wp:term":[{"taxonomy":"product_brand","embeddable":true,"href":"https:\/\/woedonline.nl\/de\/wp-json\/wp\/v2\/product_brand?post=387581"},{"taxonomy":"product_cat","embeddable":true,"href":"https:\/\/woedonline.nl\/de\/wp-json\/wp\/v2\/product_cat?post=387581"},{"taxonomy":"product_tag","embeddable":true,"href":"https:\/\/woedonline.nl\/de\/wp-json\/wp\/v2\/product_tag?post=387581"}],"curies":[{"name":"wp","href":"https:\/\/api.w.org\/{rel}","templated":true}]}}