{"id":387144,"date":"2025-03-19T09:20:29","date_gmt":"2025-03-19T08:20:29","guid":{"rendered":"https:\/\/woedonline.nl\/shop\/unkategorisiert\/umhaengegurt-yuio\/"},"modified":"2026-03-31T14:40:39","modified_gmt":"2026-03-31T12:40:39","slug":"umhaengegurt-yuio","status":"publish","type":"product","link":"https:\/\/woedonline.nl\/de\/shop\/alle-kappen\/strapback-de\/umhaengegurt-yuio\/","title":{"rendered":"Strapback | YUIO"},"content":{"rendered":"<p data-start=\"171\" data-end=\"429\">Entdecken Sie die <strong data-start=\"181\" data-end=\"209\">Woed Snapback Cap - YUIO<\/strong>, eine exklusive Zusammenarbeit zwischen Woed und dem belgischen K\u00fcnstler <strong data-start=\"278\" data-end=\"286\">YUIO<\/strong>. Dieses <strong data-start=\"293\" data-end=\"313\">Premium-Snapback<\/strong> wurde f\u00fcr Liebhaber von Streetwear und Kunst entworfen und besticht durch ein einzigartiges Design, das Stil und Kreativit\u00e4t vereint.<\/p>\n<p data-start=\"431\" data-end=\"577\"><strong data-start=\"433\" data-end=\"460\">Hochwertige Materialien<\/strong> - Die M\u00fctze ist aus <strong data-start=\"485\" data-end=\"522\">strapazierf\u00e4higem bordeauxrotem Acrylgewebe<\/strong> gefertigt, das einen bequemen und sicheren Sitz gew\u00e4hrleistet.<\/p>\n<ul>\n<li data-start=\"579\" data-end=\"725\"><strong data-start=\"581\" data-end=\"608\">3D-gesticktes Woed-Logo<\/strong> - Auf der Vorderseite der Kappe befindet sich ein <strong data-start=\"648\" data-end=\"675\">3D-gesticktes Woed-Logo<\/strong>, das von YUIOs charakteristischem Stil inspiriert ist.<\/li>\n<li data-start=\"727\" data-end=\"899\"><strong data-start=\"729\" data-end=\"756\">Hellbraune Korkklappe<\/strong> - Die Oberseite der Klappe ist mit einer <strong data-start=\"805\" data-end=\"841\">nat\u00fcrlichen hellbraunen Korkbeschichtung<\/strong> versehen, die der Kappe einen einzigartigen und stilvollen Look verleiht.<\/li>\n<li data-start=\"901\" data-end=\"1053\"><strong data-start=\"903\" data-end=\"933\">Exklusives Kunstwerk von YUIO<\/strong> - Die Unterseite der Klappe zeigt ein <strong data-start=\"971\" data-end=\"994\">handgefertigtes Kunstwerk<\/strong> von YUIO, das f\u00fcr seinen farbenfrohen und dynamischen Stil bekannt ist.<\/li>\n<li data-start=\"1055\" data-end=\"1177\"><strong data-start=\"1057\" data-end=\"1086\">Verstellbarer Stoffriemen<\/strong> - Dank des <strong data-start=\"1100\" data-end=\"1139\">verstellbaren Riemens auf der R\u00fcckseite<\/strong> passt diese M\u00fctze perfekt auf jeden Kopf.<\/li>\n<\/ul>\n<h3 data-start=\"1179\" data-end=\"1209\"><strong data-start=\"1183\" data-end=\"1207\">\u00dcber den K\u00fcnstler YUIO<\/strong><\/h3>\n<p data-start=\"1210\" data-end=\"1497\">YUIO begann seine Karriere als Cartoonist und ist f\u00fcr seine lebhaften und verspielten Illustrationen bekannt. Seine Arbeit ist eine Mischung aus <strong data-start=\"1337\" data-end=\"1372\">Farbe, Bewegung und Kreativit\u00e4t<\/strong>. Er experimentiert st\u00e4ndig mit neuen Formen und Ideen. Das spiegelt sich auch im Design dieser einzigartigen Snapback wider.<\/p>\n<p data-start=\"1545\" data-end=\"1697\">Tragen Sie ein Kunstwerk mit der <strong data-start=\"1575\" data-end=\"1603\">Woed Snapback Cap - YUIO<\/strong> und lassen Sie Ihren Stil f\u00fcr sich sprechen! Bestellen Sie jetzt und vervollst\u00e4ndigen Sie Ihr Outfit mit diesem einzigartigen Blickfang.<\/p>\n","protected":false},"excerpt":{"rendered":"<p><i class=\"ri-checkbox-circle-fill\" data-text-color=\"primary\"><\/i>Erwachsene Gr\u00f6\u00dfe 56-62cm<\/p>\n<p><i class=\"ri-checkbox-circle-fill\" data-text-color=\"primary\"><\/i> Hergestellt aus echtem Kork<\/p>\n<p><i class=\"ri-checkbox-circle-fill\" data-text-color=\"primary\"><\/i> Hochwertige Materialien<\/p>\n","protected":false},"featured_media":387406,"comment_status":"open","ping_status":"closed","template":"","meta":[],"product_brand":[],"product_cat":[715,1099],"product_tag":[],"class_list":{"0":"post-387144","1":"product","2":"type-product","3":"status-publish","4":"has-post-thumbnail","6":"product_cat-alle-kappen","7":"product_cat-strapback-de","8":"product_shipping_class-paket","10":"first","11":"outofstock","12":"taxable","13":"shipping-taxable","14":"purchasable","15":"product-type-simple"},"yoast_head":"<!-- This site is optimized with the Yoast SEO plugin v27.4 - https:\/\/yoast.com\/product\/yoast-seo-wordpress\/ -->\n<title>Strapback | YUIO - Woed<\/title>\n<meta name=\"description\" content=\"Entdecken Sie die Woed Snapback Cap - YUIO, eine exklusive Zusammenarbeit zwischen Woed und dem belgischen K\u00fcnstler YUIO. Diese Premium-Snapback wurde f\u00fcr Liebhaber von Streetwear und Kunst entworfen, mit einem einzigartigen Design, das Stil und Kreativit\u00e4t vereint.\" \/>\n<meta name=\"robots\" content=\"index, follow, max-snippet:-1, max-image-preview:large, max-video-preview:-1\" \/>\n<link rel=\"canonical\" href=\"https:\/\/woedonline.nl\/de\/shop\/alle-kappen\/strapback-de\/umhaengegurt-yuio\/\" \/>\n<meta property=\"og:locale\" content=\"de_DE\" \/>\n<meta property=\"og:type\" content=\"article\" \/>\n<meta property=\"og:title\" content=\"Strapback | YUIO - Woed\" \/>\n<meta property=\"og:description\" content=\"Entdecken Sie die Woed Snapback Cap - YUIO, eine exklusive Zusammenarbeit zwischen Woed und dem belgischen K\u00fcnstler YUIO. Diese Premium-Snapback wurde f\u00fcr Liebhaber von Streetwear und Kunst entworfen, mit einem einzigartigen Design, das Stil und Kreativit\u00e4t vereint.\" \/>\n<meta property=\"og:url\" content=\"https:\/\/woedonline.nl\/de\/shop\/alle-kappen\/strapback-de\/umhaengegurt-yuio\/\" \/>\n<meta property=\"og:site_name\" content=\"Woed\" \/>\n<meta property=\"article:publisher\" content=\"https:\/\/www.facebook.com\/Woedshop\/\" \/>\n<meta property=\"article:modified_time\" content=\"2026-03-31T12:40:39+00:00\" \/>\n<meta property=\"og:image\" content=\"https:\/\/woedonline.nl\/wp-content\/uploads\/2025\/03\/Strapback-Yuio-1.jpg\" \/>\n\t<meta property=\"og:image:width\" content=\"600\" \/>\n\t<meta property=\"og:image:height\" content=\"600\" \/>\n\t<meta property=\"og:image:type\" content=\"image\/jpeg\" \/>\n<meta name=\"twitter:card\" content=\"summary_large_image\" \/>\n<meta name=\"twitter:label1\" content=\"Gesch\u00e4tzte Lesezeit\" \/>\n\t<meta name=\"twitter:data1\" content=\"2\u00a0Minuten\" \/>\n<script type=\"application\/ld+json\" class=\"yoast-schema-graph\">{\"@context\":\"https:\\\/\\\/schema.org\",\"@graph\":[{\"@type\":\"WebPage\",\"@id\":\"https:\\\/\\\/woedonline.nl\\\/de\\\/shop\\\/alle-kappen\\\/strapback-de\\\/umhaengegurt-yuio\\\/\",\"url\":\"https:\\\/\\\/woedonline.nl\\\/de\\\/shop\\\/alle-kappen\\\/strapback-de\\\/umhaengegurt-yuio\\\/\",\"name\":\"Strapback | YUIO - Woed\",\"isPartOf\":{\"@id\":\"https:\\\/\\\/woedonline.nl\\\/de\\\/#website\"},\"primaryImageOfPage\":{\"@id\":\"https:\\\/\\\/woedonline.nl\\\/de\\\/shop\\\/alle-kappen\\\/strapback-de\\\/umhaengegurt-yuio\\\/#primaryimage\"},\"image\":{\"@id\":\"https:\\\/\\\/woedonline.nl\\\/de\\\/shop\\\/alle-kappen\\\/strapback-de\\\/umhaengegurt-yuio\\\/#primaryimage\"},\"thumbnailUrl\":\"https:\\\/\\\/woedonline.nl\\\/wp-content\\\/uploads\\\/2025\\\/03\\\/Strapback-Yuio-1.jpg\",\"datePublished\":\"2025-03-19T08:20:29+00:00\",\"dateModified\":\"2026-03-31T12:40:39+00:00\",\"description\":\"Entdecken Sie die Woed Snapback Cap - YUIO, eine exklusive Zusammenarbeit zwischen Woed und dem belgischen K\u00fcnstler YUIO. Diese Premium-Snapback wurde f\u00fcr Liebhaber von Streetwear und Kunst entworfen, mit einem einzigartigen Design, das Stil und Kreativit\u00e4t vereint.\",\"breadcrumb\":{\"@id\":\"https:\\\/\\\/woedonline.nl\\\/de\\\/shop\\\/alle-kappen\\\/strapback-de\\\/umhaengegurt-yuio\\\/#breadcrumb\"},\"inLanguage\":\"de\",\"potentialAction\":[{\"@type\":\"ReadAction\",\"target\":[\"https:\\\/\\\/woedonline.nl\\\/de\\\/shop\\\/alle-kappen\\\/strapback-de\\\/umhaengegurt-yuio\\\/\"]}]},{\"@type\":\"ImageObject\",\"inLanguage\":\"de\",\"@id\":\"https:\\\/\\\/woedonline.nl\\\/de\\\/shop\\\/alle-kappen\\\/strapback-de\\\/umhaengegurt-yuio\\\/#primaryimage\",\"url\":\"https:\\\/\\\/woedonline.nl\\\/wp-content\\\/uploads\\\/2025\\\/03\\\/Strapback-Yuio-1.jpg\",\"contentUrl\":\"https:\\\/\\\/woedonline.nl\\\/wp-content\\\/uploads\\\/2025\\\/03\\\/Strapback-Yuio-1.jpg\",\"width\":600,\"height\":600,\"caption\":\"Umh\u00e4ngem\u00fctze Yuio 1\"},{\"@type\":\"BreadcrumbList\",\"@id\":\"https:\\\/\\\/woedonline.nl\\\/de\\\/shop\\\/alle-kappen\\\/strapback-de\\\/umhaengegurt-yuio\\\/#breadcrumb\",\"itemListElement\":[{\"@type\":\"ListItem\",\"position\":1,\"name\":\"Startseite\",\"item\":\"https:\\\/\\\/woedonline.nl\\\/de\\\/\"},{\"@type\":\"ListItem\",\"position\":2,\"name\":\"Shop\",\"item\":\"https:\\\/\\\/woedonline.nl\\\/de\\\/shop\\\/\"},{\"@type\":\"ListItem\",\"position\":3,\"name\":\"Strapback | YUIO\"}]},{\"@type\":\"WebSite\",\"@id\":\"https:\\\/\\\/woedonline.nl\\\/de\\\/#website\",\"url\":\"https:\\\/\\\/woedonline.nl\\\/de\\\/\",\"name\":\"Woed\",\"description\":\"Geen boomknuffels, wel een houten feestje voor jou\",\"publisher\":{\"@id\":\"https:\\\/\\\/woedonline.nl\\\/de\\\/#organization\"},\"alternateName\":\"W\",\"potentialAction\":[{\"@type\":\"SearchAction\",\"target\":{\"@type\":\"EntryPoint\",\"urlTemplate\":\"https:\\\/\\\/woedonline.nl\\\/de\\\/?s={search_term_string}\"},\"query-input\":{\"@type\":\"PropertyValueSpecification\",\"valueRequired\":true,\"valueName\":\"search_term_string\"}}],\"inLanguage\":\"de\"},{\"@type\":\"Organization\",\"@id\":\"https:\\\/\\\/woedonline.nl\\\/de\\\/#organization\",\"name\":\"Woed\",\"alternateName\":\"W\",\"url\":\"https:\\\/\\\/woedonline.nl\\\/de\\\/\",\"logo\":{\"@type\":\"ImageObject\",\"inLanguage\":\"de\",\"@id\":\"https:\\\/\\\/woedonline.nl\\\/de\\\/#\\\/schema\\\/logo\\\/image\\\/\",\"url\":\"https:\\\/\\\/woedonline.nl\\\/wp-content\\\/uploads\\\/2016\\\/05\\\/Wood-logo-name-png.png\",\"contentUrl\":\"https:\\\/\\\/woedonline.nl\\\/wp-content\\\/uploads\\\/2016\\\/05\\\/Wood-logo-name-png.png\",\"width\":250,\"height\":89,\"caption\":\"Woed\"},\"image\":{\"@id\":\"https:\\\/\\\/woedonline.nl\\\/de\\\/#\\\/schema\\\/logo\\\/image\\\/\"},\"sameAs\":[\"https:\\\/\\\/www.facebook.com\\\/Woedshop\\\/\",\"https:\\\/\\\/www.instagram.com\\\/woed.eu\"]}]}<\/script>\n<!-- \/ Yoast SEO plugin. -->","yoast_head_json":{"title":"Strapback | YUIO - Woed","description":"Entdecken Sie die Woed Snapback Cap - YUIO, eine exklusive Zusammenarbeit zwischen Woed und dem belgischen K\u00fcnstler YUIO. Diese Premium-Snapback wurde f\u00fcr Liebhaber von Streetwear und Kunst entworfen, mit einem einzigartigen Design, das Stil und Kreativit\u00e4t vereint.","robots":{"index":"index","follow":"follow","max-snippet":"max-snippet:-1","max-image-preview":"max-image-preview:large","max-video-preview":"max-video-preview:-1"},"canonical":"https:\/\/woedonline.nl\/de\/shop\/alle-kappen\/strapback-de\/umhaengegurt-yuio\/","og_locale":"de_DE","og_type":"article","og_title":"Strapback | YUIO - Woed","og_description":"Entdecken Sie die Woed Snapback Cap - YUIO, eine exklusive Zusammenarbeit zwischen Woed und dem belgischen K\u00fcnstler YUIO. Diese Premium-Snapback wurde f\u00fcr Liebhaber von Streetwear und Kunst entworfen, mit einem einzigartigen Design, das Stil und Kreativit\u00e4t vereint.","og_url":"https:\/\/woedonline.nl\/de\/shop\/alle-kappen\/strapback-de\/umhaengegurt-yuio\/","og_site_name":"Woed","article_publisher":"https:\/\/www.facebook.com\/Woedshop\/","article_modified_time":"2026-03-31T12:40:39+00:00","og_image":[{"width":600,"height":600,"url":"https:\/\/woedonline.nl\/wp-content\/uploads\/2025\/03\/Strapback-Yuio-1.jpg","type":"image\/jpeg"}],"twitter_card":"summary_large_image","twitter_misc":{"Gesch\u00e4tzte Lesezeit":"2\u00a0Minuten"},"schema":{"@context":"https:\/\/schema.org","@graph":[{"@type":"WebPage","@id":"https:\/\/woedonline.nl\/de\/shop\/alle-kappen\/strapback-de\/umhaengegurt-yuio\/","url":"https:\/\/woedonline.nl\/de\/shop\/alle-kappen\/strapback-de\/umhaengegurt-yuio\/","name":"Strapback | YUIO - Woed","isPartOf":{"@id":"https:\/\/woedonline.nl\/de\/#website"},"primaryImageOfPage":{"@id":"https:\/\/woedonline.nl\/de\/shop\/alle-kappen\/strapback-de\/umhaengegurt-yuio\/#primaryimage"},"image":{"@id":"https:\/\/woedonline.nl\/de\/shop\/alle-kappen\/strapback-de\/umhaengegurt-yuio\/#primaryimage"},"thumbnailUrl":"https:\/\/woedonline.nl\/wp-content\/uploads\/2025\/03\/Strapback-Yuio-1.jpg","datePublished":"2025-03-19T08:20:29+00:00","dateModified":"2026-03-31T12:40:39+00:00","description":"Entdecken Sie die Woed Snapback Cap - YUIO, eine exklusive Zusammenarbeit zwischen Woed und dem belgischen K\u00fcnstler YUIO. Diese Premium-Snapback wurde f\u00fcr Liebhaber von Streetwear und Kunst entworfen, mit einem einzigartigen Design, das Stil und Kreativit\u00e4t vereint.","breadcrumb":{"@id":"https:\/\/woedonline.nl\/de\/shop\/alle-kappen\/strapback-de\/umhaengegurt-yuio\/#breadcrumb"},"inLanguage":"de","potentialAction":[{"@type":"ReadAction","target":["https:\/\/woedonline.nl\/de\/shop\/alle-kappen\/strapback-de\/umhaengegurt-yuio\/"]}]},{"@type":"ImageObject","inLanguage":"de","@id":"https:\/\/woedonline.nl\/de\/shop\/alle-kappen\/strapback-de\/umhaengegurt-yuio\/#primaryimage","url":"https:\/\/woedonline.nl\/wp-content\/uploads\/2025\/03\/Strapback-Yuio-1.jpg","contentUrl":"https:\/\/woedonline.nl\/wp-content\/uploads\/2025\/03\/Strapback-Yuio-1.jpg","width":600,"height":600,"caption":"Umh\u00e4ngem\u00fctze Yuio 1"},{"@type":"BreadcrumbList","@id":"https:\/\/woedonline.nl\/de\/shop\/alle-kappen\/strapback-de\/umhaengegurt-yuio\/#breadcrumb","itemListElement":[{"@type":"ListItem","position":1,"name":"Startseite","item":"https:\/\/woedonline.nl\/de\/"},{"@type":"ListItem","position":2,"name":"Shop","item":"https:\/\/woedonline.nl\/de\/shop\/"},{"@type":"ListItem","position":3,"name":"Strapback | YUIO"}]},{"@type":"WebSite","@id":"https:\/\/woedonline.nl\/de\/#website","url":"https:\/\/woedonline.nl\/de\/","name":"Woed","description":"Geen boomknuffels, wel een houten feestje voor jou","publisher":{"@id":"https:\/\/woedonline.nl\/de\/#organization"},"alternateName":"W","potentialAction":[{"@type":"SearchAction","target":{"@type":"EntryPoint","urlTemplate":"https:\/\/woedonline.nl\/de\/?s={search_term_string}"},"query-input":{"@type":"PropertyValueSpecification","valueRequired":true,"valueName":"search_term_string"}}],"inLanguage":"de"},{"@type":"Organization","@id":"https:\/\/woedonline.nl\/de\/#organization","name":"Woed","alternateName":"W","url":"https:\/\/woedonline.nl\/de\/","logo":{"@type":"ImageObject","inLanguage":"de","@id":"https:\/\/woedonline.nl\/de\/#\/schema\/logo\/image\/","url":"https:\/\/woedonline.nl\/wp-content\/uploads\/2016\/05\/Wood-logo-name-png.png","contentUrl":"https:\/\/woedonline.nl\/wp-content\/uploads\/2016\/05\/Wood-logo-name-png.png","width":250,"height":89,"caption":"Woed"},"image":{"@id":"https:\/\/woedonline.nl\/de\/#\/schema\/logo\/image\/"},"sameAs":["https:\/\/www.facebook.com\/Woedshop\/","https:\/\/www.instagram.com\/woed.eu"]}]}},"_links":{"self":[{"href":"https:\/\/woedonline.nl\/de\/wp-json\/wp\/v2\/product\/387144","targetHints":{"allow":["GET"]}}],"collection":[{"href":"https:\/\/woedonline.nl\/de\/wp-json\/wp\/v2\/product"}],"about":[{"href":"https:\/\/woedonline.nl\/de\/wp-json\/wp\/v2\/types\/product"}],"replies":[{"embeddable":true,"href":"https:\/\/woedonline.nl\/de\/wp-json\/wp\/v2\/comments?post=387144"}],"wp:featuredmedia":[{"embeddable":true,"href":"https:\/\/woedonline.nl\/de\/wp-json\/wp\/v2\/media\/387406"}],"wp:attachment":[{"href":"https:\/\/woedonline.nl\/de\/wp-json\/wp\/v2\/media?parent=387144"}],"wp:term":[{"taxonomy":"product_brand","embeddable":true,"href":"https:\/\/woedonline.nl\/de\/wp-json\/wp\/v2\/product_brand?post=387144"},{"taxonomy":"product_cat","embeddable":true,"href":"https:\/\/woedonline.nl\/de\/wp-json\/wp\/v2\/product_cat?post=387144"},{"taxonomy":"product_tag","embeddable":true,"href":"https:\/\/woedonline.nl\/de\/wp-json\/wp\/v2\/product_tag?post=387144"}],"curies":[{"name":"wp","href":"https:\/\/api.w.org\/{rel}","templated":true}]}}