{"id":384067,"date":"2024-10-30T10:51:03","date_gmt":"2024-10-30T09:51:03","guid":{"rendered":"https:\/\/woedonline.nl\/shop\/unkategorisiert\/holzuhr-48mm-premium-zebrano\/"},"modified":"2025-11-05T15:02:20","modified_gmt":"2025-11-05T14:02:20","slug":"holzuhr-48mm-premium-zebrano","status":"publish","type":"product","link":"https:\/\/woedonline.nl\/de\/shop\/uhren-aus-holz\/pramie\/holzuhr-48mm-premium-zebrano\/","title":{"rendered":"Holzuhr | 48mm | Premium | Zebrano"},"content":{"rendered":"<p>Sch\u00f6ne Uhr aus Zebrano-Holz. Die Uhr hat eine Dicke von 13 mm und eine Breite von 48 mm. Die Uhr geh\u00f6rt unter Woed Premium-Uhren. Das bedeutet, dass es sich um eine sehr luxuri\u00f6se und handgefertigte Uhr handelt, deren Mechanismus ein Multifunktionswerk ist, d.h. alle Zeiger arbeiten! Das Gewicht der Uhr betr\u00e4gt 63 Gramm.    <\/p>\n","protected":false},"excerpt":{"rendered":"<p>\u2714Premium-Ausf\u00fchrung! \u2714Inklusive Luxus-Geschenkbox \u2714100% Echtholz \u2714Multifunktionswerk \u271448mm (Unisex-Modell) \u2714Uhrenst\u00e4rke: 13 mm \u2714Uhrenbandbreite: 24 mm \u2714Gewicht: 63 Gramm<\/p>\n","protected":false},"featured_media":334924,"comment_status":"closed","ping_status":"closed","template":"","meta":[],"product_brand":[],"product_cat":[769,470],"product_tag":[],"class_list":{"0":"post-384067","1":"product","2":"type-product","3":"status-publish","4":"has-post-thumbnail","6":"product_cat-pramie","7":"product_cat-uhren-aus-holz","8":"product_shipping_class-armbander-uhr-sonnenbrille-de","10":"first","11":"instock","12":"taxable","13":"shipping-taxable","14":"purchasable","15":"product-type-simple"},"yoast_head":"<!-- This site is optimized with the Yoast SEO plugin v27.4 - https:\/\/yoast.com\/product\/yoast-seo-wordpress\/ -->\n<title>Holzuhr | 48mm | Premium | Zebrano - Woed<\/title>\n<meta name=\"description\" content=\"Sch\u00f6ne Uhr aus Zebrano-Holz. Die Uhr hat eine Dicke von 13 mm und eine Breite von 48 mm. Die Uhr geh\u00f6rt unter Woed Premium-Uhren. Das bedeutet, dass es sich um eine sehr luxuri\u00f6se Uhr handelt, die von Hand gefertigt wurde. Das Uhrwerk ist ein Multifunktionswerk, was bedeutet, dass alle Zeiger funktionieren! Das Gewicht der Uhr betr\u00e4gt 63 Gramm.\" \/>\n<meta name=\"robots\" content=\"index, follow, max-snippet:-1, max-image-preview:large, max-video-preview:-1\" \/>\n<link rel=\"canonical\" href=\"https:\/\/woedonline.nl\/de\/shop\/uhren-aus-holz\/pramie\/holzuhr-48mm-premium-zebrano\/\" \/>\n<meta property=\"og:locale\" content=\"de_DE\" \/>\n<meta property=\"og:type\" content=\"article\" \/>\n<meta property=\"og:title\" content=\"Holzuhr | 48mm | Premium | Zebrano - Woed\" \/>\n<meta property=\"og:description\" content=\"Sch\u00f6ne Uhr aus Zebrano-Holz. Die Uhr hat eine Dicke von 13 mm und eine Breite von 48 mm. Die Uhr geh\u00f6rt unter Woed Premium-Uhren. Das bedeutet, dass es sich um eine sehr luxuri\u00f6se Uhr handelt, die von Hand gefertigt wurde. Das Uhrwerk ist ein Multifunktionswerk, was bedeutet, dass alle Zeiger funktionieren! Das Gewicht der Uhr betr\u00e4gt 63 Gramm.\" \/>\n<meta property=\"og:url\" content=\"https:\/\/woedonline.nl\/de\/shop\/uhren-aus-holz\/pramie\/holzuhr-48mm-premium-zebrano\/\" \/>\n<meta property=\"og:site_name\" content=\"Woed\" \/>\n<meta property=\"article:publisher\" content=\"https:\/\/www.facebook.com\/Woedshop\/\" \/>\n<meta property=\"article:modified_time\" content=\"2025-11-05T14:02:20+00:00\" \/>\n<meta property=\"og:image\" content=\"https:\/\/woedonline.nl\/wp-content\/uploads\/2023\/02\/Woed-Horloge-Zebrano.png\" \/>\n\t<meta property=\"og:image:width\" content=\"1000\" \/>\n\t<meta property=\"og:image:height\" content=\"1000\" \/>\n\t<meta property=\"og:image:type\" content=\"image\/png\" \/>\n<meta name=\"twitter:card\" content=\"summary_large_image\" \/>\n<script type=\"application\/ld+json\" class=\"yoast-schema-graph\">{\"@context\":\"https:\\\/\\\/schema.org\",\"@graph\":[{\"@type\":\"WebPage\",\"@id\":\"https:\\\/\\\/woedonline.nl\\\/de\\\/shop\\\/uhren-aus-holz\\\/pramie\\\/holzuhr-48mm-premium-zebrano\\\/\",\"url\":\"https:\\\/\\\/woedonline.nl\\\/de\\\/shop\\\/uhren-aus-holz\\\/pramie\\\/holzuhr-48mm-premium-zebrano\\\/\",\"name\":\"Holzuhr | 48mm | Premium | Zebrano - Woed\",\"isPartOf\":{\"@id\":\"https:\\\/\\\/woedonline.nl\\\/de\\\/#website\"},\"primaryImageOfPage\":{\"@id\":\"https:\\\/\\\/woedonline.nl\\\/de\\\/shop\\\/uhren-aus-holz\\\/pramie\\\/holzuhr-48mm-premium-zebrano\\\/#primaryimage\"},\"image\":{\"@id\":\"https:\\\/\\\/woedonline.nl\\\/de\\\/shop\\\/uhren-aus-holz\\\/pramie\\\/holzuhr-48mm-premium-zebrano\\\/#primaryimage\"},\"thumbnailUrl\":\"https:\\\/\\\/woedonline.nl\\\/wp-content\\\/uploads\\\/2023\\\/02\\\/Woed-Horloge-Zebrano.png\",\"datePublished\":\"2024-10-30T09:51:03+00:00\",\"dateModified\":\"2025-11-05T14:02:20+00:00\",\"description\":\"Sch\u00f6ne Uhr aus Zebrano-Holz. Die Uhr hat eine Dicke von 13 mm und eine Breite von 48 mm. Die Uhr geh\u00f6rt unter Woed Premium-Uhren. Das bedeutet, dass es sich um eine sehr luxuri\u00f6se Uhr handelt, die von Hand gefertigt wurde. Das Uhrwerk ist ein Multifunktionswerk, was bedeutet, dass alle Zeiger funktionieren! Das Gewicht der Uhr betr\u00e4gt 63 Gramm.\",\"breadcrumb\":{\"@id\":\"https:\\\/\\\/woedonline.nl\\\/de\\\/shop\\\/uhren-aus-holz\\\/pramie\\\/holzuhr-48mm-premium-zebrano\\\/#breadcrumb\"},\"inLanguage\":\"de\",\"potentialAction\":[{\"@type\":\"ReadAction\",\"target\":[\"https:\\\/\\\/woedonline.nl\\\/de\\\/shop\\\/uhren-aus-holz\\\/pramie\\\/holzuhr-48mm-premium-zebrano\\\/\"]}]},{\"@type\":\"ImageObject\",\"inLanguage\":\"de\",\"@id\":\"https:\\\/\\\/woedonline.nl\\\/de\\\/shop\\\/uhren-aus-holz\\\/pramie\\\/holzuhr-48mm-premium-zebrano\\\/#primaryimage\",\"url\":\"https:\\\/\\\/woedonline.nl\\\/wp-content\\\/uploads\\\/2023\\\/02\\\/Woed-Horloge-Zebrano.png\",\"contentUrl\":\"https:\\\/\\\/woedonline.nl\\\/wp-content\\\/uploads\\\/2023\\\/02\\\/Woed-Horloge-Zebrano.png\",\"width\":1000,\"height\":1000},{\"@type\":\"BreadcrumbList\",\"@id\":\"https:\\\/\\\/woedonline.nl\\\/de\\\/shop\\\/uhren-aus-holz\\\/pramie\\\/holzuhr-48mm-premium-zebrano\\\/#breadcrumb\",\"itemListElement\":[{\"@type\":\"ListItem\",\"position\":1,\"name\":\"Startseite\",\"item\":\"https:\\\/\\\/woedonline.nl\\\/de\\\/\"},{\"@type\":\"ListItem\",\"position\":2,\"name\":\"Shop\",\"item\":\"https:\\\/\\\/woedonline.nl\\\/de\\\/shop\\\/\"},{\"@type\":\"ListItem\",\"position\":3,\"name\":\"Holzuhr | 48mm | Premium | Zebrano\"}]},{\"@type\":\"WebSite\",\"@id\":\"https:\\\/\\\/woedonline.nl\\\/de\\\/#website\",\"url\":\"https:\\\/\\\/woedonline.nl\\\/de\\\/\",\"name\":\"Woed\",\"description\":\"Geen boomknuffels, wel een houten feestje voor jou\",\"publisher\":{\"@id\":\"https:\\\/\\\/woedonline.nl\\\/de\\\/#organization\"},\"alternateName\":\"W\",\"potentialAction\":[{\"@type\":\"SearchAction\",\"target\":{\"@type\":\"EntryPoint\",\"urlTemplate\":\"https:\\\/\\\/woedonline.nl\\\/de\\\/?s={search_term_string}\"},\"query-input\":{\"@type\":\"PropertyValueSpecification\",\"valueRequired\":true,\"valueName\":\"search_term_string\"}}],\"inLanguage\":\"de\"},{\"@type\":\"Organization\",\"@id\":\"https:\\\/\\\/woedonline.nl\\\/de\\\/#organization\",\"name\":\"Woed\",\"alternateName\":\"W\",\"url\":\"https:\\\/\\\/woedonline.nl\\\/de\\\/\",\"logo\":{\"@type\":\"ImageObject\",\"inLanguage\":\"de\",\"@id\":\"https:\\\/\\\/woedonline.nl\\\/de\\\/#\\\/schema\\\/logo\\\/image\\\/\",\"url\":\"https:\\\/\\\/woedonline.nl\\\/wp-content\\\/uploads\\\/2016\\\/05\\\/Wood-logo-name-png.png\",\"contentUrl\":\"https:\\\/\\\/woedonline.nl\\\/wp-content\\\/uploads\\\/2016\\\/05\\\/Wood-logo-name-png.png\",\"width\":250,\"height\":89,\"caption\":\"Woed\"},\"image\":{\"@id\":\"https:\\\/\\\/woedonline.nl\\\/de\\\/#\\\/schema\\\/logo\\\/image\\\/\"},\"sameAs\":[\"https:\\\/\\\/www.facebook.com\\\/Woedshop\\\/\",\"https:\\\/\\\/www.instagram.com\\\/woed.eu\"]}]}<\/script>\n<!-- \/ Yoast SEO plugin. -->","yoast_head_json":{"title":"Holzuhr | 48mm | Premium | Zebrano - Woed","description":"Sch\u00f6ne Uhr aus Zebrano-Holz. Die Uhr hat eine Dicke von 13 mm und eine Breite von 48 mm. Die Uhr geh\u00f6rt unter Woed Premium-Uhren. Das bedeutet, dass es sich um eine sehr luxuri\u00f6se Uhr handelt, die von Hand gefertigt wurde. Das Uhrwerk ist ein Multifunktionswerk, was bedeutet, dass alle Zeiger funktionieren! Das Gewicht der Uhr betr\u00e4gt 63 Gramm.","robots":{"index":"index","follow":"follow","max-snippet":"max-snippet:-1","max-image-preview":"max-image-preview:large","max-video-preview":"max-video-preview:-1"},"canonical":"https:\/\/woedonline.nl\/de\/shop\/uhren-aus-holz\/pramie\/holzuhr-48mm-premium-zebrano\/","og_locale":"de_DE","og_type":"article","og_title":"Holzuhr | 48mm | Premium | Zebrano - Woed","og_description":"Sch\u00f6ne Uhr aus Zebrano-Holz. Die Uhr hat eine Dicke von 13 mm und eine Breite von 48 mm. Die Uhr geh\u00f6rt unter Woed Premium-Uhren. Das bedeutet, dass es sich um eine sehr luxuri\u00f6se Uhr handelt, die von Hand gefertigt wurde. Das Uhrwerk ist ein Multifunktionswerk, was bedeutet, dass alle Zeiger funktionieren! Das Gewicht der Uhr betr\u00e4gt 63 Gramm.","og_url":"https:\/\/woedonline.nl\/de\/shop\/uhren-aus-holz\/pramie\/holzuhr-48mm-premium-zebrano\/","og_site_name":"Woed","article_publisher":"https:\/\/www.facebook.com\/Woedshop\/","article_modified_time":"2025-11-05T14:02:20+00:00","og_image":[{"width":1000,"height":1000,"url":"https:\/\/woedonline.nl\/wp-content\/uploads\/2023\/02\/Woed-Horloge-Zebrano.png","type":"image\/png"}],"twitter_card":"summary_large_image","schema":{"@context":"https:\/\/schema.org","@graph":[{"@type":"WebPage","@id":"https:\/\/woedonline.nl\/de\/shop\/uhren-aus-holz\/pramie\/holzuhr-48mm-premium-zebrano\/","url":"https:\/\/woedonline.nl\/de\/shop\/uhren-aus-holz\/pramie\/holzuhr-48mm-premium-zebrano\/","name":"Holzuhr | 48mm | Premium | Zebrano - Woed","isPartOf":{"@id":"https:\/\/woedonline.nl\/de\/#website"},"primaryImageOfPage":{"@id":"https:\/\/woedonline.nl\/de\/shop\/uhren-aus-holz\/pramie\/holzuhr-48mm-premium-zebrano\/#primaryimage"},"image":{"@id":"https:\/\/woedonline.nl\/de\/shop\/uhren-aus-holz\/pramie\/holzuhr-48mm-premium-zebrano\/#primaryimage"},"thumbnailUrl":"https:\/\/woedonline.nl\/wp-content\/uploads\/2023\/02\/Woed-Horloge-Zebrano.png","datePublished":"2024-10-30T09:51:03+00:00","dateModified":"2025-11-05T14:02:20+00:00","description":"Sch\u00f6ne Uhr aus Zebrano-Holz. Die Uhr hat eine Dicke von 13 mm und eine Breite von 48 mm. Die Uhr geh\u00f6rt unter Woed Premium-Uhren. Das bedeutet, dass es sich um eine sehr luxuri\u00f6se Uhr handelt, die von Hand gefertigt wurde. Das Uhrwerk ist ein Multifunktionswerk, was bedeutet, dass alle Zeiger funktionieren! Das Gewicht der Uhr betr\u00e4gt 63 Gramm.","breadcrumb":{"@id":"https:\/\/woedonline.nl\/de\/shop\/uhren-aus-holz\/pramie\/holzuhr-48mm-premium-zebrano\/#breadcrumb"},"inLanguage":"de","potentialAction":[{"@type":"ReadAction","target":["https:\/\/woedonline.nl\/de\/shop\/uhren-aus-holz\/pramie\/holzuhr-48mm-premium-zebrano\/"]}]},{"@type":"ImageObject","inLanguage":"de","@id":"https:\/\/woedonline.nl\/de\/shop\/uhren-aus-holz\/pramie\/holzuhr-48mm-premium-zebrano\/#primaryimage","url":"https:\/\/woedonline.nl\/wp-content\/uploads\/2023\/02\/Woed-Horloge-Zebrano.png","contentUrl":"https:\/\/woedonline.nl\/wp-content\/uploads\/2023\/02\/Woed-Horloge-Zebrano.png","width":1000,"height":1000},{"@type":"BreadcrumbList","@id":"https:\/\/woedonline.nl\/de\/shop\/uhren-aus-holz\/pramie\/holzuhr-48mm-premium-zebrano\/#breadcrumb","itemListElement":[{"@type":"ListItem","position":1,"name":"Startseite","item":"https:\/\/woedonline.nl\/de\/"},{"@type":"ListItem","position":2,"name":"Shop","item":"https:\/\/woedonline.nl\/de\/shop\/"},{"@type":"ListItem","position":3,"name":"Holzuhr | 48mm | Premium | Zebrano"}]},{"@type":"WebSite","@id":"https:\/\/woedonline.nl\/de\/#website","url":"https:\/\/woedonline.nl\/de\/","name":"Woed","description":"Geen boomknuffels, wel een houten feestje voor jou","publisher":{"@id":"https:\/\/woedonline.nl\/de\/#organization"},"alternateName":"W","potentialAction":[{"@type":"SearchAction","target":{"@type":"EntryPoint","urlTemplate":"https:\/\/woedonline.nl\/de\/?s={search_term_string}"},"query-input":{"@type":"PropertyValueSpecification","valueRequired":true,"valueName":"search_term_string"}}],"inLanguage":"de"},{"@type":"Organization","@id":"https:\/\/woedonline.nl\/de\/#organization","name":"Woed","alternateName":"W","url":"https:\/\/woedonline.nl\/de\/","logo":{"@type":"ImageObject","inLanguage":"de","@id":"https:\/\/woedonline.nl\/de\/#\/schema\/logo\/image\/","url":"https:\/\/woedonline.nl\/wp-content\/uploads\/2016\/05\/Wood-logo-name-png.png","contentUrl":"https:\/\/woedonline.nl\/wp-content\/uploads\/2016\/05\/Wood-logo-name-png.png","width":250,"height":89,"caption":"Woed"},"image":{"@id":"https:\/\/woedonline.nl\/de\/#\/schema\/logo\/image\/"},"sameAs":["https:\/\/www.facebook.com\/Woedshop\/","https:\/\/www.instagram.com\/woed.eu"]}]}},"_links":{"self":[{"href":"https:\/\/woedonline.nl\/de\/wp-json\/wp\/v2\/product\/384067","targetHints":{"allow":["GET"]}}],"collection":[{"href":"https:\/\/woedonline.nl\/de\/wp-json\/wp\/v2\/product"}],"about":[{"href":"https:\/\/woedonline.nl\/de\/wp-json\/wp\/v2\/types\/product"}],"replies":[{"embeddable":true,"href":"https:\/\/woedonline.nl\/de\/wp-json\/wp\/v2\/comments?post=384067"}],"wp:featuredmedia":[{"embeddable":true,"href":"https:\/\/woedonline.nl\/de\/wp-json\/wp\/v2\/media\/334924"}],"wp:attachment":[{"href":"https:\/\/woedonline.nl\/de\/wp-json\/wp\/v2\/media?parent=384067"}],"wp:term":[{"taxonomy":"product_brand","embeddable":true,"href":"https:\/\/woedonline.nl\/de\/wp-json\/wp\/v2\/product_brand?post=384067"},{"taxonomy":"product_cat","embeddable":true,"href":"https:\/\/woedonline.nl\/de\/wp-json\/wp\/v2\/product_cat?post=384067"},{"taxonomy":"product_tag","embeddable":true,"href":"https:\/\/woedonline.nl\/de\/wp-json\/wp\/v2\/product_tag?post=384067"}],"curies":[{"name":"wp","href":"https:\/\/api.w.org\/{rel}","templated":true}]}}