{"id":382275,"date":"2025-04-02T06:24:15","date_gmt":"2025-04-02T04:24:15","guid":{"rendered":"https:\/\/woedonline.nl\/?post_type=product&#038;p=382275"},"modified":"2025-10-31T11:42:43","modified_gmt":"2025-10-31T10:42:43","slug":"wayfarer-sonnenbrille-lyrata-kopie","status":"publish","type":"product","link":"https:\/\/woedonline.nl\/de\/shop\/sonnenbrille-aus-holz\/wayfarer-de\/wayfarer-sonnenbrille-lyrata-kopie\/","title":{"rendered":"Wayfarer Sonnenbrille | Gallant"},"content":{"rendered":"<div>Entdecken Sie die stilvolle Gallant Sonnenbrille von Woed, bei der modernes Design auf nat\u00fcrliche Elemente trifft. Diese Wayfarer-Sonnenbrille hat einen mattbraunen Kunststoffrahmen, der perfekt zu den dunkelbraunen Echtholzbeinen passt. Die Gallant bietet nicht nur einen raffinierten Look, sondern auch optimalen Schutz mit ihren dunkelbraunen Gl\u00e4sern, die einen 400UV-Schutz bieten. Ideal f\u00fcr sonnige Tage und modische Auftritte. Jede Gallant-Sonnenbrille wird mit einem praktischen Reinigungstuch und einem Aufbewahrungsbeutel geliefert, damit Ihre Brille immer sauber und sicher ist.    <\/div>\n","protected":false},"excerpt":{"rendered":"<p>\u2714F\u00fcr Sie und Ihn \u2714100% nat\u00fcrliche Materialien \u2714Wasserfest \u2714Leicht und bequem \u2714Fu\u00df aus echtem Holz! \u2714Umweltschutz durch UV-400 Glas \u2714Inklusive Aufbewahrungsbeutel und Poliertuch<\/p>\n","protected":false},"featured_media":389719,"comment_status":"open","ping_status":"closed","template":"","meta":[],"product_brand":[],"product_cat":[817,583],"product_tag":[],"class_list":{"0":"post-382275","1":"product","2":"type-product","3":"status-publish","4":"has-post-thumbnail","6":"product_cat-sonnenbrille-aus-holz","7":"product_cat-wayfarer-de","8":"product_shipping_class-armbander-uhr-sonnenbrille-de","10":"first","11":"instock","12":"taxable","13":"shipping-taxable","14":"purchasable","15":"product-type-simple"},"yoast_head":"<!-- This site is optimized with the Yoast SEO plugin v27.4 - https:\/\/yoast.com\/product\/yoast-seo-wordpress\/ -->\n<title>Wayfarer Sonnenbrille | Gallant - Woed<\/title>\n<meta name=\"description\" content=\"Entdecken Sie die perfekte Mischung aus Stil und Haltbarkeit mit unserer Woed Wayfarer Sonnenbrille, genannt Lyrata. Diese einzigartige Sonnenbrille hat einen matten gr\u00fcnen Kunststoffrahmen, der m\u00fchelos jeden Look erg\u00e4nzt.\" \/>\n<meta name=\"robots\" content=\"index, follow, max-snippet:-1, max-image-preview:large, max-video-preview:-1\" \/>\n<link rel=\"canonical\" href=\"https:\/\/woedonline.nl\/de\/shop\/sonnenbrille-aus-holz\/wayfarer-de\/wayfarer-sonnenbrille-lyrata-kopie\/\" \/>\n<meta property=\"og:locale\" content=\"de_DE\" \/>\n<meta property=\"og:type\" content=\"article\" \/>\n<meta property=\"og:title\" content=\"Wayfarer Sonnenbrille | Gallant - Woed\" \/>\n<meta property=\"og:description\" content=\"Entdecken Sie die perfekte Mischung aus Stil und Haltbarkeit mit unserer Woed Wayfarer Sonnenbrille, genannt Lyrata. Diese einzigartige Sonnenbrille hat einen matten gr\u00fcnen Kunststoffrahmen, der m\u00fchelos jeden Look erg\u00e4nzt.\" \/>\n<meta property=\"og:url\" content=\"https:\/\/woedonline.nl\/de\/shop\/sonnenbrille-aus-holz\/wayfarer-de\/wayfarer-sonnenbrille-lyrata-kopie\/\" \/>\n<meta property=\"og:site_name\" content=\"Woed\" \/>\n<meta property=\"article:publisher\" content=\"https:\/\/www.facebook.com\/Woedshop\/\" \/>\n<meta property=\"article:modified_time\" content=\"2025-10-31T10:42:43+00:00\" \/>\n<meta property=\"og:image\" content=\"https:\/\/woedonline.nl\/wp-content\/uploads\/2025\/04\/Woed-wayfarer-Gallant.jpg\" \/>\n\t<meta property=\"og:image:width\" content=\"800\" \/>\n\t<meta property=\"og:image:height\" content=\"800\" \/>\n\t<meta property=\"og:image:type\" content=\"image\/jpeg\" \/>\n<meta name=\"twitter:card\" content=\"summary_large_image\" \/>\n<script type=\"application\/ld+json\" class=\"yoast-schema-graph\">{\"@context\":\"https:\\\/\\\/schema.org\",\"@graph\":[{\"@type\":\"WebPage\",\"@id\":\"https:\\\/\\\/woedonline.nl\\\/de\\\/shop\\\/sonnenbrille-aus-holz\\\/wayfarer-de\\\/wayfarer-sonnenbrille-lyrata-kopie\\\/\",\"url\":\"https:\\\/\\\/woedonline.nl\\\/de\\\/shop\\\/sonnenbrille-aus-holz\\\/wayfarer-de\\\/wayfarer-sonnenbrille-lyrata-kopie\\\/\",\"name\":\"Wayfarer Sonnenbrille | Gallant - Woed\",\"isPartOf\":{\"@id\":\"https:\\\/\\\/woedonline.nl\\\/de\\\/#website\"},\"primaryImageOfPage\":{\"@id\":\"https:\\\/\\\/woedonline.nl\\\/de\\\/shop\\\/sonnenbrille-aus-holz\\\/wayfarer-de\\\/wayfarer-sonnenbrille-lyrata-kopie\\\/#primaryimage\"},\"image\":{\"@id\":\"https:\\\/\\\/woedonline.nl\\\/de\\\/shop\\\/sonnenbrille-aus-holz\\\/wayfarer-de\\\/wayfarer-sonnenbrille-lyrata-kopie\\\/#primaryimage\"},\"thumbnailUrl\":\"https:\\\/\\\/woedonline.nl\\\/wp-content\\\/uploads\\\/2025\\\/04\\\/Woed-wayfarer-Gallant.jpg\",\"datePublished\":\"2025-04-02T04:24:15+00:00\",\"dateModified\":\"2025-10-31T10:42:43+00:00\",\"description\":\"Entdecken Sie die perfekte Mischung aus Stil und Haltbarkeit mit unserer Woed Wayfarer Sonnenbrille, genannt Lyrata. Diese einzigartige Sonnenbrille hat einen matten gr\u00fcnen Kunststoffrahmen, der m\u00fchelos jeden Look erg\u00e4nzt.\",\"breadcrumb\":{\"@id\":\"https:\\\/\\\/woedonline.nl\\\/de\\\/shop\\\/sonnenbrille-aus-holz\\\/wayfarer-de\\\/wayfarer-sonnenbrille-lyrata-kopie\\\/#breadcrumb\"},\"inLanguage\":\"de\",\"potentialAction\":[{\"@type\":\"ReadAction\",\"target\":[\"https:\\\/\\\/woedonline.nl\\\/de\\\/shop\\\/sonnenbrille-aus-holz\\\/wayfarer-de\\\/wayfarer-sonnenbrille-lyrata-kopie\\\/\"]}]},{\"@type\":\"ImageObject\",\"inLanguage\":\"de\",\"@id\":\"https:\\\/\\\/woedonline.nl\\\/de\\\/shop\\\/sonnenbrille-aus-holz\\\/wayfarer-de\\\/wayfarer-sonnenbrille-lyrata-kopie\\\/#primaryimage\",\"url\":\"https:\\\/\\\/woedonline.nl\\\/wp-content\\\/uploads\\\/2025\\\/04\\\/Woed-wayfarer-Gallant.jpg\",\"contentUrl\":\"https:\\\/\\\/woedonline.nl\\\/wp-content\\\/uploads\\\/2025\\\/04\\\/Woed-wayfarer-Gallant.jpg\",\"width\":800,\"height\":800},{\"@type\":\"BreadcrumbList\",\"@id\":\"https:\\\/\\\/woedonline.nl\\\/de\\\/shop\\\/sonnenbrille-aus-holz\\\/wayfarer-de\\\/wayfarer-sonnenbrille-lyrata-kopie\\\/#breadcrumb\",\"itemListElement\":[{\"@type\":\"ListItem\",\"position\":1,\"name\":\"Startseite\",\"item\":\"https:\\\/\\\/woedonline.nl\\\/de\\\/\"},{\"@type\":\"ListItem\",\"position\":2,\"name\":\"Shop\",\"item\":\"https:\\\/\\\/woedonline.nl\\\/de\\\/shop\\\/\"},{\"@type\":\"ListItem\",\"position\":3,\"name\":\"Wayfarer Sonnenbrille | Gallant\"}]},{\"@type\":\"WebSite\",\"@id\":\"https:\\\/\\\/woedonline.nl\\\/de\\\/#website\",\"url\":\"https:\\\/\\\/woedonline.nl\\\/de\\\/\",\"name\":\"Woed\",\"description\":\"Geen boomknuffels, wel een houten feestje voor jou\",\"publisher\":{\"@id\":\"https:\\\/\\\/woedonline.nl\\\/de\\\/#organization\"},\"alternateName\":\"W\",\"potentialAction\":[{\"@type\":\"SearchAction\",\"target\":{\"@type\":\"EntryPoint\",\"urlTemplate\":\"https:\\\/\\\/woedonline.nl\\\/de\\\/?s={search_term_string}\"},\"query-input\":{\"@type\":\"PropertyValueSpecification\",\"valueRequired\":true,\"valueName\":\"search_term_string\"}}],\"inLanguage\":\"de\"},{\"@type\":\"Organization\",\"@id\":\"https:\\\/\\\/woedonline.nl\\\/de\\\/#organization\",\"name\":\"Woed\",\"alternateName\":\"W\",\"url\":\"https:\\\/\\\/woedonline.nl\\\/de\\\/\",\"logo\":{\"@type\":\"ImageObject\",\"inLanguage\":\"de\",\"@id\":\"https:\\\/\\\/woedonline.nl\\\/de\\\/#\\\/schema\\\/logo\\\/image\\\/\",\"url\":\"https:\\\/\\\/woedonline.nl\\\/wp-content\\\/uploads\\\/2016\\\/05\\\/Wood-logo-name-png.png\",\"contentUrl\":\"https:\\\/\\\/woedonline.nl\\\/wp-content\\\/uploads\\\/2016\\\/05\\\/Wood-logo-name-png.png\",\"width\":250,\"height\":89,\"caption\":\"Woed\"},\"image\":{\"@id\":\"https:\\\/\\\/woedonline.nl\\\/de\\\/#\\\/schema\\\/logo\\\/image\\\/\"},\"sameAs\":[\"https:\\\/\\\/www.facebook.com\\\/Woedshop\\\/\",\"https:\\\/\\\/www.instagram.com\\\/woed.eu\"]}]}<\/script>\n<!-- \/ Yoast SEO plugin. -->","yoast_head_json":{"title":"Wayfarer Sonnenbrille | Gallant - Woed","description":"Entdecken Sie die perfekte Mischung aus Stil und Haltbarkeit mit unserer Woed Wayfarer Sonnenbrille, genannt Lyrata. Diese einzigartige Sonnenbrille hat einen matten gr\u00fcnen Kunststoffrahmen, der m\u00fchelos jeden Look erg\u00e4nzt.","robots":{"index":"index","follow":"follow","max-snippet":"max-snippet:-1","max-image-preview":"max-image-preview:large","max-video-preview":"max-video-preview:-1"},"canonical":"https:\/\/woedonline.nl\/de\/shop\/sonnenbrille-aus-holz\/wayfarer-de\/wayfarer-sonnenbrille-lyrata-kopie\/","og_locale":"de_DE","og_type":"article","og_title":"Wayfarer Sonnenbrille | Gallant - Woed","og_description":"Entdecken Sie die perfekte Mischung aus Stil und Haltbarkeit mit unserer Woed Wayfarer Sonnenbrille, genannt Lyrata. Diese einzigartige Sonnenbrille hat einen matten gr\u00fcnen Kunststoffrahmen, der m\u00fchelos jeden Look erg\u00e4nzt.","og_url":"https:\/\/woedonline.nl\/de\/shop\/sonnenbrille-aus-holz\/wayfarer-de\/wayfarer-sonnenbrille-lyrata-kopie\/","og_site_name":"Woed","article_publisher":"https:\/\/www.facebook.com\/Woedshop\/","article_modified_time":"2025-10-31T10:42:43+00:00","og_image":[{"width":800,"height":800,"url":"https:\/\/woedonline.nl\/wp-content\/uploads\/2025\/04\/Woed-wayfarer-Gallant.jpg","type":"image\/jpeg"}],"twitter_card":"summary_large_image","schema":{"@context":"https:\/\/schema.org","@graph":[{"@type":"WebPage","@id":"https:\/\/woedonline.nl\/de\/shop\/sonnenbrille-aus-holz\/wayfarer-de\/wayfarer-sonnenbrille-lyrata-kopie\/","url":"https:\/\/woedonline.nl\/de\/shop\/sonnenbrille-aus-holz\/wayfarer-de\/wayfarer-sonnenbrille-lyrata-kopie\/","name":"Wayfarer Sonnenbrille | Gallant - Woed","isPartOf":{"@id":"https:\/\/woedonline.nl\/de\/#website"},"primaryImageOfPage":{"@id":"https:\/\/woedonline.nl\/de\/shop\/sonnenbrille-aus-holz\/wayfarer-de\/wayfarer-sonnenbrille-lyrata-kopie\/#primaryimage"},"image":{"@id":"https:\/\/woedonline.nl\/de\/shop\/sonnenbrille-aus-holz\/wayfarer-de\/wayfarer-sonnenbrille-lyrata-kopie\/#primaryimage"},"thumbnailUrl":"https:\/\/woedonline.nl\/wp-content\/uploads\/2025\/04\/Woed-wayfarer-Gallant.jpg","datePublished":"2025-04-02T04:24:15+00:00","dateModified":"2025-10-31T10:42:43+00:00","description":"Entdecken Sie die perfekte Mischung aus Stil und Haltbarkeit mit unserer Woed Wayfarer Sonnenbrille, genannt Lyrata. Diese einzigartige Sonnenbrille hat einen matten gr\u00fcnen Kunststoffrahmen, der m\u00fchelos jeden Look erg\u00e4nzt.","breadcrumb":{"@id":"https:\/\/woedonline.nl\/de\/shop\/sonnenbrille-aus-holz\/wayfarer-de\/wayfarer-sonnenbrille-lyrata-kopie\/#breadcrumb"},"inLanguage":"de","potentialAction":[{"@type":"ReadAction","target":["https:\/\/woedonline.nl\/de\/shop\/sonnenbrille-aus-holz\/wayfarer-de\/wayfarer-sonnenbrille-lyrata-kopie\/"]}]},{"@type":"ImageObject","inLanguage":"de","@id":"https:\/\/woedonline.nl\/de\/shop\/sonnenbrille-aus-holz\/wayfarer-de\/wayfarer-sonnenbrille-lyrata-kopie\/#primaryimage","url":"https:\/\/woedonline.nl\/wp-content\/uploads\/2025\/04\/Woed-wayfarer-Gallant.jpg","contentUrl":"https:\/\/woedonline.nl\/wp-content\/uploads\/2025\/04\/Woed-wayfarer-Gallant.jpg","width":800,"height":800},{"@type":"BreadcrumbList","@id":"https:\/\/woedonline.nl\/de\/shop\/sonnenbrille-aus-holz\/wayfarer-de\/wayfarer-sonnenbrille-lyrata-kopie\/#breadcrumb","itemListElement":[{"@type":"ListItem","position":1,"name":"Startseite","item":"https:\/\/woedonline.nl\/de\/"},{"@type":"ListItem","position":2,"name":"Shop","item":"https:\/\/woedonline.nl\/de\/shop\/"},{"@type":"ListItem","position":3,"name":"Wayfarer Sonnenbrille | Gallant"}]},{"@type":"WebSite","@id":"https:\/\/woedonline.nl\/de\/#website","url":"https:\/\/woedonline.nl\/de\/","name":"Woed","description":"Geen boomknuffels, wel een houten feestje voor jou","publisher":{"@id":"https:\/\/woedonline.nl\/de\/#organization"},"alternateName":"W","potentialAction":[{"@type":"SearchAction","target":{"@type":"EntryPoint","urlTemplate":"https:\/\/woedonline.nl\/de\/?s={search_term_string}"},"query-input":{"@type":"PropertyValueSpecification","valueRequired":true,"valueName":"search_term_string"}}],"inLanguage":"de"},{"@type":"Organization","@id":"https:\/\/woedonline.nl\/de\/#organization","name":"Woed","alternateName":"W","url":"https:\/\/woedonline.nl\/de\/","logo":{"@type":"ImageObject","inLanguage":"de","@id":"https:\/\/woedonline.nl\/de\/#\/schema\/logo\/image\/","url":"https:\/\/woedonline.nl\/wp-content\/uploads\/2016\/05\/Wood-logo-name-png.png","contentUrl":"https:\/\/woedonline.nl\/wp-content\/uploads\/2016\/05\/Wood-logo-name-png.png","width":250,"height":89,"caption":"Woed"},"image":{"@id":"https:\/\/woedonline.nl\/de\/#\/schema\/logo\/image\/"},"sameAs":["https:\/\/www.facebook.com\/Woedshop\/","https:\/\/www.instagram.com\/woed.eu"]}]}},"_links":{"self":[{"href":"https:\/\/woedonline.nl\/de\/wp-json\/wp\/v2\/product\/382275","targetHints":{"allow":["GET"]}}],"collection":[{"href":"https:\/\/woedonline.nl\/de\/wp-json\/wp\/v2\/product"}],"about":[{"href":"https:\/\/woedonline.nl\/de\/wp-json\/wp\/v2\/types\/product"}],"replies":[{"embeddable":true,"href":"https:\/\/woedonline.nl\/de\/wp-json\/wp\/v2\/comments?post=382275"}],"wp:featuredmedia":[{"embeddable":true,"href":"https:\/\/woedonline.nl\/de\/wp-json\/wp\/v2\/media\/389719"}],"wp:attachment":[{"href":"https:\/\/woedonline.nl\/de\/wp-json\/wp\/v2\/media?parent=382275"}],"wp:term":[{"taxonomy":"product_brand","embeddable":true,"href":"https:\/\/woedonline.nl\/de\/wp-json\/wp\/v2\/product_brand?post=382275"},{"taxonomy":"product_cat","embeddable":true,"href":"https:\/\/woedonline.nl\/de\/wp-json\/wp\/v2\/product_cat?post=382275"},{"taxonomy":"product_tag","embeddable":true,"href":"https:\/\/woedonline.nl\/de\/wp-json\/wp\/v2\/product_tag?post=382275"}],"curies":[{"name":"wp","href":"https:\/\/api.w.org\/{rel}","templated":true}]}}