{"id":381160,"date":"2024-04-30T11:56:43","date_gmt":"2024-04-30T09:56:43","guid":{"rendered":"https:\/\/woedonline.nl\/shop\/unkategorisiert\/wayfarer-sonnenbrille-dandelion\/"},"modified":"2026-03-10T08:56:31","modified_gmt":"2026-03-10T07:56:31","slug":"wayfarer-sonnenbrille-dandelion","status":"publish","type":"product","link":"https:\/\/woedonline.nl\/de\/shop\/sonnenbrille-aus-holz\/wayfarer-de\/wayfarer-sonnenbrille-dandelion\/","title":{"rendered":"Wayfarer-Sonnenbrille | Dandelion"},"content":{"rendered":"<p>Wir stellen vor: die Dandelion Wayfarer-Sonnenbrille, Ihr ultimativer Begleiter f\u00fcr stilvollen Sonnenschutz! Mit ihrem modernen mattgrauen Kunststoffrahmen und den eleganten dunkelbraunen Holzbeinen strahlt diese Brille Klasse aus.<\/p>\n<p>Die Gl\u00e4ser dieser Sonnenbrille sind braun get\u00f6nt und bieten einen 400UV-Schutz, der Ihre Augen vor den sch\u00e4dlichen Sonnenstrahlen sch\u00fctzt, ohne dass Sie auf Stil verzichten m\u00fcssen. Egal, ob Sie am Strand liegen, in der Stadt spazieren gehen oder einfach einen sonnigen Tag in der Natur genie\u00dfen, die Dandelion-Sonnenbrille ist f\u00fcr Sie da.<\/p>\n<p>Das authentische Holzmaterial der Beine verleiht einen Hauch von nat\u00fcrlicher Sch\u00f6nheit und bietet gleichzeitig Langlebigkeit und Komfort f\u00fcr eine langfristige Nutzung. Die Sonnenbrille wird mit einem praktischen Reinigungstuch und einem Aufbewahrungsbeutel geliefert und ist damit nicht nur ein Accessoire, sondern auch ein praktischer Gegenstand, den man \u00fcberallhin mitnehmen kann.<\/p>\n","protected":false},"excerpt":{"rendered":"<p>\u2714F\u00fcr Sie und Ihn \u2714100% nat\u00fcrliche Materialien \u2714Wasserfest \u2714Leicht und bequem \u2714Fu\u00df aus echtem Holz! \u2714Umweltschutz durch UV-400 Glas \u2714Inklusive Aufbewahrungsbeutel und Poliertuch<\/p>\n","protected":false},"featured_media":381470,"comment_status":"open","ping_status":"closed","template":"","meta":[],"product_brand":[],"product_cat":[817,583],"product_tag":[],"class_list":{"0":"post-381160","1":"product","2":"type-product","3":"status-publish","4":"has-post-thumbnail","6":"product_cat-sonnenbrille-aus-holz","7":"product_cat-wayfarer-de","8":"product_shipping_class-armbander-uhr-sonnenbrille-de","10":"first","11":"instock","12":"taxable","13":"shipping-taxable","14":"purchasable","15":"product-type-simple"},"yoast_head":"<!-- This site is optimized with the Yoast SEO plugin v27.4 - https:\/\/yoast.com\/product\/yoast-seo-wordpress\/ -->\n<title>Wayfarer-Sonnenbrille | Dandelion - Woed<\/title>\n<meta name=\"description\" content=\"die Dandelion Wayfarer-Sonnenbrille, Ihr ultimativer Begleiter f\u00fcr stilvollen Sonnenschutz! Mit ihrem modernen mattgrauen Kunststoffrahmen und den eleganten dunkelbraunen Holzbeinen strahlt diese Brille Klasse aus.\" \/>\n<meta name=\"robots\" content=\"index, follow, max-snippet:-1, max-image-preview:large, max-video-preview:-1\" \/>\n<link rel=\"canonical\" href=\"https:\/\/woedonline.nl\/de\/shop\/sonnenbrille-aus-holz\/wayfarer-de\/wayfarer-sonnenbrille-dandelion\/\" \/>\n<meta property=\"og:locale\" content=\"de_DE\" \/>\n<meta property=\"og:type\" content=\"article\" \/>\n<meta property=\"og:title\" content=\"Wayfarer-Sonnenbrille | Dandelion - Woed\" \/>\n<meta property=\"og:description\" content=\"die Dandelion Wayfarer-Sonnenbrille, Ihr ultimativer Begleiter f\u00fcr stilvollen Sonnenschutz! Mit ihrem modernen mattgrauen Kunststoffrahmen und den eleganten dunkelbraunen Holzbeinen strahlt diese Brille Klasse aus.\" \/>\n<meta property=\"og:url\" content=\"https:\/\/woedonline.nl\/de\/shop\/sonnenbrille-aus-holz\/wayfarer-de\/wayfarer-sonnenbrille-dandelion\/\" \/>\n<meta property=\"og:site_name\" content=\"Woed\" \/>\n<meta property=\"article:publisher\" content=\"https:\/\/www.facebook.com\/Woedshop\/\" \/>\n<meta property=\"article:modified_time\" content=\"2026-03-10T07:56:31+00:00\" \/>\n<meta property=\"og:image\" content=\"https:\/\/woedonline.nl\/wp-content\/uploads\/2024\/04\/Woed-wayfarer-Paardenbloem-jpg.webp\" \/>\n\t<meta property=\"og:image:width\" content=\"800\" \/>\n\t<meta property=\"og:image:height\" content=\"800\" \/>\n\t<meta property=\"og:image:type\" content=\"image\/jpeg\" \/>\n<meta name=\"twitter:card\" content=\"summary_large_image\" \/>\n<meta name=\"twitter:label1\" content=\"Gesch\u00e4tzte Lesezeit\" \/>\n\t<meta name=\"twitter:data1\" content=\"1\u00a0Minute\" \/>\n<script type=\"application\/ld+json\" class=\"yoast-schema-graph\">{\"@context\":\"https:\\\/\\\/schema.org\",\"@graph\":[{\"@type\":\"WebPage\",\"@id\":\"https:\\\/\\\/woedonline.nl\\\/de\\\/shop\\\/sonnenbrille-aus-holz\\\/wayfarer-de\\\/wayfarer-sonnenbrille-dandelion\\\/\",\"url\":\"https:\\\/\\\/woedonline.nl\\\/de\\\/shop\\\/sonnenbrille-aus-holz\\\/wayfarer-de\\\/wayfarer-sonnenbrille-dandelion\\\/\",\"name\":\"Wayfarer-Sonnenbrille | Dandelion - Woed\",\"isPartOf\":{\"@id\":\"https:\\\/\\\/woedonline.nl\\\/de\\\/#website\"},\"primaryImageOfPage\":{\"@id\":\"https:\\\/\\\/woedonline.nl\\\/de\\\/shop\\\/sonnenbrille-aus-holz\\\/wayfarer-de\\\/wayfarer-sonnenbrille-dandelion\\\/#primaryimage\"},\"image\":{\"@id\":\"https:\\\/\\\/woedonline.nl\\\/de\\\/shop\\\/sonnenbrille-aus-holz\\\/wayfarer-de\\\/wayfarer-sonnenbrille-dandelion\\\/#primaryimage\"},\"thumbnailUrl\":\"https:\\\/\\\/woedonline.nl\\\/wp-content\\\/uploads\\\/2024\\\/04\\\/Woed-wayfarer-Paardenbloem-jpg.webp\",\"datePublished\":\"2024-04-30T09:56:43+00:00\",\"dateModified\":\"2026-03-10T07:56:31+00:00\",\"description\":\"die Dandelion Wayfarer-Sonnenbrille, Ihr ultimativer Begleiter f\u00fcr stilvollen Sonnenschutz! Mit ihrem modernen mattgrauen Kunststoffrahmen und den eleganten dunkelbraunen Holzbeinen strahlt diese Brille Klasse aus.\",\"breadcrumb\":{\"@id\":\"https:\\\/\\\/woedonline.nl\\\/de\\\/shop\\\/sonnenbrille-aus-holz\\\/wayfarer-de\\\/wayfarer-sonnenbrille-dandelion\\\/#breadcrumb\"},\"inLanguage\":\"de\",\"potentialAction\":[{\"@type\":\"ReadAction\",\"target\":[\"https:\\\/\\\/woedonline.nl\\\/de\\\/shop\\\/sonnenbrille-aus-holz\\\/wayfarer-de\\\/wayfarer-sonnenbrille-dandelion\\\/\"]}]},{\"@type\":\"ImageObject\",\"inLanguage\":\"de\",\"@id\":\"https:\\\/\\\/woedonline.nl\\\/de\\\/shop\\\/sonnenbrille-aus-holz\\\/wayfarer-de\\\/wayfarer-sonnenbrille-dandelion\\\/#primaryimage\",\"url\":\"https:\\\/\\\/woedonline.nl\\\/wp-content\\\/uploads\\\/2024\\\/04\\\/Woed-wayfarer-Paardenbloem-jpg.webp\",\"contentUrl\":\"https:\\\/\\\/woedonline.nl\\\/wp-content\\\/uploads\\\/2024\\\/04\\\/Woed-wayfarer-Paardenbloem-jpg.webp\",\"width\":800,\"height\":800},{\"@type\":\"BreadcrumbList\",\"@id\":\"https:\\\/\\\/woedonline.nl\\\/de\\\/shop\\\/sonnenbrille-aus-holz\\\/wayfarer-de\\\/wayfarer-sonnenbrille-dandelion\\\/#breadcrumb\",\"itemListElement\":[{\"@type\":\"ListItem\",\"position\":1,\"name\":\"Startseite\",\"item\":\"https:\\\/\\\/woedonline.nl\\\/de\\\/\"},{\"@type\":\"ListItem\",\"position\":2,\"name\":\"Shop\",\"item\":\"https:\\\/\\\/woedonline.nl\\\/de\\\/shop\\\/\"},{\"@type\":\"ListItem\",\"position\":3,\"name\":\"Wayfarer-Sonnenbrille | Dandelion\"}]},{\"@type\":\"WebSite\",\"@id\":\"https:\\\/\\\/woedonline.nl\\\/de\\\/#website\",\"url\":\"https:\\\/\\\/woedonline.nl\\\/de\\\/\",\"name\":\"Woed\",\"description\":\"Geen boomknuffels, wel een houten feestje voor jou\",\"publisher\":{\"@id\":\"https:\\\/\\\/woedonline.nl\\\/de\\\/#organization\"},\"alternateName\":\"W\",\"potentialAction\":[{\"@type\":\"SearchAction\",\"target\":{\"@type\":\"EntryPoint\",\"urlTemplate\":\"https:\\\/\\\/woedonline.nl\\\/de\\\/?s={search_term_string}\"},\"query-input\":{\"@type\":\"PropertyValueSpecification\",\"valueRequired\":true,\"valueName\":\"search_term_string\"}}],\"inLanguage\":\"de\"},{\"@type\":\"Organization\",\"@id\":\"https:\\\/\\\/woedonline.nl\\\/de\\\/#organization\",\"name\":\"Woed\",\"alternateName\":\"W\",\"url\":\"https:\\\/\\\/woedonline.nl\\\/de\\\/\",\"logo\":{\"@type\":\"ImageObject\",\"inLanguage\":\"de\",\"@id\":\"https:\\\/\\\/woedonline.nl\\\/de\\\/#\\\/schema\\\/logo\\\/image\\\/\",\"url\":\"https:\\\/\\\/woedonline.nl\\\/wp-content\\\/uploads\\\/2016\\\/05\\\/Wood-logo-name-png.png\",\"contentUrl\":\"https:\\\/\\\/woedonline.nl\\\/wp-content\\\/uploads\\\/2016\\\/05\\\/Wood-logo-name-png.png\",\"width\":250,\"height\":89,\"caption\":\"Woed\"},\"image\":{\"@id\":\"https:\\\/\\\/woedonline.nl\\\/de\\\/#\\\/schema\\\/logo\\\/image\\\/\"},\"sameAs\":[\"https:\\\/\\\/www.facebook.com\\\/Woedshop\\\/\",\"https:\\\/\\\/www.instagram.com\\\/woed.eu\"]}]}<\/script>\n<!-- \/ Yoast SEO plugin. -->","yoast_head_json":{"title":"Wayfarer-Sonnenbrille | Dandelion - Woed","description":"die Dandelion Wayfarer-Sonnenbrille, Ihr ultimativer Begleiter f\u00fcr stilvollen Sonnenschutz! Mit ihrem modernen mattgrauen Kunststoffrahmen und den eleganten dunkelbraunen Holzbeinen strahlt diese Brille Klasse aus.","robots":{"index":"index","follow":"follow","max-snippet":"max-snippet:-1","max-image-preview":"max-image-preview:large","max-video-preview":"max-video-preview:-1"},"canonical":"https:\/\/woedonline.nl\/de\/shop\/sonnenbrille-aus-holz\/wayfarer-de\/wayfarer-sonnenbrille-dandelion\/","og_locale":"de_DE","og_type":"article","og_title":"Wayfarer-Sonnenbrille | Dandelion - Woed","og_description":"die Dandelion Wayfarer-Sonnenbrille, Ihr ultimativer Begleiter f\u00fcr stilvollen Sonnenschutz! Mit ihrem modernen mattgrauen Kunststoffrahmen und den eleganten dunkelbraunen Holzbeinen strahlt diese Brille Klasse aus.","og_url":"https:\/\/woedonline.nl\/de\/shop\/sonnenbrille-aus-holz\/wayfarer-de\/wayfarer-sonnenbrille-dandelion\/","og_site_name":"Woed","article_publisher":"https:\/\/www.facebook.com\/Woedshop\/","article_modified_time":"2026-03-10T07:56:31+00:00","og_image":[{"width":800,"height":800,"url":"https:\/\/woedonline.nl\/wp-content\/uploads\/2024\/04\/Woed-wayfarer-Paardenbloem-jpg.webp","type":"image\/jpeg"}],"twitter_card":"summary_large_image","twitter_misc":{"Gesch\u00e4tzte Lesezeit":"1\u00a0Minute"},"schema":{"@context":"https:\/\/schema.org","@graph":[{"@type":"WebPage","@id":"https:\/\/woedonline.nl\/de\/shop\/sonnenbrille-aus-holz\/wayfarer-de\/wayfarer-sonnenbrille-dandelion\/","url":"https:\/\/woedonline.nl\/de\/shop\/sonnenbrille-aus-holz\/wayfarer-de\/wayfarer-sonnenbrille-dandelion\/","name":"Wayfarer-Sonnenbrille | Dandelion - Woed","isPartOf":{"@id":"https:\/\/woedonline.nl\/de\/#website"},"primaryImageOfPage":{"@id":"https:\/\/woedonline.nl\/de\/shop\/sonnenbrille-aus-holz\/wayfarer-de\/wayfarer-sonnenbrille-dandelion\/#primaryimage"},"image":{"@id":"https:\/\/woedonline.nl\/de\/shop\/sonnenbrille-aus-holz\/wayfarer-de\/wayfarer-sonnenbrille-dandelion\/#primaryimage"},"thumbnailUrl":"https:\/\/woedonline.nl\/wp-content\/uploads\/2024\/04\/Woed-wayfarer-Paardenbloem-jpg.webp","datePublished":"2024-04-30T09:56:43+00:00","dateModified":"2026-03-10T07:56:31+00:00","description":"die Dandelion Wayfarer-Sonnenbrille, Ihr ultimativer Begleiter f\u00fcr stilvollen Sonnenschutz! Mit ihrem modernen mattgrauen Kunststoffrahmen und den eleganten dunkelbraunen Holzbeinen strahlt diese Brille Klasse aus.","breadcrumb":{"@id":"https:\/\/woedonline.nl\/de\/shop\/sonnenbrille-aus-holz\/wayfarer-de\/wayfarer-sonnenbrille-dandelion\/#breadcrumb"},"inLanguage":"de","potentialAction":[{"@type":"ReadAction","target":["https:\/\/woedonline.nl\/de\/shop\/sonnenbrille-aus-holz\/wayfarer-de\/wayfarer-sonnenbrille-dandelion\/"]}]},{"@type":"ImageObject","inLanguage":"de","@id":"https:\/\/woedonline.nl\/de\/shop\/sonnenbrille-aus-holz\/wayfarer-de\/wayfarer-sonnenbrille-dandelion\/#primaryimage","url":"https:\/\/woedonline.nl\/wp-content\/uploads\/2024\/04\/Woed-wayfarer-Paardenbloem-jpg.webp","contentUrl":"https:\/\/woedonline.nl\/wp-content\/uploads\/2024\/04\/Woed-wayfarer-Paardenbloem-jpg.webp","width":800,"height":800},{"@type":"BreadcrumbList","@id":"https:\/\/woedonline.nl\/de\/shop\/sonnenbrille-aus-holz\/wayfarer-de\/wayfarer-sonnenbrille-dandelion\/#breadcrumb","itemListElement":[{"@type":"ListItem","position":1,"name":"Startseite","item":"https:\/\/woedonline.nl\/de\/"},{"@type":"ListItem","position":2,"name":"Shop","item":"https:\/\/woedonline.nl\/de\/shop\/"},{"@type":"ListItem","position":3,"name":"Wayfarer-Sonnenbrille | Dandelion"}]},{"@type":"WebSite","@id":"https:\/\/woedonline.nl\/de\/#website","url":"https:\/\/woedonline.nl\/de\/","name":"Woed","description":"Geen boomknuffels, wel een houten feestje voor jou","publisher":{"@id":"https:\/\/woedonline.nl\/de\/#organization"},"alternateName":"W","potentialAction":[{"@type":"SearchAction","target":{"@type":"EntryPoint","urlTemplate":"https:\/\/woedonline.nl\/de\/?s={search_term_string}"},"query-input":{"@type":"PropertyValueSpecification","valueRequired":true,"valueName":"search_term_string"}}],"inLanguage":"de"},{"@type":"Organization","@id":"https:\/\/woedonline.nl\/de\/#organization","name":"Woed","alternateName":"W","url":"https:\/\/woedonline.nl\/de\/","logo":{"@type":"ImageObject","inLanguage":"de","@id":"https:\/\/woedonline.nl\/de\/#\/schema\/logo\/image\/","url":"https:\/\/woedonline.nl\/wp-content\/uploads\/2016\/05\/Wood-logo-name-png.png","contentUrl":"https:\/\/woedonline.nl\/wp-content\/uploads\/2016\/05\/Wood-logo-name-png.png","width":250,"height":89,"caption":"Woed"},"image":{"@id":"https:\/\/woedonline.nl\/de\/#\/schema\/logo\/image\/"},"sameAs":["https:\/\/www.facebook.com\/Woedshop\/","https:\/\/www.instagram.com\/woed.eu"]}]}},"_links":{"self":[{"href":"https:\/\/woedonline.nl\/de\/wp-json\/wp\/v2\/product\/381160","targetHints":{"allow":["GET"]}}],"collection":[{"href":"https:\/\/woedonline.nl\/de\/wp-json\/wp\/v2\/product"}],"about":[{"href":"https:\/\/woedonline.nl\/de\/wp-json\/wp\/v2\/types\/product"}],"replies":[{"embeddable":true,"href":"https:\/\/woedonline.nl\/de\/wp-json\/wp\/v2\/comments?post=381160"}],"wp:featuredmedia":[{"embeddable":true,"href":"https:\/\/woedonline.nl\/de\/wp-json\/wp\/v2\/media\/381470"}],"wp:attachment":[{"href":"https:\/\/woedonline.nl\/de\/wp-json\/wp\/v2\/media?parent=381160"}],"wp:term":[{"taxonomy":"product_brand","embeddable":true,"href":"https:\/\/woedonline.nl\/de\/wp-json\/wp\/v2\/product_brand?post=381160"},{"taxonomy":"product_cat","embeddable":true,"href":"https:\/\/woedonline.nl\/de\/wp-json\/wp\/v2\/product_cat?post=381160"},{"taxonomy":"product_tag","embeddable":true,"href":"https:\/\/woedonline.nl\/de\/wp-json\/wp\/v2\/product_tag?post=381160"}],"curies":[{"name":"wp","href":"https:\/\/api.w.org\/{rel}","templated":true}]}}