{"id":380756,"date":"2024-03-06T11:56:09","date_gmt":"2024-03-06T09:56:09","guid":{"rendered":"https:\/\/woedonline.nl\/?post_type=product&#038;p=380756"},"modified":"2026-04-08T10:28:40","modified_gmt":"2026-04-08T08:28:40","slug":"snapback-kitsune-de","status":"publish","type":"product","link":"https:\/\/woedonline.nl\/de\/shop\/alle-kappen\/snapback-de\/snapback-kitsune-de\/","title":{"rendered":"Schnappverschluss | Kitsune"},"content":{"rendered":"<div>Inspiriert von dem anmutigen und geheimnisvollen Fuchs, repr\u00e4sentiert diese M\u00fctze die Subtilit\u00e4t und St\u00e4rke der Kitsune (japanisch: \u72d0).<\/div>\n<div><\/div>\n<div>Die Kitsune-M\u00fctze aus einem hochwertigen Hanf-Baumwoll-Gemisch ist nicht nur strapazierf\u00e4hig, sondern bietet auch einen atmungsaktiven Tragekomfort, der sich f\u00fcr jede Gelegenheit eignet. Egal, ob du durch die Stra\u00dfen ziehst oder einfach nur in der Sonne entspannst, diese Kappe h\u00e4lt dich cool und stylish. <\/div>\n<div><\/div>\n<div>Die auffallend orangefarbene Kitsune-M\u00fctze hat einen Gummiaufn\u00e4her auf der Vorderseite, auf dem eine raffinierte japanische Sonne abgebildet ist. Der Deckel aus leichtem Kork sorgt f\u00fcr einen nat\u00fcrlichen Touch und ist unten mit einem sch\u00f6nen Kitsune-Motiv verziert, das ihn zu einem echten Blickfang macht. <\/div>\n<div><\/div>\n<div>Mit einem Schnappverschluss aus Kunststoff auf der R\u00fcckseite bietet die Kitsune-M\u00fctze eine verstellbare Passform f\u00fcr ultimativen Komfort und Bequemlichkeit.<\/div>\n","protected":false},"excerpt":{"rendered":"<ul>\n<li>6-Panel-M\u00fctze<\/li>\n<li>Einheitsgr\u00f6\u00dfe - (54-61 cm)<\/li>\n<li>Hohe Qualit\u00e4t<\/li>\n<li>100% nat\u00fcrliches Material<\/li>\n<li>Hergestellt aus echtem Kork<\/li>\n<li>Leicht und bequem<\/li>\n<li>Entworfen in den Niederlanden<\/li>\n<\/ul>\n","protected":false},"featured_media":380968,"comment_status":"open","ping_status":"closed","template":"","meta":[],"product_brand":[],"product_cat":[715,861,460],"product_tag":[582],"class_list":{"0":"post-380756","1":"product","2":"type-product","3":"status-publish","4":"has-post-thumbnail","6":"product_cat-alle-kappen","7":"product_cat-hanf-kollektion","8":"product_cat-snapback-de","9":"product_tag-snapback-de","10":"product_shipping_class-paket","12":"first","13":"instock","14":"taxable","15":"shipping-taxable","16":"purchasable","17":"product-type-simple"},"yoast_head":"<!-- This site is optimized with the Yoast SEO plugin v27.4 - https:\/\/yoast.com\/product\/yoast-seo-wordpress\/ -->\n<title>Schnappverschluss | Kitsune - Woed<\/title>\n<meta name=\"description\" content=\"Die &quot;Space&quot; Snapback Kappe wurde mit dem Gedanken an Anpassungsf\u00e4higkeit entworfen. Auf der R\u00fcckseite befindet sich ein praktischer Schnappverschluss aus Kunststoff, mit dem die Kappe m\u00fchelos angepasst werden kann, damit sie perfekt sitzt.\" \/>\n<meta name=\"robots\" content=\"index, follow, max-snippet:-1, max-image-preview:large, max-video-preview:-1\" \/>\n<link rel=\"canonical\" href=\"https:\/\/woedonline.nl\/de\/shop\/alle-kappen\/snapback-de\/snapback-kitsune-de\/\" \/>\n<meta property=\"og:locale\" content=\"de_DE\" \/>\n<meta property=\"og:type\" content=\"article\" \/>\n<meta property=\"og:title\" content=\"Schnappverschluss | Kitsune - Woed\" \/>\n<meta property=\"og:description\" content=\"Die &quot;Space&quot; Snapback Kappe wurde mit dem Gedanken an Anpassungsf\u00e4higkeit entworfen. Auf der R\u00fcckseite befindet sich ein praktischer Schnappverschluss aus Kunststoff, mit dem die Kappe m\u00fchelos angepasst werden kann, damit sie perfekt sitzt.\" \/>\n<meta property=\"og:url\" content=\"https:\/\/woedonline.nl\/de\/shop\/alle-kappen\/snapback-de\/snapback-kitsune-de\/\" \/>\n<meta property=\"og:site_name\" content=\"Woed\" \/>\n<meta property=\"article:publisher\" content=\"https:\/\/www.facebook.com\/Woedshop\/\" \/>\n<meta property=\"article:modified_time\" content=\"2026-04-08T08:28:40+00:00\" \/>\n<meta property=\"og:image\" content=\"https:\/\/woedonline.nl\/wp-content\/uploads\/2024\/03\/Woed-snapback-Kitsune-1-jpg.webp\" \/>\n\t<meta property=\"og:image:width\" content=\"800\" \/>\n\t<meta property=\"og:image:height\" content=\"800\" \/>\n\t<meta property=\"og:image:type\" content=\"image\/jpeg\" \/>\n<meta name=\"twitter:card\" content=\"summary_large_image\" \/>\n<meta name=\"twitter:label1\" content=\"Gesch\u00e4tzte Lesezeit\" \/>\n\t<meta name=\"twitter:data1\" content=\"1\u00a0Minute\" \/>\n<script type=\"application\/ld+json\" class=\"yoast-schema-graph\">{\"@context\":\"https:\\\/\\\/schema.org\",\"@graph\":[{\"@type\":\"WebPage\",\"@id\":\"https:\\\/\\\/woedonline.nl\\\/de\\\/shop\\\/alle-kappen\\\/snapback-de\\\/snapback-kitsune-de\\\/\",\"url\":\"https:\\\/\\\/woedonline.nl\\\/de\\\/shop\\\/alle-kappen\\\/snapback-de\\\/snapback-kitsune-de\\\/\",\"name\":\"Schnappverschluss | Kitsune - Woed\",\"isPartOf\":{\"@id\":\"https:\\\/\\\/woedonline.nl\\\/de\\\/#website\"},\"primaryImageOfPage\":{\"@id\":\"https:\\\/\\\/woedonline.nl\\\/de\\\/shop\\\/alle-kappen\\\/snapback-de\\\/snapback-kitsune-de\\\/#primaryimage\"},\"image\":{\"@id\":\"https:\\\/\\\/woedonline.nl\\\/de\\\/shop\\\/alle-kappen\\\/snapback-de\\\/snapback-kitsune-de\\\/#primaryimage\"},\"thumbnailUrl\":\"https:\\\/\\\/woedonline.nl\\\/wp-content\\\/uploads\\\/2024\\\/03\\\/Woed-snapback-Kitsune-1-jpg.webp\",\"datePublished\":\"2024-03-06T09:56:09+00:00\",\"dateModified\":\"2026-04-08T08:28:40+00:00\",\"description\":\"Die \\\"Space\\\" Snapback Kappe wurde mit dem Gedanken an Anpassungsf\u00e4higkeit entworfen. Auf der R\u00fcckseite befindet sich ein praktischer Schnappverschluss aus Kunststoff, mit dem die Kappe m\u00fchelos angepasst werden kann, damit sie perfekt sitzt.\",\"breadcrumb\":{\"@id\":\"https:\\\/\\\/woedonline.nl\\\/de\\\/shop\\\/alle-kappen\\\/snapback-de\\\/snapback-kitsune-de\\\/#breadcrumb\"},\"inLanguage\":\"de\",\"potentialAction\":[{\"@type\":\"ReadAction\",\"target\":[\"https:\\\/\\\/woedonline.nl\\\/de\\\/shop\\\/alle-kappen\\\/snapback-de\\\/snapback-kitsune-de\\\/\"]}]},{\"@type\":\"ImageObject\",\"inLanguage\":\"de\",\"@id\":\"https:\\\/\\\/woedonline.nl\\\/de\\\/shop\\\/alle-kappen\\\/snapback-de\\\/snapback-kitsune-de\\\/#primaryimage\",\"url\":\"https:\\\/\\\/woedonline.nl\\\/wp-content\\\/uploads\\\/2024\\\/03\\\/Woed-snapback-Kitsune-1-jpg.webp\",\"contentUrl\":\"https:\\\/\\\/woedonline.nl\\\/wp-content\\\/uploads\\\/2024\\\/03\\\/Woed-snapback-Kitsune-1-jpg.webp\",\"width\":800,\"height\":800},{\"@type\":\"BreadcrumbList\",\"@id\":\"https:\\\/\\\/woedonline.nl\\\/de\\\/shop\\\/alle-kappen\\\/snapback-de\\\/snapback-kitsune-de\\\/#breadcrumb\",\"itemListElement\":[{\"@type\":\"ListItem\",\"position\":1,\"name\":\"Startseite\",\"item\":\"https:\\\/\\\/woedonline.nl\\\/de\\\/\"},{\"@type\":\"ListItem\",\"position\":2,\"name\":\"Shop\",\"item\":\"https:\\\/\\\/woedonline.nl\\\/de\\\/shop\\\/\"},{\"@type\":\"ListItem\",\"position\":3,\"name\":\"Schnappverschluss | Kitsune\"}]},{\"@type\":\"WebSite\",\"@id\":\"https:\\\/\\\/woedonline.nl\\\/de\\\/#website\",\"url\":\"https:\\\/\\\/woedonline.nl\\\/de\\\/\",\"name\":\"Woed\",\"description\":\"Geen boomknuffels, wel een houten feestje voor jou\",\"publisher\":{\"@id\":\"https:\\\/\\\/woedonline.nl\\\/de\\\/#organization\"},\"alternateName\":\"W\",\"potentialAction\":[{\"@type\":\"SearchAction\",\"target\":{\"@type\":\"EntryPoint\",\"urlTemplate\":\"https:\\\/\\\/woedonline.nl\\\/de\\\/?s={search_term_string}\"},\"query-input\":{\"@type\":\"PropertyValueSpecification\",\"valueRequired\":true,\"valueName\":\"search_term_string\"}}],\"inLanguage\":\"de\"},{\"@type\":\"Organization\",\"@id\":\"https:\\\/\\\/woedonline.nl\\\/de\\\/#organization\",\"name\":\"Woed\",\"alternateName\":\"W\",\"url\":\"https:\\\/\\\/woedonline.nl\\\/de\\\/\",\"logo\":{\"@type\":\"ImageObject\",\"inLanguage\":\"de\",\"@id\":\"https:\\\/\\\/woedonline.nl\\\/de\\\/#\\\/schema\\\/logo\\\/image\\\/\",\"url\":\"https:\\\/\\\/woedonline.nl\\\/wp-content\\\/uploads\\\/2016\\\/05\\\/Wood-logo-name-png.png\",\"contentUrl\":\"https:\\\/\\\/woedonline.nl\\\/wp-content\\\/uploads\\\/2016\\\/05\\\/Wood-logo-name-png.png\",\"width\":250,\"height\":89,\"caption\":\"Woed\"},\"image\":{\"@id\":\"https:\\\/\\\/woedonline.nl\\\/de\\\/#\\\/schema\\\/logo\\\/image\\\/\"},\"sameAs\":[\"https:\\\/\\\/www.facebook.com\\\/Woedshop\\\/\",\"https:\\\/\\\/www.instagram.com\\\/woed.eu\"]}]}<\/script>\n<!-- \/ Yoast SEO plugin. -->","yoast_head_json":{"title":"Schnappverschluss | Kitsune - Woed","description":"Die \"Space\" Snapback Kappe wurde mit dem Gedanken an Anpassungsf\u00e4higkeit entworfen. Auf der R\u00fcckseite befindet sich ein praktischer Schnappverschluss aus Kunststoff, mit dem die Kappe m\u00fchelos angepasst werden kann, damit sie perfekt sitzt.","robots":{"index":"index","follow":"follow","max-snippet":"max-snippet:-1","max-image-preview":"max-image-preview:large","max-video-preview":"max-video-preview:-1"},"canonical":"https:\/\/woedonline.nl\/de\/shop\/alle-kappen\/snapback-de\/snapback-kitsune-de\/","og_locale":"de_DE","og_type":"article","og_title":"Schnappverschluss | Kitsune - Woed","og_description":"Die \"Space\" Snapback Kappe wurde mit dem Gedanken an Anpassungsf\u00e4higkeit entworfen. Auf der R\u00fcckseite befindet sich ein praktischer Schnappverschluss aus Kunststoff, mit dem die Kappe m\u00fchelos angepasst werden kann, damit sie perfekt sitzt.","og_url":"https:\/\/woedonline.nl\/de\/shop\/alle-kappen\/snapback-de\/snapback-kitsune-de\/","og_site_name":"Woed","article_publisher":"https:\/\/www.facebook.com\/Woedshop\/","article_modified_time":"2026-04-08T08:28:40+00:00","og_image":[{"width":800,"height":800,"url":"https:\/\/woedonline.nl\/wp-content\/uploads\/2024\/03\/Woed-snapback-Kitsune-1-jpg.webp","type":"image\/jpeg"}],"twitter_card":"summary_large_image","twitter_misc":{"Gesch\u00e4tzte Lesezeit":"1\u00a0Minute"},"schema":{"@context":"https:\/\/schema.org","@graph":[{"@type":"WebPage","@id":"https:\/\/woedonline.nl\/de\/shop\/alle-kappen\/snapback-de\/snapback-kitsune-de\/","url":"https:\/\/woedonline.nl\/de\/shop\/alle-kappen\/snapback-de\/snapback-kitsune-de\/","name":"Schnappverschluss | Kitsune - Woed","isPartOf":{"@id":"https:\/\/woedonline.nl\/de\/#website"},"primaryImageOfPage":{"@id":"https:\/\/woedonline.nl\/de\/shop\/alle-kappen\/snapback-de\/snapback-kitsune-de\/#primaryimage"},"image":{"@id":"https:\/\/woedonline.nl\/de\/shop\/alle-kappen\/snapback-de\/snapback-kitsune-de\/#primaryimage"},"thumbnailUrl":"https:\/\/woedonline.nl\/wp-content\/uploads\/2024\/03\/Woed-snapback-Kitsune-1-jpg.webp","datePublished":"2024-03-06T09:56:09+00:00","dateModified":"2026-04-08T08:28:40+00:00","description":"Die \"Space\" Snapback Kappe wurde mit dem Gedanken an Anpassungsf\u00e4higkeit entworfen. Auf der R\u00fcckseite befindet sich ein praktischer Schnappverschluss aus Kunststoff, mit dem die Kappe m\u00fchelos angepasst werden kann, damit sie perfekt sitzt.","breadcrumb":{"@id":"https:\/\/woedonline.nl\/de\/shop\/alle-kappen\/snapback-de\/snapback-kitsune-de\/#breadcrumb"},"inLanguage":"de","potentialAction":[{"@type":"ReadAction","target":["https:\/\/woedonline.nl\/de\/shop\/alle-kappen\/snapback-de\/snapback-kitsune-de\/"]}]},{"@type":"ImageObject","inLanguage":"de","@id":"https:\/\/woedonline.nl\/de\/shop\/alle-kappen\/snapback-de\/snapback-kitsune-de\/#primaryimage","url":"https:\/\/woedonline.nl\/wp-content\/uploads\/2024\/03\/Woed-snapback-Kitsune-1-jpg.webp","contentUrl":"https:\/\/woedonline.nl\/wp-content\/uploads\/2024\/03\/Woed-snapback-Kitsune-1-jpg.webp","width":800,"height":800},{"@type":"BreadcrumbList","@id":"https:\/\/woedonline.nl\/de\/shop\/alle-kappen\/snapback-de\/snapback-kitsune-de\/#breadcrumb","itemListElement":[{"@type":"ListItem","position":1,"name":"Startseite","item":"https:\/\/woedonline.nl\/de\/"},{"@type":"ListItem","position":2,"name":"Shop","item":"https:\/\/woedonline.nl\/de\/shop\/"},{"@type":"ListItem","position":3,"name":"Schnappverschluss | Kitsune"}]},{"@type":"WebSite","@id":"https:\/\/woedonline.nl\/de\/#website","url":"https:\/\/woedonline.nl\/de\/","name":"Woed","description":"Geen boomknuffels, wel een houten feestje voor jou","publisher":{"@id":"https:\/\/woedonline.nl\/de\/#organization"},"alternateName":"W","potentialAction":[{"@type":"SearchAction","target":{"@type":"EntryPoint","urlTemplate":"https:\/\/woedonline.nl\/de\/?s={search_term_string}"},"query-input":{"@type":"PropertyValueSpecification","valueRequired":true,"valueName":"search_term_string"}}],"inLanguage":"de"},{"@type":"Organization","@id":"https:\/\/woedonline.nl\/de\/#organization","name":"Woed","alternateName":"W","url":"https:\/\/woedonline.nl\/de\/","logo":{"@type":"ImageObject","inLanguage":"de","@id":"https:\/\/woedonline.nl\/de\/#\/schema\/logo\/image\/","url":"https:\/\/woedonline.nl\/wp-content\/uploads\/2016\/05\/Wood-logo-name-png.png","contentUrl":"https:\/\/woedonline.nl\/wp-content\/uploads\/2016\/05\/Wood-logo-name-png.png","width":250,"height":89,"caption":"Woed"},"image":{"@id":"https:\/\/woedonline.nl\/de\/#\/schema\/logo\/image\/"},"sameAs":["https:\/\/www.facebook.com\/Woedshop\/","https:\/\/www.instagram.com\/woed.eu"]}]}},"_links":{"self":[{"href":"https:\/\/woedonline.nl\/de\/wp-json\/wp\/v2\/product\/380756","targetHints":{"allow":["GET"]}}],"collection":[{"href":"https:\/\/woedonline.nl\/de\/wp-json\/wp\/v2\/product"}],"about":[{"href":"https:\/\/woedonline.nl\/de\/wp-json\/wp\/v2\/types\/product"}],"replies":[{"embeddable":true,"href":"https:\/\/woedonline.nl\/de\/wp-json\/wp\/v2\/comments?post=380756"}],"wp:featuredmedia":[{"embeddable":true,"href":"https:\/\/woedonline.nl\/de\/wp-json\/wp\/v2\/media\/380968"}],"wp:attachment":[{"href":"https:\/\/woedonline.nl\/de\/wp-json\/wp\/v2\/media?parent=380756"}],"wp:term":[{"taxonomy":"product_brand","embeddable":true,"href":"https:\/\/woedonline.nl\/de\/wp-json\/wp\/v2\/product_brand?post=380756"},{"taxonomy":"product_cat","embeddable":true,"href":"https:\/\/woedonline.nl\/de\/wp-json\/wp\/v2\/product_cat?post=380756"},{"taxonomy":"product_tag","embeddable":true,"href":"https:\/\/woedonline.nl\/de\/wp-json\/wp\/v2\/product_tag?post=380756"}],"curies":[{"name":"wp","href":"https:\/\/api.w.org\/{rel}","templated":true}]}}