{"id":323962,"date":"2020-11-04T14:00:17","date_gmt":"2020-11-04T12:00:17","guid":{"rendered":"https:\/\/woedonline.nl\/shop\/unkategorisiert\/holzuhr-39mm-walnuss\/"},"modified":"2025-10-22T10:45:51","modified_gmt":"2025-10-22T08:45:51","slug":"holz-uhr-39mm-walnuss","status":"publish","type":"product","link":"https:\/\/woedonline.nl\/de\/shop\/uhren-aus-holz\/volles-holz\/holz-uhr-39mm-walnuss\/","title":{"rendered":"Holzuhr | 39mm | Walnuss"},"content":{"rendered":"<h1>WOED Holzuhr \"Walnuss\"<\/h1>\n<p>Sch\u00f6ne elegante Holzuhr f\u00fcr Damen. Das Geh\u00e4use ist aus Stahl gefertigt. Damit ist die Uhr wasserdicht bis 3ATM*. Sie ist aus hellem Walnussholz gefertigt und hat ein dunkles Holzzifferblatt, das farblich auf den Rest der Uhr abgestimmt ist. Eine ideale Uhr f\u00fcr alle Gelegenheiten und zu allen Kleidungsstilen. Die Uhr hat eine Breite von 39 mm.     <\/p>\n<p><strong><br \/>\n  <em>*3 ATM \/ 30<\/em><br \/>\n<\/strong> Meter (auch wasserdicht genannt): diese Uhren sind regen- und spritzwassergesch\u00fctzt<\/p>\n<h2>Gewicht und Verk\u00fcrzung beobachten<\/h2>\n<p>Unsere Premium-Uhr f\u00fchlt sich solide an und ist leicht. Sie sp\u00fcren kaum, dass Sie die Uhr tragen, was sehr angenehm ist. Die Uhr hat einen Durchmesser von 39 mm und ist damit sowohl f\u00fcr M\u00e4nner als auch f\u00fcr Frauen geeignet. Mit jeder Uhr, die Sie bei Woed kaufen, erhalten Sie ein Werkzeugset, damit Sie die Uhr selbst k\u00fcrzen k\u00f6nnen. Alle Informationen dazu finden Sie auf unserer Erkl\u00e4rungsseite oder in der beiliegenden Anleitung. Die Uhr wird innerhalb von 1 Werktag verschickt.     <\/p>\n<h2>Ein sehr langlebiger Kauf<\/h2>\n<p>Der Kauf einer Uhr aus Holz ist bereits eine ganz besondere Anschaffung, f\u00fcr die Sie viele Komplimente bekommen werden. Aber Ihr Kauf ist auch ein nachhaltiger Kauf. Durch den Kauf bei Woed sorgen wir daf\u00fcr, dass in Zusammenarbeit mit unserem Partner <a href=\"https:\/\/stichtingmeergroen.nl\/\">MeerGroen<\/a> ein Baum wieder aufgeforstet wird. Die Stichting MEERGroen setzt sich f\u00fcr eine Welt im Gleichgewicht mit dem uns umgebenden \u00d6kosystem ein. Dabei wollen wir nicht Kosten und Renditen in den Vordergrund stellen, sondern \u00f6kologisches Gleichgewicht und Freude an der gemeinsamen Schaffung einer gr\u00fcneren Welt. Deshalb engagieren wir uns u.a. zusammen mit Freiwilligengruppen im \u00f6kologischen Natur- und Gr\u00fcnfl\u00e4chenmanagement. Denn die Macht liegt in der Zusammenarbeit und der Nutzung der Macht der B\u00fcrger! Die Pflanzung eines Baumes pro verkaufter Uhr sorgt daf\u00fcr, dass wieder mehr gepflanzt wird. Ein sehr nachhaltiger Kauf also.        <\/p>\n","protected":false},"excerpt":{"rendered":"<p>\u271439mm (Unisex-Modell) \u2714100% echtes Holz \u2714Spritzwassergesch\u00fctzt 3ATM \u2714Leicht &amp; bequem \u2714Qualit\u00e4ts-Uhrwerk \u2714Stift zum K\u00fcrzen des Uhrenarmbands inklusive<\/p>\n","protected":false},"featured_media":319064,"comment_status":"open","ping_status":"closed","template":"","meta":[],"product_brand":[],"product_cat":[622],"product_tag":[621,617],"class_list":{"0":"post-323962","1":"product","2":"type-product","3":"status-publish","4":"has-post-thumbnail","6":"product_cat-volles-holz","7":"product_tag-ganzes-holz","8":"product_tag-holzuhr","9":"product_shipping_class-armbander-uhr-sonnenbrille-de","11":"first","12":"instock","13":"taxable","14":"shipping-taxable","15":"purchasable","16":"product-type-simple"},"yoast_head":"<!-- This site is optimized with the Yoast SEO plugin v27.4 - https:\/\/yoast.com\/product\/yoast-seo-wordpress\/ -->\n<title>Holzuhr | 39mm | Walnuss - Woed<\/title>\n<meta name=\"description\" content=\"WOED | F\u00fcr all Ihre Accessoires aus Holz! H\u00f6lzerne Uhr. 39 mm, hochwertige Damenuhr.\" \/>\n<meta name=\"robots\" content=\"index, follow, max-snippet:-1, max-image-preview:large, max-video-preview:-1\" \/>\n<link rel=\"canonical\" href=\"https:\/\/woedonline.nl\/de\/shop\/uhren-aus-holz\/volles-holz\/holz-uhr-39mm-walnuss\/\" \/>\n<meta property=\"og:locale\" content=\"de_DE\" \/>\n<meta property=\"og:type\" content=\"article\" \/>\n<meta property=\"og:title\" content=\"Holzuhr | 39mm | Walnuss - Woed\" \/>\n<meta property=\"og:description\" content=\"WOED | F\u00fcr all Ihre Accessoires aus Holz! H\u00f6lzerne Uhr. 39 mm, hochwertige Damenuhr.\" \/>\n<meta property=\"og:url\" content=\"https:\/\/woedonline.nl\/de\/shop\/uhren-aus-holz\/volles-holz\/holz-uhr-39mm-walnuss\/\" \/>\n<meta property=\"og:site_name\" content=\"Woed\" \/>\n<meta property=\"article:publisher\" content=\"https:\/\/www.facebook.com\/Woedshop\/\" \/>\n<meta property=\"article:modified_time\" content=\"2025-10-22T08:45:51+00:00\" \/>\n<meta property=\"og:image\" content=\"https:\/\/woedonline.nl\/wp-content\/uploads\/2020\/11\/Walnut-1.jpg\" \/>\n\t<meta property=\"og:image:width\" content=\"800\" \/>\n\t<meta property=\"og:image:height\" content=\"800\" \/>\n\t<meta property=\"og:image:type\" content=\"image\/jpeg\" \/>\n<meta name=\"twitter:card\" content=\"summary_large_image\" \/>\n<meta name=\"twitter:label1\" content=\"Gesch\u00e4tzte Lesezeit\" \/>\n\t<meta name=\"twitter:data1\" content=\"2\u00a0Minuten\" \/>\n<script type=\"application\/ld+json\" class=\"yoast-schema-graph\">{\"@context\":\"https:\\\/\\\/schema.org\",\"@graph\":[{\"@type\":\"WebPage\",\"@id\":\"https:\\\/\\\/woedonline.nl\\\/de\\\/shop\\\/uhren-aus-holz\\\/volles-holz\\\/holz-uhr-39mm-walnuss\\\/\",\"url\":\"https:\\\/\\\/woedonline.nl\\\/de\\\/shop\\\/uhren-aus-holz\\\/volles-holz\\\/holz-uhr-39mm-walnuss\\\/\",\"name\":\"Holzuhr | 39mm | Walnuss - Woed\",\"isPartOf\":{\"@id\":\"https:\\\/\\\/woedonline.nl\\\/de\\\/#website\"},\"primaryImageOfPage\":{\"@id\":\"https:\\\/\\\/woedonline.nl\\\/de\\\/shop\\\/uhren-aus-holz\\\/volles-holz\\\/holz-uhr-39mm-walnuss\\\/#primaryimage\"},\"image\":{\"@id\":\"https:\\\/\\\/woedonline.nl\\\/de\\\/shop\\\/uhren-aus-holz\\\/volles-holz\\\/holz-uhr-39mm-walnuss\\\/#primaryimage\"},\"thumbnailUrl\":\"https:\\\/\\\/woedonline.nl\\\/wp-content\\\/uploads\\\/2020\\\/11\\\/Walnut-1.jpg\",\"datePublished\":\"2020-11-04T12:00:17+00:00\",\"dateModified\":\"2025-10-22T08:45:51+00:00\",\"description\":\"WOED | F\u00fcr all Ihre Accessoires aus Holz! H\u00f6lzerne Uhr. 39 mm, hochwertige Damenuhr.\",\"breadcrumb\":{\"@id\":\"https:\\\/\\\/woedonline.nl\\\/de\\\/shop\\\/uhren-aus-holz\\\/volles-holz\\\/holz-uhr-39mm-walnuss\\\/#breadcrumb\"},\"inLanguage\":\"de\",\"potentialAction\":[{\"@type\":\"ReadAction\",\"target\":[\"https:\\\/\\\/woedonline.nl\\\/de\\\/shop\\\/uhren-aus-holz\\\/volles-holz\\\/holz-uhr-39mm-walnuss\\\/\"]}]},{\"@type\":\"ImageObject\",\"inLanguage\":\"de\",\"@id\":\"https:\\\/\\\/woedonline.nl\\\/de\\\/shop\\\/uhren-aus-holz\\\/volles-holz\\\/holz-uhr-39mm-walnuss\\\/#primaryimage\",\"url\":\"https:\\\/\\\/woedonline.nl\\\/wp-content\\\/uploads\\\/2020\\\/11\\\/Walnut-1.jpg\",\"contentUrl\":\"https:\\\/\\\/woedonline.nl\\\/wp-content\\\/uploads\\\/2020\\\/11\\\/Walnut-1.jpg\",\"width\":800,\"height\":800},{\"@type\":\"BreadcrumbList\",\"@id\":\"https:\\\/\\\/woedonline.nl\\\/de\\\/shop\\\/uhren-aus-holz\\\/volles-holz\\\/holz-uhr-39mm-walnuss\\\/#breadcrumb\",\"itemListElement\":[{\"@type\":\"ListItem\",\"position\":1,\"name\":\"Startseite\",\"item\":\"https:\\\/\\\/woedonline.nl\\\/de\\\/\"},{\"@type\":\"ListItem\",\"position\":2,\"name\":\"Shop\",\"item\":\"https:\\\/\\\/woedonline.nl\\\/de\\\/shop\\\/\"},{\"@type\":\"ListItem\",\"position\":3,\"name\":\"Holzuhr | 39mm | Walnuss\"}]},{\"@type\":\"WebSite\",\"@id\":\"https:\\\/\\\/woedonline.nl\\\/de\\\/#website\",\"url\":\"https:\\\/\\\/woedonline.nl\\\/de\\\/\",\"name\":\"Woed\",\"description\":\"Geen boomknuffels, wel een houten feestje voor jou\",\"publisher\":{\"@id\":\"https:\\\/\\\/woedonline.nl\\\/de\\\/#organization\"},\"alternateName\":\"W\",\"potentialAction\":[{\"@type\":\"SearchAction\",\"target\":{\"@type\":\"EntryPoint\",\"urlTemplate\":\"https:\\\/\\\/woedonline.nl\\\/de\\\/?s={search_term_string}\"},\"query-input\":{\"@type\":\"PropertyValueSpecification\",\"valueRequired\":true,\"valueName\":\"search_term_string\"}}],\"inLanguage\":\"de\"},{\"@type\":\"Organization\",\"@id\":\"https:\\\/\\\/woedonline.nl\\\/de\\\/#organization\",\"name\":\"Woed\",\"alternateName\":\"W\",\"url\":\"https:\\\/\\\/woedonline.nl\\\/de\\\/\",\"logo\":{\"@type\":\"ImageObject\",\"inLanguage\":\"de\",\"@id\":\"https:\\\/\\\/woedonline.nl\\\/de\\\/#\\\/schema\\\/logo\\\/image\\\/\",\"url\":\"https:\\\/\\\/woedonline.nl\\\/wp-content\\\/uploads\\\/2016\\\/05\\\/Wood-logo-name-png.png\",\"contentUrl\":\"https:\\\/\\\/woedonline.nl\\\/wp-content\\\/uploads\\\/2016\\\/05\\\/Wood-logo-name-png.png\",\"width\":250,\"height\":89,\"caption\":\"Woed\"},\"image\":{\"@id\":\"https:\\\/\\\/woedonline.nl\\\/de\\\/#\\\/schema\\\/logo\\\/image\\\/\"},\"sameAs\":[\"https:\\\/\\\/www.facebook.com\\\/Woedshop\\\/\",\"https:\\\/\\\/www.instagram.com\\\/woed.eu\"]}]}<\/script>\n<!-- \/ Yoast SEO plugin. -->","yoast_head_json":{"title":"Holzuhr | 39mm | Walnuss - Woed","description":"WOED | F\u00fcr all Ihre Accessoires aus Holz! H\u00f6lzerne Uhr. 39 mm, hochwertige Damenuhr.","robots":{"index":"index","follow":"follow","max-snippet":"max-snippet:-1","max-image-preview":"max-image-preview:large","max-video-preview":"max-video-preview:-1"},"canonical":"https:\/\/woedonline.nl\/de\/shop\/uhren-aus-holz\/volles-holz\/holz-uhr-39mm-walnuss\/","og_locale":"de_DE","og_type":"article","og_title":"Holzuhr | 39mm | Walnuss - Woed","og_description":"WOED | F\u00fcr all Ihre Accessoires aus Holz! H\u00f6lzerne Uhr. 39 mm, hochwertige Damenuhr.","og_url":"https:\/\/woedonline.nl\/de\/shop\/uhren-aus-holz\/volles-holz\/holz-uhr-39mm-walnuss\/","og_site_name":"Woed","article_publisher":"https:\/\/www.facebook.com\/Woedshop\/","article_modified_time":"2025-10-22T08:45:51+00:00","og_image":[{"width":800,"height":800,"url":"https:\/\/woedonline.nl\/wp-content\/uploads\/2020\/11\/Walnut-1.jpg","type":"image\/jpeg"}],"twitter_card":"summary_large_image","twitter_misc":{"Gesch\u00e4tzte Lesezeit":"2\u00a0Minuten"},"schema":{"@context":"https:\/\/schema.org","@graph":[{"@type":"WebPage","@id":"https:\/\/woedonline.nl\/de\/shop\/uhren-aus-holz\/volles-holz\/holz-uhr-39mm-walnuss\/","url":"https:\/\/woedonline.nl\/de\/shop\/uhren-aus-holz\/volles-holz\/holz-uhr-39mm-walnuss\/","name":"Holzuhr | 39mm | Walnuss - Woed","isPartOf":{"@id":"https:\/\/woedonline.nl\/de\/#website"},"primaryImageOfPage":{"@id":"https:\/\/woedonline.nl\/de\/shop\/uhren-aus-holz\/volles-holz\/holz-uhr-39mm-walnuss\/#primaryimage"},"image":{"@id":"https:\/\/woedonline.nl\/de\/shop\/uhren-aus-holz\/volles-holz\/holz-uhr-39mm-walnuss\/#primaryimage"},"thumbnailUrl":"https:\/\/woedonline.nl\/wp-content\/uploads\/2020\/11\/Walnut-1.jpg","datePublished":"2020-11-04T12:00:17+00:00","dateModified":"2025-10-22T08:45:51+00:00","description":"WOED | F\u00fcr all Ihre Accessoires aus Holz! H\u00f6lzerne Uhr. 39 mm, hochwertige Damenuhr.","breadcrumb":{"@id":"https:\/\/woedonline.nl\/de\/shop\/uhren-aus-holz\/volles-holz\/holz-uhr-39mm-walnuss\/#breadcrumb"},"inLanguage":"de","potentialAction":[{"@type":"ReadAction","target":["https:\/\/woedonline.nl\/de\/shop\/uhren-aus-holz\/volles-holz\/holz-uhr-39mm-walnuss\/"]}]},{"@type":"ImageObject","inLanguage":"de","@id":"https:\/\/woedonline.nl\/de\/shop\/uhren-aus-holz\/volles-holz\/holz-uhr-39mm-walnuss\/#primaryimage","url":"https:\/\/woedonline.nl\/wp-content\/uploads\/2020\/11\/Walnut-1.jpg","contentUrl":"https:\/\/woedonline.nl\/wp-content\/uploads\/2020\/11\/Walnut-1.jpg","width":800,"height":800},{"@type":"BreadcrumbList","@id":"https:\/\/woedonline.nl\/de\/shop\/uhren-aus-holz\/volles-holz\/holz-uhr-39mm-walnuss\/#breadcrumb","itemListElement":[{"@type":"ListItem","position":1,"name":"Startseite","item":"https:\/\/woedonline.nl\/de\/"},{"@type":"ListItem","position":2,"name":"Shop","item":"https:\/\/woedonline.nl\/de\/shop\/"},{"@type":"ListItem","position":3,"name":"Holzuhr | 39mm | Walnuss"}]},{"@type":"WebSite","@id":"https:\/\/woedonline.nl\/de\/#website","url":"https:\/\/woedonline.nl\/de\/","name":"Woed","description":"Geen boomknuffels, wel een houten feestje voor jou","publisher":{"@id":"https:\/\/woedonline.nl\/de\/#organization"},"alternateName":"W","potentialAction":[{"@type":"SearchAction","target":{"@type":"EntryPoint","urlTemplate":"https:\/\/woedonline.nl\/de\/?s={search_term_string}"},"query-input":{"@type":"PropertyValueSpecification","valueRequired":true,"valueName":"search_term_string"}}],"inLanguage":"de"},{"@type":"Organization","@id":"https:\/\/woedonline.nl\/de\/#organization","name":"Woed","alternateName":"W","url":"https:\/\/woedonline.nl\/de\/","logo":{"@type":"ImageObject","inLanguage":"de","@id":"https:\/\/woedonline.nl\/de\/#\/schema\/logo\/image\/","url":"https:\/\/woedonline.nl\/wp-content\/uploads\/2016\/05\/Wood-logo-name-png.png","contentUrl":"https:\/\/woedonline.nl\/wp-content\/uploads\/2016\/05\/Wood-logo-name-png.png","width":250,"height":89,"caption":"Woed"},"image":{"@id":"https:\/\/woedonline.nl\/de\/#\/schema\/logo\/image\/"},"sameAs":["https:\/\/www.facebook.com\/Woedshop\/","https:\/\/www.instagram.com\/woed.eu"]}]}},"_links":{"self":[{"href":"https:\/\/woedonline.nl\/de\/wp-json\/wp\/v2\/product\/323962","targetHints":{"allow":["GET"]}}],"collection":[{"href":"https:\/\/woedonline.nl\/de\/wp-json\/wp\/v2\/product"}],"about":[{"href":"https:\/\/woedonline.nl\/de\/wp-json\/wp\/v2\/types\/product"}],"replies":[{"embeddable":true,"href":"https:\/\/woedonline.nl\/de\/wp-json\/wp\/v2\/comments?post=323962"}],"wp:featuredmedia":[{"embeddable":true,"href":"https:\/\/woedonline.nl\/de\/wp-json\/wp\/v2\/media\/319064"}],"wp:attachment":[{"href":"https:\/\/woedonline.nl\/de\/wp-json\/wp\/v2\/media?parent=323962"}],"wp:term":[{"taxonomy":"product_brand","embeddable":true,"href":"https:\/\/woedonline.nl\/de\/wp-json\/wp\/v2\/product_brand?post=323962"},{"taxonomy":"product_cat","embeddable":true,"href":"https:\/\/woedonline.nl\/de\/wp-json\/wp\/v2\/product_cat?post=323962"},{"taxonomy":"product_tag","embeddable":true,"href":"https:\/\/woedonline.nl\/de\/wp-json\/wp\/v2\/product_tag?post=323962"}],"curies":[{"name":"wp","href":"https:\/\/api.w.org\/{rel}","templated":true}]}}