{"id":323118,"date":"2020-01-07T22:00:22","date_gmt":"2020-01-07T20:00:22","guid":{"rendered":"https:\/\/woedonline.nl\/garantiepolitik\/"},"modified":"2020-01-07T22:00:22","modified_gmt":"2020-01-07T20:00:22","slug":"garantiepolitik","status":"publish","type":"page","link":"https:\/\/woedonline.nl\/de\/garantiepolitik\/","title":{"rendered":"Garantiepolitik"},"content":{"rendered":"","protected":false},"excerpt":{"rendered":"","protected":false},"author":1,"featured_media":0,"parent":0,"menu_order":0,"comment_status":"closed","ping_status":"closed","template":"","meta":{"footnotes":""},"class_list":["post-323118","page","type-page","status-publish","hentry"],"yoast_head":"<!-- This site is optimized with the Yoast SEO plugin v27.4 - https:\/\/yoast.com\/product\/yoast-seo-wordpress\/ -->\n<title>Woed- Woed<\/title>\n<meta name=\"description\" content=\"Entdecken Sie die Magie des Holzes bei WOED - dem niederl\u00e4ndischen Webshop f\u00fcr einzigartige, handgefertigte Produkte. Bei uns geht es nicht um lange &quot;\u00dcber uns&quot;-Geschichten, sondern um hochwertige, liebevoll gefertigte Holzkreationen, die direkt zu Ihnen nach Hause geliefert werden. 100% nat\u00fcrlich, 100% Spa\u00df. Ob auf dem Festival oder zu Hause, unsere schwungvollen Holzprodukte machen Sie zum Chef auf der Tanzfl\u00e4che. Bestellen Sie jetzt und erleben Sie den einzigartigen WOED-Stil: What you see, is what you get. Keine Baumumarmer, sondern pure Liebe zum Holz!\" \/>\n<meta name=\"robots\" content=\"index, follow, max-snippet:-1, max-image-preview:large, max-video-preview:-1\" \/>\n<link rel=\"canonical\" href=\"https:\/\/woedonline.nl\/de\/garantiepolitik\/\" \/>\n<meta property=\"og:locale\" content=\"de_DE\" \/>\n<meta property=\"og:type\" content=\"article\" \/>\n<meta property=\"og:title\" content=\"Woed- Woed\" \/>\n<meta property=\"og:description\" content=\"Entdecken Sie die Magie des Holzes bei WOED - dem niederl\u00e4ndischen Webshop f\u00fcr einzigartige, handgefertigte Produkte. Bei uns geht es nicht um lange &quot;\u00dcber uns&quot;-Geschichten, sondern um hochwertige, liebevoll gefertigte Holzkreationen, die direkt zu Ihnen nach Hause geliefert werden. 100% nat\u00fcrlich, 100% Spa\u00df. Ob auf dem Festival oder zu Hause, unsere schwungvollen Holzprodukte machen Sie zum Chef auf der Tanzfl\u00e4che. Bestellen Sie jetzt und erleben Sie den einzigartigen WOED-Stil: What you see, is what you get. Keine Baumumarmer, sondern pure Liebe zum Holz!\" \/>\n<meta property=\"og:url\" content=\"https:\/\/woedonline.nl\/de\/garantiepolitik\/\" \/>\n<meta property=\"og:site_name\" content=\"Woed\" \/>\n<meta property=\"article:publisher\" content=\"https:\/\/www.facebook.com\/Woedshop\/\" \/>\n<meta property=\"og:image\" content=\"https:\/\/woedonline.nl\/wp-content\/uploads\/2023\/10\/BDM00617-jpg.webp\" \/>\n\t<meta property=\"og:image:width\" content=\"1080\" \/>\n\t<meta property=\"og:image:height\" content=\"720\" \/>\n\t<meta property=\"og:image:type\" content=\"image\/jpeg\" \/>\n<meta name=\"twitter:card\" content=\"summary_large_image\" \/>\n<script type=\"application\/ld+json\" class=\"yoast-schema-graph\">{\"@context\":\"https:\\\/\\\/schema.org\",\"@graph\":[{\"@type\":\"WebPage\",\"@id\":\"https:\\\/\\\/woedonline.nl\\\/de\\\/garantiepolitik\\\/\",\"url\":\"https:\\\/\\\/woedonline.nl\\\/de\\\/garantiepolitik\\\/\",\"name\":\"Woed- Woed\",\"isPartOf\":{\"@id\":\"https:\\\/\\\/woedonline.nl\\\/de\\\/#website\"},\"datePublished\":\"2020-01-07T20:00:22+00:00\",\"description\":\"Entdecken Sie die Magie des Holzes bei WOED - dem niederl\u00e4ndischen Webshop f\u00fcr einzigartige, handgefertigte Produkte. Bei uns geht es nicht um lange \\\"\u00dcber uns\\\"-Geschichten, sondern um hochwertige, liebevoll gefertigte Holzkreationen, die direkt zu Ihnen nach Hause geliefert werden. 100% nat\u00fcrlich, 100% Spa\u00df. Ob auf dem Festival oder zu Hause, unsere schwungvollen Holzprodukte machen Sie zum Chef auf der Tanzfl\u00e4che. Bestellen Sie jetzt und erleben Sie den einzigartigen WOED-Stil: What you see, is what you get. Keine Baumumarmer, sondern pure Liebe zum Holz!\",\"breadcrumb\":{\"@id\":\"https:\\\/\\\/woedonline.nl\\\/de\\\/garantiepolitik\\\/#breadcrumb\"},\"inLanguage\":\"de\",\"potentialAction\":[{\"@type\":\"ReadAction\",\"target\":[\"https:\\\/\\\/woedonline.nl\\\/de\\\/garantiepolitik\\\/\"]}]},{\"@type\":\"BreadcrumbList\",\"@id\":\"https:\\\/\\\/woedonline.nl\\\/de\\\/garantiepolitik\\\/#breadcrumb\",\"itemListElement\":[{\"@type\":\"ListItem\",\"position\":1,\"name\":\"Startseite\",\"item\":\"https:\\\/\\\/woedonline.nl\\\/de\\\/\"},{\"@type\":\"ListItem\",\"position\":2,\"name\":\"Garantiepolitik\"}]},{\"@type\":\"WebSite\",\"@id\":\"https:\\\/\\\/woedonline.nl\\\/de\\\/#website\",\"url\":\"https:\\\/\\\/woedonline.nl\\\/de\\\/\",\"name\":\"Woed\",\"description\":\"Geen boomknuffels, wel een houten feestje voor jou\",\"publisher\":{\"@id\":\"https:\\\/\\\/woedonline.nl\\\/de\\\/#organization\"},\"alternateName\":\"W\",\"potentialAction\":[{\"@type\":\"SearchAction\",\"target\":{\"@type\":\"EntryPoint\",\"urlTemplate\":\"https:\\\/\\\/woedonline.nl\\\/de\\\/?s={search_term_string}\"},\"query-input\":{\"@type\":\"PropertyValueSpecification\",\"valueRequired\":true,\"valueName\":\"search_term_string\"}}],\"inLanguage\":\"de\"},{\"@type\":\"Organization\",\"@id\":\"https:\\\/\\\/woedonline.nl\\\/de\\\/#organization\",\"name\":\"Woed\",\"alternateName\":\"W\",\"url\":\"https:\\\/\\\/woedonline.nl\\\/de\\\/\",\"logo\":{\"@type\":\"ImageObject\",\"inLanguage\":\"de\",\"@id\":\"https:\\\/\\\/woedonline.nl\\\/de\\\/#\\\/schema\\\/logo\\\/image\\\/\",\"url\":\"https:\\\/\\\/woedonline.nl\\\/wp-content\\\/uploads\\\/2016\\\/05\\\/Wood-logo-name-png.png\",\"contentUrl\":\"https:\\\/\\\/woedonline.nl\\\/wp-content\\\/uploads\\\/2016\\\/05\\\/Wood-logo-name-png.png\",\"width\":250,\"height\":89,\"caption\":\"Woed\"},\"image\":{\"@id\":\"https:\\\/\\\/woedonline.nl\\\/de\\\/#\\\/schema\\\/logo\\\/image\\\/\"},\"sameAs\":[\"https:\\\/\\\/www.facebook.com\\\/Woedshop\\\/\",\"https:\\\/\\\/www.instagram.com\\\/woed.eu\"]}]}<\/script>\n<!-- \/ Yoast SEO plugin. -->","yoast_head_json":{"title":"Woed- Woed","description":"Entdecken Sie die Magie des Holzes bei WOED - dem niederl\u00e4ndischen Webshop f\u00fcr einzigartige, handgefertigte Produkte. Bei uns geht es nicht um lange \"\u00dcber uns\"-Geschichten, sondern um hochwertige, liebevoll gefertigte Holzkreationen, die direkt zu Ihnen nach Hause geliefert werden. 100% nat\u00fcrlich, 100% Spa\u00df. Ob auf dem Festival oder zu Hause, unsere schwungvollen Holzprodukte machen Sie zum Chef auf der Tanzfl\u00e4che. Bestellen Sie jetzt und erleben Sie den einzigartigen WOED-Stil: What you see, is what you get. Keine Baumumarmer, sondern pure Liebe zum Holz!","robots":{"index":"index","follow":"follow","max-snippet":"max-snippet:-1","max-image-preview":"max-image-preview:large","max-video-preview":"max-video-preview:-1"},"canonical":"https:\/\/woedonline.nl\/de\/garantiepolitik\/","og_locale":"de_DE","og_type":"article","og_title":"Woed- Woed","og_description":"Entdecken Sie die Magie des Holzes bei WOED - dem niederl\u00e4ndischen Webshop f\u00fcr einzigartige, handgefertigte Produkte. Bei uns geht es nicht um lange \"\u00dcber uns\"-Geschichten, sondern um hochwertige, liebevoll gefertigte Holzkreationen, die direkt zu Ihnen nach Hause geliefert werden. 100% nat\u00fcrlich, 100% Spa\u00df. Ob auf dem Festival oder zu Hause, unsere schwungvollen Holzprodukte machen Sie zum Chef auf der Tanzfl\u00e4che. Bestellen Sie jetzt und erleben Sie den einzigartigen WOED-Stil: What you see, is what you get. Keine Baumumarmer, sondern pure Liebe zum Holz!","og_url":"https:\/\/woedonline.nl\/de\/garantiepolitik\/","og_site_name":"Woed","article_publisher":"https:\/\/www.facebook.com\/Woedshop\/","og_image":[{"width":1080,"height":720,"url":"https:\/\/woedonline.nl\/wp-content\/uploads\/2023\/10\/BDM00617-jpg.webp","type":"image\/jpeg"}],"twitter_card":"summary_large_image","schema":{"@context":"https:\/\/schema.org","@graph":[{"@type":"WebPage","@id":"https:\/\/woedonline.nl\/de\/garantiepolitik\/","url":"https:\/\/woedonline.nl\/de\/garantiepolitik\/","name":"Woed- Woed","isPartOf":{"@id":"https:\/\/woedonline.nl\/de\/#website"},"datePublished":"2020-01-07T20:00:22+00:00","description":"Entdecken Sie die Magie des Holzes bei WOED - dem niederl\u00e4ndischen Webshop f\u00fcr einzigartige, handgefertigte Produkte. Bei uns geht es nicht um lange \"\u00dcber uns\"-Geschichten, sondern um hochwertige, liebevoll gefertigte Holzkreationen, die direkt zu Ihnen nach Hause geliefert werden. 100% nat\u00fcrlich, 100% Spa\u00df. Ob auf dem Festival oder zu Hause, unsere schwungvollen Holzprodukte machen Sie zum Chef auf der Tanzfl\u00e4che. Bestellen Sie jetzt und erleben Sie den einzigartigen WOED-Stil: What you see, is what you get. Keine Baumumarmer, sondern pure Liebe zum Holz!","breadcrumb":{"@id":"https:\/\/woedonline.nl\/de\/garantiepolitik\/#breadcrumb"},"inLanguage":"de","potentialAction":[{"@type":"ReadAction","target":["https:\/\/woedonline.nl\/de\/garantiepolitik\/"]}]},{"@type":"BreadcrumbList","@id":"https:\/\/woedonline.nl\/de\/garantiepolitik\/#breadcrumb","itemListElement":[{"@type":"ListItem","position":1,"name":"Startseite","item":"https:\/\/woedonline.nl\/de\/"},{"@type":"ListItem","position":2,"name":"Garantiepolitik"}]},{"@type":"WebSite","@id":"https:\/\/woedonline.nl\/de\/#website","url":"https:\/\/woedonline.nl\/de\/","name":"Woed","description":"Geen boomknuffels, wel een houten feestje voor jou","publisher":{"@id":"https:\/\/woedonline.nl\/de\/#organization"},"alternateName":"W","potentialAction":[{"@type":"SearchAction","target":{"@type":"EntryPoint","urlTemplate":"https:\/\/woedonline.nl\/de\/?s={search_term_string}"},"query-input":{"@type":"PropertyValueSpecification","valueRequired":true,"valueName":"search_term_string"}}],"inLanguage":"de"},{"@type":"Organization","@id":"https:\/\/woedonline.nl\/de\/#organization","name":"Woed","alternateName":"W","url":"https:\/\/woedonline.nl\/de\/","logo":{"@type":"ImageObject","inLanguage":"de","@id":"https:\/\/woedonline.nl\/de\/#\/schema\/logo\/image\/","url":"https:\/\/woedonline.nl\/wp-content\/uploads\/2016\/05\/Wood-logo-name-png.png","contentUrl":"https:\/\/woedonline.nl\/wp-content\/uploads\/2016\/05\/Wood-logo-name-png.png","width":250,"height":89,"caption":"Woed"},"image":{"@id":"https:\/\/woedonline.nl\/de\/#\/schema\/logo\/image\/"},"sameAs":["https:\/\/www.facebook.com\/Woedshop\/","https:\/\/www.instagram.com\/woed.eu"]}]}},"_links":{"self":[{"href":"https:\/\/woedonline.nl\/de\/wp-json\/wp\/v2\/pages\/323118","targetHints":{"allow":["GET"]}}],"collection":[{"href":"https:\/\/woedonline.nl\/de\/wp-json\/wp\/v2\/pages"}],"about":[{"href":"https:\/\/woedonline.nl\/de\/wp-json\/wp\/v2\/types\/page"}],"author":[{"embeddable":true,"href":"https:\/\/woedonline.nl\/de\/wp-json\/wp\/v2\/users\/1"}],"replies":[{"embeddable":true,"href":"https:\/\/woedonline.nl\/de\/wp-json\/wp\/v2\/comments?post=323118"}],"version-history":[{"count":0,"href":"https:\/\/woedonline.nl\/de\/wp-json\/wp\/v2\/pages\/323118\/revisions"}],"wp:attachment":[{"href":"https:\/\/woedonline.nl\/de\/wp-json\/wp\/v2\/media?parent=323118"}],"curies":[{"name":"wp","href":"https:\/\/api.w.org\/{rel}","templated":true}]}}