{"id":323052,"date":"2016-06-27T10:49:59","date_gmt":"2016-06-27T08:49:59","guid":{"rendered":"https:\/\/woedonline.nl\/unternehmenseigener-einkauf\/"},"modified":"2022-11-24T10:36:37","modified_gmt":"2022-11-24T08:36:37","slug":"unternehmenseigener-einkauf","status":"publish","type":"page","link":"https:\/\/woedonline.nl\/de\/unternehmenseigener-einkauf\/","title":{"rendered":"Unternehmenseigener Einkauf"},"content":{"rendered":"\n<p>Sie k\u00f6nnen unsere M\u00fctzen ganz einfach auf der <a href=\"https:\/\/www.ankorstore.com\/\">Ankorstore-Plattform<\/a> kaufen!&nbsp;<br>Werfen Sie einen kurzen Blick auf unsere Seite&nbsp;<\/p>\n<p>&nbsp;<\/p>\n<a href=\"https:\/\/nl.ankorstore.com\/brand\/woed-11385\" class=\"button primary\" >\n\t\t<span>Woed-Kappen bestellen<\/span>\n\t<i class=\"icon-shopping-cart\" aria-hidden=\"true\"><\/i><\/a>\n\n","protected":false},"excerpt":{"rendered":"","protected":false},"author":1,"featured_media":0,"parent":0,"menu_order":0,"comment_status":"closed","ping_status":"closed","template":"page-blank-title-center.php","meta":{"footnotes":""},"class_list":["post-323052","page","type-page","status-publish","hentry"],"yoast_head":"<!-- This site is optimized with the Yoast SEO plugin v27.4 - https:\/\/yoast.com\/product\/yoast-seo-wordpress\/ -->\n<title>Woed | Shopping f\u00fcr Ihr Online- oder Einzelhandelsgesch\u00e4ft?<\/title>\n<meta name=\"description\" content=\"M\u00f6chten Sie unsere Woed-Produkte f\u00fcr Ihr Online- oder Einzelhandelsgesch\u00e4ft kaufen? Bei Woed k\u00f6nnen Sie das auf jeden Fall tun!\" \/>\n<meta name=\"robots\" content=\"index, follow, max-snippet:-1, max-image-preview:large, max-video-preview:-1\" \/>\n<link rel=\"canonical\" href=\"https:\/\/woedonline.nl\/de\/unternehmenseigener-einkauf\/\" \/>\n<meta property=\"og:locale\" content=\"de_DE\" \/>\n<meta property=\"og:type\" content=\"article\" \/>\n<meta property=\"og:title\" content=\"Woed | Shopping f\u00fcr Ihr Online- oder Einzelhandelsgesch\u00e4ft?\" \/>\n<meta property=\"og:description\" content=\"M\u00f6chten Sie unsere Woed-Produkte f\u00fcr Ihr Online- oder Einzelhandelsgesch\u00e4ft kaufen? Bei Woed k\u00f6nnen Sie das auf jeden Fall tun!\" \/>\n<meta property=\"og:url\" content=\"https:\/\/woedonline.nl\/de\/unternehmenseigener-einkauf\/\" \/>\n<meta property=\"og:site_name\" content=\"Woed\" \/>\n<meta property=\"article:publisher\" content=\"https:\/\/www.facebook.com\/Woedshop\/\" \/>\n<meta property=\"article:modified_time\" content=\"2022-11-24T08:36:37+00:00\" \/>\n<meta property=\"og:image\" content=\"https:\/\/woedonline.nl\/wp-content\/uploads\/2023\/10\/BDM00617-jpg.webp\" \/>\n\t<meta property=\"og:image:width\" content=\"1080\" \/>\n\t<meta property=\"og:image:height\" content=\"720\" \/>\n\t<meta property=\"og:image:type\" content=\"image\/jpeg\" \/>\n<meta name=\"twitter:card\" content=\"summary_large_image\" \/>\n<script type=\"application\/ld+json\" class=\"yoast-schema-graph\">{\"@context\":\"https:\\\/\\\/schema.org\",\"@graph\":[{\"@type\":\"WebPage\",\"@id\":\"https:\\\/\\\/woedonline.nl\\\/de\\\/unternehmenseigener-einkauf\\\/\",\"url\":\"https:\\\/\\\/woedonline.nl\\\/de\\\/unternehmenseigener-einkauf\\\/\",\"name\":\"Woed | Shopping f\u00fcr Ihr Online- oder Einzelhandelsgesch\u00e4ft?\",\"isPartOf\":{\"@id\":\"https:\\\/\\\/woedonline.nl\\\/de\\\/#website\"},\"datePublished\":\"2016-06-27T08:49:59+00:00\",\"dateModified\":\"2022-11-24T08:36:37+00:00\",\"description\":\"M\u00f6chten Sie unsere Woed-Produkte f\u00fcr Ihr Online- oder Einzelhandelsgesch\u00e4ft kaufen? Bei Woed k\u00f6nnen Sie das auf jeden Fall tun!\",\"breadcrumb\":{\"@id\":\"https:\\\/\\\/woedonline.nl\\\/de\\\/unternehmenseigener-einkauf\\\/#breadcrumb\"},\"inLanguage\":\"de\",\"potentialAction\":[{\"@type\":\"ReadAction\",\"target\":[\"https:\\\/\\\/woedonline.nl\\\/de\\\/unternehmenseigener-einkauf\\\/\"]}]},{\"@type\":\"BreadcrumbList\",\"@id\":\"https:\\\/\\\/woedonline.nl\\\/de\\\/unternehmenseigener-einkauf\\\/#breadcrumb\",\"itemListElement\":[{\"@type\":\"ListItem\",\"position\":1,\"name\":\"Startseite\",\"item\":\"https:\\\/\\\/woedonline.nl\\\/de\\\/\"},{\"@type\":\"ListItem\",\"position\":2,\"name\":\"Unternehmenseigener Einkauf\"}]},{\"@type\":\"WebSite\",\"@id\":\"https:\\\/\\\/woedonline.nl\\\/de\\\/#website\",\"url\":\"https:\\\/\\\/woedonline.nl\\\/de\\\/\",\"name\":\"Woed\",\"description\":\"Geen boomknuffels, wel een houten feestje voor jou\",\"publisher\":{\"@id\":\"https:\\\/\\\/woedonline.nl\\\/de\\\/#organization\"},\"alternateName\":\"W\",\"potentialAction\":[{\"@type\":\"SearchAction\",\"target\":{\"@type\":\"EntryPoint\",\"urlTemplate\":\"https:\\\/\\\/woedonline.nl\\\/de\\\/?s={search_term_string}\"},\"query-input\":{\"@type\":\"PropertyValueSpecification\",\"valueRequired\":true,\"valueName\":\"search_term_string\"}}],\"inLanguage\":\"de\"},{\"@type\":\"Organization\",\"@id\":\"https:\\\/\\\/woedonline.nl\\\/de\\\/#organization\",\"name\":\"Woed\",\"alternateName\":\"W\",\"url\":\"https:\\\/\\\/woedonline.nl\\\/de\\\/\",\"logo\":{\"@type\":\"ImageObject\",\"inLanguage\":\"de\",\"@id\":\"https:\\\/\\\/woedonline.nl\\\/de\\\/#\\\/schema\\\/logo\\\/image\\\/\",\"url\":\"https:\\\/\\\/woedonline.nl\\\/wp-content\\\/uploads\\\/2016\\\/05\\\/Wood-logo-name-png.png\",\"contentUrl\":\"https:\\\/\\\/woedonline.nl\\\/wp-content\\\/uploads\\\/2016\\\/05\\\/Wood-logo-name-png.png\",\"width\":250,\"height\":89,\"caption\":\"Woed\"},\"image\":{\"@id\":\"https:\\\/\\\/woedonline.nl\\\/de\\\/#\\\/schema\\\/logo\\\/image\\\/\"},\"sameAs\":[\"https:\\\/\\\/www.facebook.com\\\/Woedshop\\\/\",\"https:\\\/\\\/www.instagram.com\\\/woed.eu\"]}]}<\/script>\n<!-- \/ Yoast SEO plugin. -->","yoast_head_json":{"title":"Woed | Shopping f\u00fcr Ihr Online- oder Einzelhandelsgesch\u00e4ft?","description":"M\u00f6chten Sie unsere Woed-Produkte f\u00fcr Ihr Online- oder Einzelhandelsgesch\u00e4ft kaufen? Bei Woed k\u00f6nnen Sie das auf jeden Fall tun!","robots":{"index":"index","follow":"follow","max-snippet":"max-snippet:-1","max-image-preview":"max-image-preview:large","max-video-preview":"max-video-preview:-1"},"canonical":"https:\/\/woedonline.nl\/de\/unternehmenseigener-einkauf\/","og_locale":"de_DE","og_type":"article","og_title":"Woed | Shopping f\u00fcr Ihr Online- oder Einzelhandelsgesch\u00e4ft?","og_description":"M\u00f6chten Sie unsere Woed-Produkte f\u00fcr Ihr Online- oder Einzelhandelsgesch\u00e4ft kaufen? Bei Woed k\u00f6nnen Sie das auf jeden Fall tun!","og_url":"https:\/\/woedonline.nl\/de\/unternehmenseigener-einkauf\/","og_site_name":"Woed","article_publisher":"https:\/\/www.facebook.com\/Woedshop\/","article_modified_time":"2022-11-24T08:36:37+00:00","og_image":[{"width":1080,"height":720,"url":"https:\/\/woedonline.nl\/wp-content\/uploads\/2023\/10\/BDM00617-jpg.webp","type":"image\/jpeg"}],"twitter_card":"summary_large_image","schema":{"@context":"https:\/\/schema.org","@graph":[{"@type":"WebPage","@id":"https:\/\/woedonline.nl\/de\/unternehmenseigener-einkauf\/","url":"https:\/\/woedonline.nl\/de\/unternehmenseigener-einkauf\/","name":"Woed | Shopping f\u00fcr Ihr Online- oder Einzelhandelsgesch\u00e4ft?","isPartOf":{"@id":"https:\/\/woedonline.nl\/de\/#website"},"datePublished":"2016-06-27T08:49:59+00:00","dateModified":"2022-11-24T08:36:37+00:00","description":"M\u00f6chten Sie unsere Woed-Produkte f\u00fcr Ihr Online- oder Einzelhandelsgesch\u00e4ft kaufen? Bei Woed k\u00f6nnen Sie das auf jeden Fall tun!","breadcrumb":{"@id":"https:\/\/woedonline.nl\/de\/unternehmenseigener-einkauf\/#breadcrumb"},"inLanguage":"de","potentialAction":[{"@type":"ReadAction","target":["https:\/\/woedonline.nl\/de\/unternehmenseigener-einkauf\/"]}]},{"@type":"BreadcrumbList","@id":"https:\/\/woedonline.nl\/de\/unternehmenseigener-einkauf\/#breadcrumb","itemListElement":[{"@type":"ListItem","position":1,"name":"Startseite","item":"https:\/\/woedonline.nl\/de\/"},{"@type":"ListItem","position":2,"name":"Unternehmenseigener Einkauf"}]},{"@type":"WebSite","@id":"https:\/\/woedonline.nl\/de\/#website","url":"https:\/\/woedonline.nl\/de\/","name":"Woed","description":"Geen boomknuffels, wel een houten feestje voor jou","publisher":{"@id":"https:\/\/woedonline.nl\/de\/#organization"},"alternateName":"W","potentialAction":[{"@type":"SearchAction","target":{"@type":"EntryPoint","urlTemplate":"https:\/\/woedonline.nl\/de\/?s={search_term_string}"},"query-input":{"@type":"PropertyValueSpecification","valueRequired":true,"valueName":"search_term_string"}}],"inLanguage":"de"},{"@type":"Organization","@id":"https:\/\/woedonline.nl\/de\/#organization","name":"Woed","alternateName":"W","url":"https:\/\/woedonline.nl\/de\/","logo":{"@type":"ImageObject","inLanguage":"de","@id":"https:\/\/woedonline.nl\/de\/#\/schema\/logo\/image\/","url":"https:\/\/woedonline.nl\/wp-content\/uploads\/2016\/05\/Wood-logo-name-png.png","contentUrl":"https:\/\/woedonline.nl\/wp-content\/uploads\/2016\/05\/Wood-logo-name-png.png","width":250,"height":89,"caption":"Woed"},"image":{"@id":"https:\/\/woedonline.nl\/de\/#\/schema\/logo\/image\/"},"sameAs":["https:\/\/www.facebook.com\/Woedshop\/","https:\/\/www.instagram.com\/woed.eu"]}]}},"_links":{"self":[{"href":"https:\/\/woedonline.nl\/de\/wp-json\/wp\/v2\/pages\/323052","targetHints":{"allow":["GET"]}}],"collection":[{"href":"https:\/\/woedonline.nl\/de\/wp-json\/wp\/v2\/pages"}],"about":[{"href":"https:\/\/woedonline.nl\/de\/wp-json\/wp\/v2\/types\/page"}],"author":[{"embeddable":true,"href":"https:\/\/woedonline.nl\/de\/wp-json\/wp\/v2\/users\/1"}],"replies":[{"embeddable":true,"href":"https:\/\/woedonline.nl\/de\/wp-json\/wp\/v2\/comments?post=323052"}],"version-history":[{"count":0,"href":"https:\/\/woedonline.nl\/de\/wp-json\/wp\/v2\/pages\/323052\/revisions"}],"wp:attachment":[{"href":"https:\/\/woedonline.nl\/de\/wp-json\/wp\/v2\/media?parent=323052"}],"curies":[{"name":"wp","href":"https:\/\/api.w.org\/{rel}","templated":true}]}}